{"id":15012,"date":"2021-06-17T10:07:50","date_gmt":"2021-06-17T08:07:50","guid":{"rendered":"https:\/\/www.infoaffreschi.com\/vincenzo-d-alba\/"},"modified":"2021-06-17T11:35:30","modified_gmt":"2021-06-17T09:35:30","slug":"vincenzo-d-alba","status":"publish","type":"page","link":"https:\/\/www.infoaffreschi.com\/de\/vincenzo-d-alba\/","title":{"rendered":"Vincenzo D&#8217;Alba"},"content":{"rendered":"<section class=\"wpb-content-wrapper\">[vc_row][vc_column][vc_empty_space][\/vc_column][\/vc_row][vc_row][vc_column width=&#8220;1\/2&#8243;][vc_single_image image=&#8220;14909&#8243; img_size=&#8220;full&#8220;][\/vc_column][vc_column width=&#8220;1\/2&#8243;][vc_column_text]\n<h1 class=\"qodef-st-title\" style=\"text-align: left;\">Vincenzo D&#8217;Alba<\/h1>\n[\/vc_column_text][vc_separator][vc_column_text]<span style=\"font-size: 95%;\">(Lecce, 1979) Architekt, Designer und Illustrator.<br \/>\n<\/span><span style=\"font-size: 95%;\">Er \u00fcbte seine Lehrt\u00e4tigkeit am Polytechnikum von Bari in den Kursen Geschichte der Architektur und Geschichte der zeitgen\u00f6ssischen Kunst aus. Zusammen mit dem Prof. Francesco Moschini und Ing. Francesco Maggiore kreiert und koordiniert er 2007 das Projekt T.E.S.I. (Tesi Europee Sperimentali Interuniversitarie).<br \/>\n<\/span><span style=\"font-size: 95%;\">Er kollaborierte mit der Illustrierten Domus, der zentralen Institution f\u00fcr die Grafik, mit der nationalen Akademie von San Luca. Sowie mit dem Fonds Francesco Moschini, mit der Stiftung Gianfranco Dioguardi und mit A.A.M. Architettuta Arte Moderna; von letzterer wurde er eingeladen um zur Reihe \u201cDuetti\/ Partite a scacchi sul disegno\u201d beizusteuern. Innerhalb dieser Initiative hat er mit diversen internationalen Pers\u00f6nlichkeiten des k\u00fcnstlerischen und architektonischen Panorama gezeichnet einschlie\u00dflich: A. Anselmi, C. Aymonino, M. Botta, G. Canella, M. Cucinella, A. Femia 5+1AA, D. Fo, M. De Lucchi, R. Moneo, A. Mendini, L. Ontani, A. Oreglia d\u2019Isola, A. Ortiz, P. Portoghesi, F. Prati, F. Purini, T. Scarpa, L. Semerani, B. Servino, A. Siza, E. Sordini. Er gewann die Pr\u00e4mie \u201cJunge Architekten\u201d 2009, einberufen von der nationalen Akademie San Luca. Er pflegt Bildungsseminare, Unterrichtszyklen, Filmrezensionen, Verlagssammlungen und Ausstellungsveranstaltungen. Seine Werke befinden sich in der Reihe der Maxxi, in der nationalen Akademie von San Luca, im zentralen Institut der Grafik, in der A.A.M Architettura Arte Moderna und in verschidenen privaten Kollektionen. Seit 2011 ist er Architekt und Designer der Kiasmo.<br \/>\n<\/span><span style=\"font-size: 95%;\">Er realisiert Zeichnungen und Illustrationen f\u00fcr B\u00fccher, Zeitschriften und Werbeplakate.<\/span><\/p>\n<p><a href=\"https:\/\/www.kiasmo.it\/\"><em>kiasmo.it<\/em><\/a>[\/vc_column_text][\/vc_column][\/vc_row][vc_row][vc_column][vc_column_text]\n<h6 class=\"qodef-st-tagline\">KOLLEKTION<\/h6>\n[\/vc_column_text][vc_column_text]\n<div>\n<div>\n<h2>Season 1<\/h2>\n<\/div>\n<\/div>\n[\/vc_column_text][vc_column_text]\n<h6 class=\"qodef-st-tagline\">PHILOSOPHIE<\/h6>\n[\/vc_column_text][vc_column_text]<span lang=\"DE\">Die Kollektion \u201c<\/span><span lang=\"DE\">Season 1<\/span><span lang=\"DE\">\u201d ist Ergebnis der tiefgehenden kreativen Suche des K\u00fcnstlers und Designers\u00a0<\/span><span lang=\"DE\">Vincenzo D\u2019Alba<\/span>.<\/p>\n<p><span lang=\"DE\">134 Autorenwerke, die, wie Lorenzo Madaro beschreibt,\u00a0<em>\u201c\u00fcber die Zeit hinausgehen, in einem au\u00dfergew\u00f6hnlichen Fluss Antike und Gegenwart\u00a0<\/em><\/span><em><span lang=\"DE\">Archaismus und \u00dcberma\u00df, Leichtigkeit und Dichte des Materials mischen\u201d<\/span><\/em>[\/vc_column_text][\/vc_column][\/vc_row][vc_row][vc_column]<div class=\"woocommerce columns-2 \"><\/div>[\/vc_column][\/vc_row][vc_row][vc_column][vc_btn title=&#8220;Entdecken Sie hier alle Designer&#8220; shape=&#8220;square&#8220; color=&#8220;white&#8220; align=&#8220;center&#8220; link=&#8220;url:https%3A%2F%2Fwww.infoaffreschi.com%2Fde%2Fdesigners%2F||target:%20_blank|&#8220;][\/vc_column][\/vc_row]\n<\/section>","protected":false},"excerpt":{"rendered":"[vc_row][vc_column][vc_empty_space][\/vc_column][\/vc_row][vc_row][vc_column width=&#8220;1\/2&#8243;][vc_single_image image=&#8220;14909&#8243; img_size=&#8220;full&#8220;][\/vc_column][vc_column width=&#8220;1\/2&#8243;][vc_column_text] Vincenzo D&#8217;Alba [\/vc_column_text][vc_separator][vc_column_text](Lecce, 1979) Architekt, Designer und Illustrator. Er \u00fcbte seine Lehrt\u00e4tigkeit am Polytechnikum von Bari in den Kursen Geschichte der Architektur und Geschichte der zeitgen\u00f6ssischen Kunst aus. Zusammen mit dem Prof. Francesco Moschini und Ing. Francesco Maggiore kreiert und koordiniert er 2007 das Projekt T.E.S.I. (Tesi Europee Sperimentali Interuniversitarie). [&#8230;]\n","protected":false},"author":2,"featured_media":0,"parent":0,"menu_order":0,"comment_status":"closed","ping_status":"closed","template":"","meta":{"_mi_skip_tracking":false,"_monsterinsights_sitenote_active":false,"_monsterinsights_sitenote_note":"","_monsterinsights_sitenote_category":0,"footnotes":""},"yoast_head":"<!-- This site is optimized with the Yoast SEO plugin v21.0 - https:\/\/yoast.com\/wordpress\/plugins\/seo\/ -->\n<title>Vincenzo D&#039;Alba - Affreschi &amp; Affreschi<\/title>\n<meta name=\"description\" content=\"Die Kollektion \u201cSeason 1\u201d ist Ergebnis der tiefgehenden kreativen Suche des K\u00fcnstlers und Designers\u00a0Vincenzo D\u2019Alba.\" \/>\n<meta name=\"robots\" content=\"index, follow, max-snippet:-1, max-image-preview:large, max-video-preview:-1\" \/>\n<link rel=\"canonical\" href=\"https:\/\/www.infoaffreschi.com\/de\/vincenzo-d-alba\/\" \/>\n<meta property=\"og:locale\" content=\"de_DE\" \/>\n<meta property=\"og:type\" content=\"article\" \/>\n<meta property=\"og:title\" content=\"Vincenzo D&#039;Alba - Affreschi &amp; Affreschi\" \/>\n<meta property=\"og:description\" content=\"Die Kollektion \u201cSeason 1\u201d ist Ergebnis der tiefgehenden kreativen Suche des K\u00fcnstlers und Designers\u00a0Vincenzo D\u2019Alba.\" \/>\n<meta property=\"og:url\" content=\"https:\/\/www.infoaffreschi.com\/de\/vincenzo-d-alba\/\" \/>\n<meta property=\"og:site_name\" content=\"Affreschi &amp; Affreschi\" \/>\n<meta property=\"article:publisher\" content=\"https:\/\/www.facebook.com\/affreschi\" \/>\n<meta property=\"article:modified_time\" content=\"2021-06-17T09:35:30+00:00\" \/>\n<meta name=\"twitter:card\" content=\"summary_large_image\" \/>\n<meta name=\"twitter:label1\" content=\"Gesch\u00e4tzte Lesezeit\" \/>\n\t<meta name=\"twitter:data1\" content=\"2 Minuten\" \/>\n<script type=\"application\/ld+json\" class=\"yoast-schema-graph\">{\"@context\":\"https:\/\/schema.org\",\"@graph\":[{\"@type\":\"WebPage\",\"@id\":\"https:\/\/www.infoaffreschi.com\/de\/vincenzo-d-alba\/\",\"url\":\"https:\/\/www.infoaffreschi.com\/de\/vincenzo-d-alba\/\",\"name\":\"Vincenzo D'Alba - Affreschi &amp; Affreschi\",\"isPartOf\":{\"@id\":\"https:\/\/www.infoaffreschi.com\/#website\"},\"datePublished\":\"2021-06-17T08:07:50+00:00\",\"dateModified\":\"2021-06-17T09:35:30+00:00\",\"description\":\"Die Kollektion \u201cSeason 1\u201d ist Ergebnis der tiefgehenden kreativen Suche des K\u00fcnstlers und Designers\u00a0Vincenzo D\u2019Alba.\",\"breadcrumb\":{\"@id\":\"https:\/\/www.infoaffreschi.com\/de\/vincenzo-d-alba\/#breadcrumb\"},\"inLanguage\":\"de-DE\",\"potentialAction\":[{\"@type\":\"ReadAction\",\"target\":[\"https:\/\/www.infoaffreschi.com\/de\/vincenzo-d-alba\/\"]}]},{\"@type\":\"BreadcrumbList\",\"@id\":\"https:\/\/www.infoaffreschi.com\/de\/vincenzo-d-alba\/#breadcrumb\",\"itemListElement\":[{\"@type\":\"ListItem\",\"position\":1,\"name\":\"Home\",\"item\":\"https:\/\/www.infoaffreschi.com\/de\/\"},{\"@type\":\"ListItem\",\"position\":2,\"name\":\"Vincenzo D&#8217;Alba\"}]},{\"@type\":\"WebSite\",\"@id\":\"https:\/\/www.infoaffreschi.com\/#website\",\"url\":\"https:\/\/www.infoaffreschi.com\/\",\"name\":\"Affreschi &amp; Affreschi\",\"description\":\"I parati artigianali materici\",\"publisher\":{\"@id\":\"https:\/\/www.infoaffreschi.com\/#organization\"},\"potentialAction\":[{\"@type\":\"SearchAction\",\"target\":{\"@type\":\"EntryPoint\",\"urlTemplate\":\"https:\/\/www.infoaffreschi.com\/?s={search_term_string}\"},\"query-input\":\"required name=search_term_string\"}],\"inLanguage\":\"de-DE\"},{\"@type\":\"Organization\",\"@id\":\"https:\/\/www.infoaffreschi.com\/#organization\",\"name\":\"Affreschi & Affreschi\",\"url\":\"https:\/\/www.infoaffreschi.com\/\",\"logo\":{\"@type\":\"ImageObject\",\"inLanguage\":\"de-DE\",\"@id\":\"https:\/\/www.infoaffreschi.com\/#\/schema\/logo\/image\/\",\"url\":\"https:\/\/www.infoaffreschi.com\/wp-content\/uploads\/2019\/09\/LOGO-AFFRESCHI-nuovo.jpg\",\"contentUrl\":\"https:\/\/www.infoaffreschi.com\/wp-content\/uploads\/2019\/09\/LOGO-AFFRESCHI-nuovo.jpg\",\"width\":2000,\"height\":766,\"caption\":\"Affreschi & Affreschi\"},\"image\":{\"@id\":\"https:\/\/www.infoaffreschi.com\/#\/schema\/logo\/image\/\"},\"sameAs\":[\"https:\/\/www.facebook.com\/affreschi\",\"https:\/\/www.instagram.com\/affreschi_e_affreschi\/\",\"https:\/\/www.linkedin.com\/company\/affreschi-&amp;amp;-affreschi?trk=tyah&amp;amp;trkInfo=clickedVertical:company,clickedEntityId:3775726,idx:2-1-2,tarId:1487845305360,tas:affr\",\"https:\/\/www.pinterest.it\/italianfrescoes\/\",\"https:\/\/www.youtube.com\/channel\/UCkM3JCe7yfgUVdFUlbk5VtQ\"]}]}<\/script>\n<!-- \/ Yoast SEO plugin. -->","yoast_head_json":{"title":"Vincenzo D'Alba - Affreschi &amp; Affreschi","description":"Die Kollektion \u201cSeason 1\u201d ist Ergebnis der tiefgehenden kreativen Suche des K\u00fcnstlers und Designers\u00a0Vincenzo D\u2019Alba.","robots":{"index":"index","follow":"follow","max-snippet":"max-snippet:-1","max-image-preview":"max-image-preview:large","max-video-preview":"max-video-preview:-1"},"canonical":"https:\/\/www.infoaffreschi.com\/de\/vincenzo-d-alba\/","og_locale":"de_DE","og_type":"article","og_title":"Vincenzo D'Alba - Affreschi &amp; Affreschi","og_description":"Die Kollektion \u201cSeason 1\u201d ist Ergebnis der tiefgehenden kreativen Suche des K\u00fcnstlers und Designers\u00a0Vincenzo D\u2019Alba.","og_url":"https:\/\/www.infoaffreschi.com\/de\/vincenzo-d-alba\/","og_site_name":"Affreschi &amp; Affreschi","article_publisher":"https:\/\/www.facebook.com\/affreschi","article_modified_time":"2021-06-17T09:35:30+00:00","twitter_card":"summary_large_image","twitter_misc":{"Gesch\u00e4tzte Lesezeit":"2 Minuten"},"schema":{"@context":"https:\/\/schema.org","@graph":[{"@type":"WebPage","@id":"https:\/\/www.infoaffreschi.com\/de\/vincenzo-d-alba\/","url":"https:\/\/www.infoaffreschi.com\/de\/vincenzo-d-alba\/","name":"Vincenzo D'Alba - Affreschi &amp; Affreschi","isPartOf":{"@id":"https:\/\/www.infoaffreschi.com\/#website"},"datePublished":"2021-06-17T08:07:50+00:00","dateModified":"2021-06-17T09:35:30+00:00","description":"Die Kollektion \u201cSeason 1\u201d ist Ergebnis der tiefgehenden kreativen Suche des K\u00fcnstlers und Designers\u00a0Vincenzo D\u2019Alba.","breadcrumb":{"@id":"https:\/\/www.infoaffreschi.com\/de\/vincenzo-d-alba\/#breadcrumb"},"inLanguage":"de-DE","potentialAction":[{"@type":"ReadAction","target":["https:\/\/www.infoaffreschi.com\/de\/vincenzo-d-alba\/"]}]},{"@type":"BreadcrumbList","@id":"https:\/\/www.infoaffreschi.com\/de\/vincenzo-d-alba\/#breadcrumb","itemListElement":[{"@type":"ListItem","position":1,"name":"Home","item":"https:\/\/www.infoaffreschi.com\/de\/"},{"@type":"ListItem","position":2,"name":"Vincenzo D&#8217;Alba"}]},{"@type":"WebSite","@id":"https:\/\/www.infoaffreschi.com\/#website","url":"https:\/\/www.infoaffreschi.com\/","name":"Affreschi &amp; Affreschi","description":"I parati artigianali materici","publisher":{"@id":"https:\/\/www.infoaffreschi.com\/#organization"},"potentialAction":[{"@type":"SearchAction","target":{"@type":"EntryPoint","urlTemplate":"https:\/\/www.infoaffreschi.com\/?s={search_term_string}"},"query-input":"required name=search_term_string"}],"inLanguage":"de-DE"},{"@type":"Organization","@id":"https:\/\/www.infoaffreschi.com\/#organization","name":"Affreschi & Affreschi","url":"https:\/\/www.infoaffreschi.com\/","logo":{"@type":"ImageObject","inLanguage":"de-DE","@id":"https:\/\/www.infoaffreschi.com\/#\/schema\/logo\/image\/","url":"https:\/\/www.infoaffreschi.com\/wp-content\/uploads\/2019\/09\/LOGO-AFFRESCHI-nuovo.jpg","contentUrl":"https:\/\/www.infoaffreschi.com\/wp-content\/uploads\/2019\/09\/LOGO-AFFRESCHI-nuovo.jpg","width":2000,"height":766,"caption":"Affreschi & Affreschi"},"image":{"@id":"https:\/\/www.infoaffreschi.com\/#\/schema\/logo\/image\/"},"sameAs":["https:\/\/www.facebook.com\/affreschi","https:\/\/www.instagram.com\/affreschi_e_affreschi\/","https:\/\/www.linkedin.com\/company\/affreschi-&amp;amp;-affreschi?trk=tyah&amp;amp;trkInfo=clickedVertical:company,clickedEntityId:3775726,idx:2-1-2,tarId:1487845305360,tas:affr","https:\/\/www.pinterest.it\/italianfrescoes\/","https:\/\/www.youtube.com\/channel\/UCkM3JCe7yfgUVdFUlbk5VtQ"]}]}},"_links":{"self":[{"href":"https:\/\/www.infoaffreschi.com\/de\/wp-json\/wp\/v2\/pages\/15012"}],"collection":[{"href":"https:\/\/www.infoaffreschi.com\/de\/wp-json\/wp\/v2\/pages"}],"about":[{"href":"https:\/\/www.infoaffreschi.com\/de\/wp-json\/wp\/v2\/types\/page"}],"author":[{"embeddable":true,"href":"https:\/\/www.infoaffreschi.com\/de\/wp-json\/wp\/v2\/users\/2"}],"replies":[{"embeddable":true,"href":"https:\/\/www.infoaffreschi.com\/de\/wp-json\/wp\/v2\/comments?post=15012"}],"version-history":[{"count":4,"href":"https:\/\/www.infoaffreschi.com\/de\/wp-json\/wp\/v2\/pages\/15012\/revisions"}],"predecessor-version":[{"id":15019,"href":"https:\/\/www.infoaffreschi.com\/de\/wp-json\/wp\/v2\/pages\/15012\/revisions\/15019"}],"wp:attachment":[{"href":"https:\/\/www.infoaffreschi.com\/de\/wp-json\/wp\/v2\/media?parent=15012"}],"curies":[{"name":"wp","href":"https:\/\/api.w.org\/{rel}","templated":true}]}}