{"id":25623,"date":"2022-04-29T09:07:29","date_gmt":"2022-04-29T07:07:29","guid":{"rendered":"https:\/\/www.infoaffreschi.com\/?page_id=25623"},"modified":"2022-05-02T12:16:58","modified_gmt":"2022-05-02T10:16:58","slug":"cristian-gentile","status":"publish","type":"page","link":"https:\/\/www.infoaffreschi.com\/de\/cristian-gentile\/","title":{"rendered":"Cristian Gentile"},"content":{"rendered":"<section class=\"wpb-content-wrapper\">[vc_row][vc_column][vc_empty_space][\/vc_column][\/vc_row][vc_row][vc_column width=&#8220;1\/2&#8243;][vc_single_image image=&#8220;25642&#8243; img_size=&#8220;full&#8220;][\/vc_column][vc_column width=&#8220;1\/2&#8243;][vc_column_text]\n<h1 class=\"qodef-st-title\" style=\"text-align: left;\">Cristian Gentile<\/h1>\n[\/vc_column_text][vc_separator][vc_column_text]\n<p style=\"font-weight: 400;\">Cristian Gentile ergreift den Beruf des Designers in seiner Geburtsstadt Florenz, wo er auch seinen Hochschulabschluss erwirbt und 2016 STUDIO GENTILE gr\u00fcndet. Er arbeitet in verschiedenen Bereichen, die mit Architektur, Innen-Design, Industriedesign, M\u00f6beldesign, Grafik und Rendern verbunden sind.<\/p>\n<p style=\"font-weight: 400;\">Seine Kenntnisse waren immer schon auf das M\u00f6beldesign ausgerichtet, sowohl f\u00fcr einzelne Objekte als auch f\u00fcr Produktlinien. Dabei hat er sich auf die Optimierung f\u00fcr die industrielle Produktion fokussiert und f\u00fchrt verschiedene Einrichtungsprojekte f\u00fcr private R\u00e4ume sowie zahlreiche Ausstellungsr\u00e4ume und Messest\u00e4nde unterschiedlicher Gr\u00f6\u00dfe und f\u00fcr verschiedene Unternehmen durch und an kommerziellen und gastronomischen Aktivit\u00e4ten teilnimmt. Begeistert von der digitalen Bildsynthese-Simulation, spezialisiert er sich auf das fotorealistische Rendering von Innenr\u00e4umen und erstellt Bilder f\u00fcr kommerzielle Fotokataloge.<\/p>\n<p style=\"font-weight: 400;\"><a href=\"http:\/\/www.cristiangentile.it\">cristiangentile.it<\/a><\/p>\n[\/vc_column_text][\/vc_column][\/vc_row][vc_row][vc_column][vc_separator][vc_column_text]\n<h2>Passenger<\/h2>\n[\/vc_column_text][\/vc_column][\/vc_row][vc_row][vc_column]<div class=\"woocommerce columns-2 \"><div class=\"products row row-small large-columns-2 medium-columns-2 small-columns-1 has-equal-box-heights\">\n<div class=\"product-small col has-hover product type-product post-25670 status-publish first instock product_cat-passenger-de product_cat-soft-color-de product_cat-graphic-de has-post-thumbnail taxable shipping-taxable product-type-simple\">\n\t<div class=\"col-inner\">\n\t\n<div class=\"badge-container absolute left top z-1\">\n\n<\/div>\n\t<div class=\"product-small box \">\n\t\t<div class=\"box-image\">\n\t\t\t<div class=\"image-fade_in_back\">\n\t\t\t\t<a href=\"https:\/\/www.infoaffreschi.com\/de\/catalogo\/passenger-45g-cg0101\/\" aria-label=\"PASSENGER | 45G-CG0101\">\n\t\t\t\t\t<img width=\"1500\" height=\"1131\" src=\"https:\/\/www.infoaffreschi.com\/wp-content\/uploads\/2022\/05\/45G-CG0101-AMBIENTE.jpg\" class=\"attachment-woocommerce_thumbnail size-woocommerce_thumbnail\" alt=\"\" decoding=\"async\" loading=\"lazy\" srcset=\"https:\/\/www.infoaffreschi.com\/wp-content\/uploads\/2022\/05\/45G-CG0101-AMBIENTE.jpg 1500w, https:\/\/www.infoaffreschi.com\/wp-content\/uploads\/2022\/05\/45G-CG0101-AMBIENTE-1000x754.jpg 1000w, https:\/\/www.infoaffreschi.com\/wp-content\/uploads\/2022\/05\/45G-CG0101-AMBIENTE-1200x905.jpg 1200w, https:\/\/www.infoaffreschi.com\/wp-content\/uploads\/2022\/05\/45G-CG0101-AMBIENTE-768x579.jpg 768w, https:\/\/www.infoaffreschi.com\/wp-content\/uploads\/2022\/05\/45G-CG0101-AMBIENTE-800x603.jpg 800w\" sizes=\"(max-width: 1500px) 100vw, 1500px\" \/><img width=\"1500\" height=\"900\" src=\"https:\/\/www.infoaffreschi.com\/wp-content\/uploads\/2022\/05\/45G-CG0101.jpg\" class=\"show-on-hover absolute fill hide-for-small back-image\" alt=\"\" decoding=\"async\" loading=\"lazy\" srcset=\"https:\/\/www.infoaffreschi.com\/wp-content\/uploads\/2022\/05\/45G-CG0101.jpg 1500w, https:\/\/www.infoaffreschi.com\/wp-content\/uploads\/2022\/05\/45G-CG0101-1000x600.jpg 1000w, https:\/\/www.infoaffreschi.com\/wp-content\/uploads\/2022\/05\/45G-CG0101-1200x720.jpg 1200w, https:\/\/www.infoaffreschi.com\/wp-content\/uploads\/2022\/05\/45G-CG0101-768x461.jpg 768w, https:\/\/www.infoaffreschi.com\/wp-content\/uploads\/2022\/05\/45G-CG0101-800x480.jpg 800w\" sizes=\"(max-width: 1500px) 100vw, 1500px\" \/>\t\t\t\t<\/a>\n\t\t\t<\/div>\n\t\t\t<div class=\"image-tools is-small top right show-on-hover\">\n\t\t\t\t\t\t\t<\/div>\n\t\t\t<div class=\"image-tools is-small hide-for-small bottom left show-on-hover\">\n\t\t\t\t\t\t\t<\/div>\n\t\t\t<div class=\"image-tools grid-tools text-center hide-for-small bottom hover-slide-in show-on-hover\">\n\t\t\t\t  <a class=\"quick-view\" data-prod=\"25670\" href=\"#quick-view\">Schnellansicht<\/a>\t\t\t<\/div>\n\t\t\t\t\t<\/div>\n\n\t\t<div class=\"box-text box-text-products\">\n\t\t\t<div class=\"title-wrapper\">\t\t<p class=\"category uppercase is-smaller no-text-overflow product-cat op-7\">\n\t\t\tPassenger\t\t<\/p>\n\t<\/div><div class=\"price-wrapper\"><\/div>\t\t<\/div>\n\t<\/div>\n\t\t<\/div>\n<\/div><div class=\"product-small col has-hover product type-product post-25684 status-publish last instock product_cat-passenger-de product_cat-soft-color-de product_cat-graphic-de has-post-thumbnail taxable shipping-taxable product-type-simple\">\n\t<div class=\"col-inner\">\n\t\n<div class=\"badge-container absolute left top z-1\">\n\n<\/div>\n\t<div class=\"product-small box \">\n\t\t<div class=\"box-image\">\n\t\t\t<div class=\"image-fade_in_back\">\n\t\t\t\t<a href=\"https:\/\/www.infoaffreschi.com\/de\/catalogo\/passenger-45g-cg0102\/\" aria-label=\"PASSENGER | 45G-CG0102\">\n\t\t\t\t\t<img width=\"1500\" height=\"1306\" src=\"https:\/\/www.infoaffreschi.com\/wp-content\/uploads\/2022\/05\/45G-CG0102-AMBIENTE.jpg\" class=\"attachment-woocommerce_thumbnail size-woocommerce_thumbnail\" alt=\"\" decoding=\"async\" loading=\"lazy\" srcset=\"https:\/\/www.infoaffreschi.com\/wp-content\/uploads\/2022\/05\/45G-CG0102-AMBIENTE.jpg 1500w, https:\/\/www.infoaffreschi.com\/wp-content\/uploads\/2022\/05\/45G-CG0102-AMBIENTE-1000x871.jpg 1000w, https:\/\/www.infoaffreschi.com\/wp-content\/uploads\/2022\/05\/45G-CG0102-AMBIENTE-1200x1045.jpg 1200w, https:\/\/www.infoaffreschi.com\/wp-content\/uploads\/2022\/05\/45G-CG0102-AMBIENTE-768x669.jpg 768w, https:\/\/www.infoaffreschi.com\/wp-content\/uploads\/2022\/05\/45G-CG0102-AMBIENTE-800x697.jpg 800w\" sizes=\"(max-width: 1500px) 100vw, 1500px\" \/><img width=\"1500\" height=\"900\" src=\"https:\/\/www.infoaffreschi.com\/wp-content\/uploads\/2022\/05\/45G-CG0102.jpg\" class=\"show-on-hover absolute fill hide-for-small back-image\" alt=\"\" decoding=\"async\" loading=\"lazy\" srcset=\"https:\/\/www.infoaffreschi.com\/wp-content\/uploads\/2022\/05\/45G-CG0102.jpg 1500w, https:\/\/www.infoaffreschi.com\/wp-content\/uploads\/2022\/05\/45G-CG0102-1000x600.jpg 1000w, https:\/\/www.infoaffreschi.com\/wp-content\/uploads\/2022\/05\/45G-CG0102-1200x720.jpg 1200w, https:\/\/www.infoaffreschi.com\/wp-content\/uploads\/2022\/05\/45G-CG0102-768x461.jpg 768w, https:\/\/www.infoaffreschi.com\/wp-content\/uploads\/2022\/05\/45G-CG0102-800x480.jpg 800w\" sizes=\"(max-width: 1500px) 100vw, 1500px\" \/>\t\t\t\t<\/a>\n\t\t\t<\/div>\n\t\t\t<div class=\"image-tools is-small top right show-on-hover\">\n\t\t\t\t\t\t\t<\/div>\n\t\t\t<div class=\"image-tools is-small hide-for-small bottom left show-on-hover\">\n\t\t\t\t\t\t\t<\/div>\n\t\t\t<div class=\"image-tools grid-tools text-center hide-for-small bottom hover-slide-in show-on-hover\">\n\t\t\t\t  <a class=\"quick-view\" data-prod=\"25684\" href=\"#quick-view\">Schnellansicht<\/a>\t\t\t<\/div>\n\t\t\t\t\t<\/div>\n\n\t\t<div class=\"box-text box-text-products\">\n\t\t\t<div class=\"title-wrapper\">\t\t<p class=\"category uppercase is-smaller no-text-overflow product-cat op-7\">\n\t\t\tPassenger\t\t<\/p>\n\t<\/div><div class=\"price-wrapper\"><\/div>\t\t<\/div>\n\t<\/div>\n\t\t<\/div>\n<\/div><div class=\"product-small col has-hover product type-product post-25696 status-publish first instock product_cat-passenger-de product_cat-soft-color-de product_cat-graphic-de has-post-thumbnail taxable shipping-taxable product-type-simple\">\n\t<div class=\"col-inner\">\n\t\n<div class=\"badge-container absolute left top z-1\">\n\n<\/div>\n\t<div class=\"product-small box \">\n\t\t<div class=\"box-image\">\n\t\t\t<div class=\"image-fade_in_back\">\n\t\t\t\t<a href=\"https:\/\/www.infoaffreschi.com\/de\/catalogo\/passenger-45g-cg0103\/\" aria-label=\"PASSENGER | 45G-CG0103\">\n\t\t\t\t\t<img width=\"1500\" height=\"1094\" src=\"https:\/\/www.infoaffreschi.com\/wp-content\/uploads\/2022\/05\/45G-CG0103-AMBIENTE.jpg\" class=\"attachment-woocommerce_thumbnail size-woocommerce_thumbnail\" alt=\"\" decoding=\"async\" loading=\"lazy\" srcset=\"https:\/\/www.infoaffreschi.com\/wp-content\/uploads\/2022\/05\/45G-CG0103-AMBIENTE.jpg 1500w, https:\/\/www.infoaffreschi.com\/wp-content\/uploads\/2022\/05\/45G-CG0103-AMBIENTE-1000x729.jpg 1000w, https:\/\/www.infoaffreschi.com\/wp-content\/uploads\/2022\/05\/45G-CG0103-AMBIENTE-1200x875.jpg 1200w, https:\/\/www.infoaffreschi.com\/wp-content\/uploads\/2022\/05\/45G-CG0103-AMBIENTE-768x560.jpg 768w, https:\/\/www.infoaffreschi.com\/wp-content\/uploads\/2022\/05\/45G-CG0103-AMBIENTE-800x583.jpg 800w\" sizes=\"(max-width: 1500px) 100vw, 1500px\" \/><img width=\"1500\" height=\"900\" src=\"https:\/\/www.infoaffreschi.com\/wp-content\/uploads\/2022\/05\/45G-CG0103.jpg\" class=\"show-on-hover absolute fill hide-for-small back-image\" alt=\"\" decoding=\"async\" loading=\"lazy\" srcset=\"https:\/\/www.infoaffreschi.com\/wp-content\/uploads\/2022\/05\/45G-CG0103.jpg 1500w, https:\/\/www.infoaffreschi.com\/wp-content\/uploads\/2022\/05\/45G-CG0103-1000x600.jpg 1000w, https:\/\/www.infoaffreschi.com\/wp-content\/uploads\/2022\/05\/45G-CG0103-1200x720.jpg 1200w, https:\/\/www.infoaffreschi.com\/wp-content\/uploads\/2022\/05\/45G-CG0103-768x461.jpg 768w, https:\/\/www.infoaffreschi.com\/wp-content\/uploads\/2022\/05\/45G-CG0103-800x480.jpg 800w\" sizes=\"(max-width: 1500px) 100vw, 1500px\" \/>\t\t\t\t<\/a>\n\t\t\t<\/div>\n\t\t\t<div class=\"image-tools is-small top right show-on-hover\">\n\t\t\t\t\t\t\t<\/div>\n\t\t\t<div class=\"image-tools is-small hide-for-small bottom left show-on-hover\">\n\t\t\t\t\t\t\t<\/div>\n\t\t\t<div class=\"image-tools grid-tools text-center hide-for-small bottom hover-slide-in show-on-hover\">\n\t\t\t\t  <a class=\"quick-view\" data-prod=\"25696\" href=\"#quick-view\">Schnellansicht<\/a>\t\t\t<\/div>\n\t\t\t\t\t<\/div>\n\n\t\t<div class=\"box-text box-text-products\">\n\t\t\t<div class=\"title-wrapper\">\t\t<p class=\"category uppercase is-smaller no-text-overflow product-cat op-7\">\n\t\t\tPassenger\t\t<\/p>\n\t<\/div><div class=\"price-wrapper\"><\/div>\t\t<\/div>\n\t<\/div>\n\t\t<\/div>\n<\/div><div class=\"product-small col has-hover product type-product post-25709 status-publish last instock product_cat-passenger-de product_cat-soft-color-de product_cat-graphic-de has-post-thumbnail taxable shipping-taxable product-type-simple\">\n\t<div class=\"col-inner\">\n\t\n<div class=\"badge-container absolute left top z-1\">\n\n<\/div>\n\t<div class=\"product-small box \">\n\t\t<div class=\"box-image\">\n\t\t\t<div class=\"image-fade_in_back\">\n\t\t\t\t<a href=\"https:\/\/www.infoaffreschi.com\/de\/catalogo\/passenger-45g-cg0104\/\" aria-label=\"PASSENGER | 45G-CG0104\">\n\t\t\t\t\t<img width=\"1500\" height=\"1103\" src=\"https:\/\/www.infoaffreschi.com\/wp-content\/uploads\/2022\/05\/45G-CG0104-AMBIENTE.jpg\" class=\"attachment-woocommerce_thumbnail size-woocommerce_thumbnail\" alt=\"\" decoding=\"async\" loading=\"lazy\" srcset=\"https:\/\/www.infoaffreschi.com\/wp-content\/uploads\/2022\/05\/45G-CG0104-AMBIENTE.jpg 1500w, https:\/\/www.infoaffreschi.com\/wp-content\/uploads\/2022\/05\/45G-CG0104-AMBIENTE-1000x735.jpg 1000w, https:\/\/www.infoaffreschi.com\/wp-content\/uploads\/2022\/05\/45G-CG0104-AMBIENTE-1200x882.jpg 1200w, https:\/\/www.infoaffreschi.com\/wp-content\/uploads\/2022\/05\/45G-CG0104-AMBIENTE-768x565.jpg 768w, https:\/\/www.infoaffreschi.com\/wp-content\/uploads\/2022\/05\/45G-CG0104-AMBIENTE-800x588.jpg 800w\" sizes=\"(max-width: 1500px) 100vw, 1500px\" \/><img width=\"1500\" height=\"900\" src=\"https:\/\/www.infoaffreschi.com\/wp-content\/uploads\/2022\/05\/45G-CG0104.jpg\" class=\"show-on-hover absolute fill hide-for-small back-image\" alt=\"\" decoding=\"async\" loading=\"lazy\" srcset=\"https:\/\/www.infoaffreschi.com\/wp-content\/uploads\/2022\/05\/45G-CG0104.jpg 1500w, https:\/\/www.infoaffreschi.com\/wp-content\/uploads\/2022\/05\/45G-CG0104-1000x600.jpg 1000w, https:\/\/www.infoaffreschi.com\/wp-content\/uploads\/2022\/05\/45G-CG0104-1200x720.jpg 1200w, https:\/\/www.infoaffreschi.com\/wp-content\/uploads\/2022\/05\/45G-CG0104-768x461.jpg 768w, https:\/\/www.infoaffreschi.com\/wp-content\/uploads\/2022\/05\/45G-CG0104-800x480.jpg 800w\" sizes=\"(max-width: 1500px) 100vw, 1500px\" \/>\t\t\t\t<\/a>\n\t\t\t<\/div>\n\t\t\t<div class=\"image-tools is-small top right show-on-hover\">\n\t\t\t\t\t\t\t<\/div>\n\t\t\t<div class=\"image-tools is-small hide-for-small bottom left show-on-hover\">\n\t\t\t\t\t\t\t<\/div>\n\t\t\t<div class=\"image-tools grid-tools text-center hide-for-small bottom hover-slide-in show-on-hover\">\n\t\t\t\t  <a class=\"quick-view\" data-prod=\"25709\" href=\"#quick-view\">Schnellansicht<\/a>\t\t\t<\/div>\n\t\t\t\t\t<\/div>\n\n\t\t<div class=\"box-text box-text-products\">\n\t\t\t<div class=\"title-wrapper\">\t\t<p class=\"category uppercase is-smaller no-text-overflow product-cat op-7\">\n\t\t\tPassenger\t\t<\/p>\n\t<\/div><div class=\"price-wrapper\"><\/div>\t\t<\/div>\n\t<\/div>\n\t\t<\/div>\n<\/div><\/div><!-- row -->\n<\/div>[\/vc_column][\/vc_row][vc_row][vc_column][vc_btn title=&#8220;Vedi tutti i designer&#8220; shape=&#8220;square&#8220; color=&#8220;white&#8220; align=&#8220;center&#8220; link=&#8220;url:https%3A%2F%2Fwww.infoaffreschi.com%2Fde%2Fdesigners%2F|target:%20_blank|&#8220;][\/vc_column][\/vc_row]\n<\/section>","protected":false},"excerpt":{"rendered":"[vc_row][vc_column][vc_empty_space][\/vc_column][\/vc_row][vc_row][vc_column width=&#8220;1\/2&#8243;][vc_single_image image=&#8220;25642&#8243; img_size=&#8220;full&#8220;][\/vc_column][vc_column width=&#8220;1\/2&#8243;][vc_column_text] Cristian Gentile [\/vc_column_text][vc_separator][vc_column_text] Cristian Gentile ergreift den Beruf des Designers in seiner Geburtsstadt Florenz, wo er auch seinen Hochschulabschluss erwirbt und 2016 STUDIO GENTILE gr\u00fcndet. Er arbeitet in verschiedenen Bereichen, die mit Architektur, Innen-Design, Industriedesign, M\u00f6beldesign, Grafik und Rendern verbunden sind. Seine Kenntnisse waren immer schon auf das M\u00f6beldesign ausgerichtet, [&#8230;]\n","protected":false},"author":2,"featured_media":0,"parent":0,"menu_order":0,"comment_status":"closed","ping_status":"closed","template":"","meta":{"_mi_skip_tracking":false,"_monsterinsights_sitenote_active":false,"_monsterinsights_sitenote_note":"","_monsterinsights_sitenote_category":0,"footnotes":""},"yoast_head":"<!-- This site is optimized with the Yoast SEO plugin v21.0 - https:\/\/yoast.com\/wordpress\/plugins\/seo\/ -->\n<title>Cristian Gentile - Affreschi &amp; Affreschi<\/title>\n<meta name=\"description\" content=\"Cristian Gentile entwirft die exklusive Kollektion f\u00fcr Affreschi &amp; Affreschi\" \/>\n<meta name=\"robots\" content=\"index, follow, max-snippet:-1, max-image-preview:large, max-video-preview:-1\" \/>\n<link rel=\"canonical\" href=\"https:\/\/www.infoaffreschi.com\/de\/cristian-gentile\/\" \/>\n<meta property=\"og:locale\" content=\"de_DE\" \/>\n<meta property=\"og:type\" content=\"article\" \/>\n<meta property=\"og:title\" content=\"Cristian Gentile - Affreschi &amp; Affreschi\" \/>\n<meta property=\"og:description\" content=\"Cristian Gentile entwirft die exklusive Kollektion f\u00fcr Affreschi &amp; Affreschi\" \/>\n<meta property=\"og:url\" content=\"https:\/\/www.infoaffreschi.com\/de\/cristian-gentile\/\" \/>\n<meta property=\"og:site_name\" content=\"Affreschi &amp; Affreschi\" \/>\n<meta property=\"article:publisher\" content=\"https:\/\/www.facebook.com\/affreschi\" \/>\n<meta property=\"article:modified_time\" content=\"2022-05-02T10:16:58+00:00\" \/>\n<meta name=\"twitter:card\" content=\"summary_large_image\" \/>\n<meta name=\"twitter:label1\" content=\"Gesch\u00e4tzte Lesezeit\" \/>\n\t<meta name=\"twitter:data1\" content=\"1 Minute\" \/>\n<script type=\"application\/ld+json\" class=\"yoast-schema-graph\">{\"@context\":\"https:\/\/schema.org\",\"@graph\":[{\"@type\":\"WebPage\",\"@id\":\"https:\/\/www.infoaffreschi.com\/de\/cristian-gentile\/\",\"url\":\"https:\/\/www.infoaffreschi.com\/de\/cristian-gentile\/\",\"name\":\"Cristian Gentile - Affreschi &amp; Affreschi\",\"isPartOf\":{\"@id\":\"https:\/\/www.infoaffreschi.com\/#website\"},\"datePublished\":\"2022-04-29T07:07:29+00:00\",\"dateModified\":\"2022-05-02T10:16:58+00:00\",\"description\":\"Cristian Gentile entwirft die exklusive Kollektion f\u00fcr Affreschi & Affreschi\",\"breadcrumb\":{\"@id\":\"https:\/\/www.infoaffreschi.com\/de\/cristian-gentile\/#breadcrumb\"},\"inLanguage\":\"de-DE\",\"potentialAction\":[{\"@type\":\"ReadAction\",\"target\":[\"https:\/\/www.infoaffreschi.com\/de\/cristian-gentile\/\"]}]},{\"@type\":\"BreadcrumbList\",\"@id\":\"https:\/\/www.infoaffreschi.com\/de\/cristian-gentile\/#breadcrumb\",\"itemListElement\":[{\"@type\":\"ListItem\",\"position\":1,\"name\":\"Home\",\"item\":\"https:\/\/www.infoaffreschi.com\/de\/\"},{\"@type\":\"ListItem\",\"position\":2,\"name\":\"Cristian Gentile\"}]},{\"@type\":\"WebSite\",\"@id\":\"https:\/\/www.infoaffreschi.com\/#website\",\"url\":\"https:\/\/www.infoaffreschi.com\/\",\"name\":\"Affreschi &amp; Affreschi\",\"description\":\"I parati artigianali materici\",\"publisher\":{\"@id\":\"https:\/\/www.infoaffreschi.com\/#organization\"},\"potentialAction\":[{\"@type\":\"SearchAction\",\"target\":{\"@type\":\"EntryPoint\",\"urlTemplate\":\"https:\/\/www.infoaffreschi.com\/?s={search_term_string}\"},\"query-input\":\"required name=search_term_string\"}],\"inLanguage\":\"de-DE\"},{\"@type\":\"Organization\",\"@id\":\"https:\/\/www.infoaffreschi.com\/#organization\",\"name\":\"Affreschi & Affreschi\",\"url\":\"https:\/\/www.infoaffreschi.com\/\",\"logo\":{\"@type\":\"ImageObject\",\"inLanguage\":\"de-DE\",\"@id\":\"https:\/\/www.infoaffreschi.com\/#\/schema\/logo\/image\/\",\"url\":\"https:\/\/www.infoaffreschi.com\/wp-content\/uploads\/2019\/09\/LOGO-AFFRESCHI-nuovo.jpg\",\"contentUrl\":\"https:\/\/www.infoaffreschi.com\/wp-content\/uploads\/2019\/09\/LOGO-AFFRESCHI-nuovo.jpg\",\"width\":2000,\"height\":766,\"caption\":\"Affreschi & Affreschi\"},\"image\":{\"@id\":\"https:\/\/www.infoaffreschi.com\/#\/schema\/logo\/image\/\"},\"sameAs\":[\"https:\/\/www.facebook.com\/affreschi\",\"https:\/\/www.instagram.com\/affreschi_e_affreschi\/\",\"https:\/\/www.linkedin.com\/company\/affreschi-&amp;amp;-affreschi?trk=tyah&amp;amp;trkInfo=clickedVertical:company,clickedEntityId:3775726,idx:2-1-2,tarId:1487845305360,tas:affr\",\"https:\/\/www.pinterest.it\/italianfrescoes\/\",\"https:\/\/www.youtube.com\/channel\/UCkM3JCe7yfgUVdFUlbk5VtQ\"]}]}<\/script>\n<!-- \/ Yoast SEO plugin. -->","yoast_head_json":{"title":"Cristian Gentile - Affreschi &amp; Affreschi","description":"Cristian Gentile entwirft die exklusive Kollektion f\u00fcr Affreschi & Affreschi","robots":{"index":"index","follow":"follow","max-snippet":"max-snippet:-1","max-image-preview":"max-image-preview:large","max-video-preview":"max-video-preview:-1"},"canonical":"https:\/\/www.infoaffreschi.com\/de\/cristian-gentile\/","og_locale":"de_DE","og_type":"article","og_title":"Cristian Gentile - Affreschi &amp; Affreschi","og_description":"Cristian Gentile entwirft die exklusive Kollektion f\u00fcr Affreschi & Affreschi","og_url":"https:\/\/www.infoaffreschi.com\/de\/cristian-gentile\/","og_site_name":"Affreschi &amp; Affreschi","article_publisher":"https:\/\/www.facebook.com\/affreschi","article_modified_time":"2022-05-02T10:16:58+00:00","twitter_card":"summary_large_image","twitter_misc":{"Gesch\u00e4tzte Lesezeit":"1 Minute"},"schema":{"@context":"https:\/\/schema.org","@graph":[{"@type":"WebPage","@id":"https:\/\/www.infoaffreschi.com\/de\/cristian-gentile\/","url":"https:\/\/www.infoaffreschi.com\/de\/cristian-gentile\/","name":"Cristian Gentile - Affreschi &amp; Affreschi","isPartOf":{"@id":"https:\/\/www.infoaffreschi.com\/#website"},"datePublished":"2022-04-29T07:07:29+00:00","dateModified":"2022-05-02T10:16:58+00:00","description":"Cristian Gentile entwirft die exklusive Kollektion f\u00fcr Affreschi & Affreschi","breadcrumb":{"@id":"https:\/\/www.infoaffreschi.com\/de\/cristian-gentile\/#breadcrumb"},"inLanguage":"de-DE","potentialAction":[{"@type":"ReadAction","target":["https:\/\/www.infoaffreschi.com\/de\/cristian-gentile\/"]}]},{"@type":"BreadcrumbList","@id":"https:\/\/www.infoaffreschi.com\/de\/cristian-gentile\/#breadcrumb","itemListElement":[{"@type":"ListItem","position":1,"name":"Home","item":"https:\/\/www.infoaffreschi.com\/de\/"},{"@type":"ListItem","position":2,"name":"Cristian Gentile"}]},{"@type":"WebSite","@id":"https:\/\/www.infoaffreschi.com\/#website","url":"https:\/\/www.infoaffreschi.com\/","name":"Affreschi &amp; Affreschi","description":"I parati artigianali materici","publisher":{"@id":"https:\/\/www.infoaffreschi.com\/#organization"},"potentialAction":[{"@type":"SearchAction","target":{"@type":"EntryPoint","urlTemplate":"https:\/\/www.infoaffreschi.com\/?s={search_term_string}"},"query-input":"required name=search_term_string"}],"inLanguage":"de-DE"},{"@type":"Organization","@id":"https:\/\/www.infoaffreschi.com\/#organization","name":"Affreschi & Affreschi","url":"https:\/\/www.infoaffreschi.com\/","logo":{"@type":"ImageObject","inLanguage":"de-DE","@id":"https:\/\/www.infoaffreschi.com\/#\/schema\/logo\/image\/","url":"https:\/\/www.infoaffreschi.com\/wp-content\/uploads\/2019\/09\/LOGO-AFFRESCHI-nuovo.jpg","contentUrl":"https:\/\/www.infoaffreschi.com\/wp-content\/uploads\/2019\/09\/LOGO-AFFRESCHI-nuovo.jpg","width":2000,"height":766,"caption":"Affreschi & Affreschi"},"image":{"@id":"https:\/\/www.infoaffreschi.com\/#\/schema\/logo\/image\/"},"sameAs":["https:\/\/www.facebook.com\/affreschi","https:\/\/www.instagram.com\/affreschi_e_affreschi\/","https:\/\/www.linkedin.com\/company\/affreschi-&amp;amp;-affreschi?trk=tyah&amp;amp;trkInfo=clickedVertical:company,clickedEntityId:3775726,idx:2-1-2,tarId:1487845305360,tas:affr","https:\/\/www.pinterest.it\/italianfrescoes\/","https:\/\/www.youtube.com\/channel\/UCkM3JCe7yfgUVdFUlbk5VtQ"]}]}},"_links":{"self":[{"href":"https:\/\/www.infoaffreschi.com\/de\/wp-json\/wp\/v2\/pages\/25623"}],"collection":[{"href":"https:\/\/www.infoaffreschi.com\/de\/wp-json\/wp\/v2\/pages"}],"about":[{"href":"https:\/\/www.infoaffreschi.com\/de\/wp-json\/wp\/v2\/types\/page"}],"author":[{"embeddable":true,"href":"https:\/\/www.infoaffreschi.com\/de\/wp-json\/wp\/v2\/users\/2"}],"replies":[{"embeddable":true,"href":"https:\/\/www.infoaffreschi.com\/de\/wp-json\/wp\/v2\/comments?post=25623"}],"version-history":[{"count":5,"href":"https:\/\/www.infoaffreschi.com\/de\/wp-json\/wp\/v2\/pages\/25623\/revisions"}],"predecessor-version":[{"id":25727,"href":"https:\/\/www.infoaffreschi.com\/de\/wp-json\/wp\/v2\/pages\/25623\/revisions\/25727"}],"wp:attachment":[{"href":"https:\/\/www.infoaffreschi.com\/de\/wp-json\/wp\/v2\/media?parent=25623"}],"curies":[{"name":"wp","href":"https:\/\/api.w.org\/{rel}","templated":true}]}}