{"id":30222,"date":"2025-04-17T10:39:12","date_gmt":"2025-04-17T08:39:12","guid":{"rendered":"https:\/\/www.infoaffreschi.com\/arizona-sunset\/"},"modified":"2025-04-17T14:30:11","modified_gmt":"2025-04-17T12:30:11","slug":"arizona-sunset","status":"publish","type":"page","link":"https:\/\/www.infoaffreschi.com\/de\/arizona-sunset\/","title":{"rendered":"Arizona Sunset"},"content":{"rendered":"<section class=\"wpb-content-wrapper\">[vc_row][vc_column][vc_column_text]\n<h3><strong>ARIZONA SUNSET<\/strong><\/h3>\n<p class=\"p1\"><em>Ein Projekt von Affreschi &amp; Affreschi f\u00fcr Gervasoni &#8211; Milano Design Week 2025<\/em><\/p>\n<p class=\"p1\">Der <strong>Flagship Store<\/strong> von <strong>Gervasoni<\/strong> in der Via Durini wurde w\u00e4hrend der <strong>Milano Design Week 2025<\/strong> in eine Landschaft zwischen Design und Natur verwandelt. Mit unseren k\u00fcnstlerischen Tapeten haben wir eine visuelle Geschichte geschaffen, die von den feurigen Sonnenunterg\u00e4ngen in <strong>Arizona<\/strong> inspiriert ist, wo die Materie mit dem Licht in Dialog tritt und die R\u00e4ume zu sinnlichen Erfahrungen werden.<\/p>\n[\/vc_column_text][vc_single_image image=&#8220;29873&#8243; img_size=&#8220;full&#8220;][\/vc_column][\/vc_row][vc_row][vc_column width=&#8220;1\/4&#8243;][vc_column_text]\n<p class=\"p1\"><strong>OUTDOOR: DIE W\u00dcSTE IM RAUM<\/strong><\/p>\n<p class=\"p1\">Unsere Tapeten der Kollektion <strong>Naturae<\/strong> &#8211; entworfen von<strong> Fabio Novembre<\/strong> &#8211; fangen die urspr\u00fcngliche Seele der <strong>W\u00fcstenlandschaften<\/strong> ein. Rote B\u00f6den, die unter der Sonne zu pulsieren scheinen, verfl\u00fcssigte Himmel in Bernsteint\u00f6nen, mineralische Strukturen, die an <strong>uralte geologische Schichten erinnern<\/strong>: Jede Oberfl\u00e4che wird zur perfekten B\u00fchne, um die skulpturalen Formen der M\u00f6bel zu unterstreichen.<\/p>\n<p class=\"p1\">Die <strong>organischen Texturen<\/strong> unserer Tapeten erzeugen illusionistische Tiefeneffekte und verst\u00e4rken die Dreidimensionalit\u00e4t der Exponate. Die <strong>Farbverl\u00e4ufe<\/strong>, die die verg\u00e4ngliche Alchimie des Sonnenuntergangs wiedergeben sollen, ver\u00e4ndern sich je nach Lichteinfall, w\u00e4hrend die Bildoberfl\u00e4che mit der Materialit\u00e4t der umgebenden Elemente in Dialog tritt: die W\u00e4rme polierter H\u00f6lzer, die Textur von Outdoor-Stoffen, metallische Reflexe. Eine Hommage an die <strong>wilde Kraft der Natur<\/strong>, \u00fcbersetzt in eine zeitgen\u00f6ssische Sprache, die Kunst und Architektur verbindet.<\/p>\n<p class=\"p1\"><strong>Design f\u00fcr den Au\u00dfenbereich:<\/strong><\/p>\n<p class=\"thin-font\"><span style=\"font-size: 100%;\"><a href=\"https:\/\/www.infoaffreschi.com\/de\/catalogo\/landscapes-fn0403\/\">landscapes | FN0403<\/a><br \/>\n<a href=\"https:\/\/www.infoaffreschi.com\/de\/naturae\/\">Naturae Collection<\/a>, <\/span><em>entworfen von<\/em><span style=\"font-size: 100%;\"><em> <a href=\"https:\/\/www.infoaffreschi.com\/de\/fabio-novembre\/\">Fabio Novembre<\/a><\/em><\/span><\/p>\n[\/vc_column_text][\/vc_column][vc_column width=&#8220;3\/4&#8243;][vc_masonry_media_grid element_width=&#8220;6&#8243; initial_loading_animation=&#8220;none&#8220; grid_id=&#8220;vc_gid:1744892404424-a05abdf9-22cb-9&#8243; include=&#8220;29863,29843,29859,29855,29835,29867,29847,29851,29839&#8243;][\/vc_column][\/vc_row][vc_row][vc_column width=&#8220;3\/4&#8243;][vc_masonry_media_grid element_width=&#8220;6&#8243; initial_loading_animation=&#8220;none&#8220; grid_id=&#8220;vc_gid:1744892404429-b24baac6-7087-10&#8243; include=&#8220;29901,29889,29877,29885,29881&#8243;][\/vc_column][vc_column width=&#8220;1\/4&#8243;][vc_column_text]\n<p class=\"p1\"><strong>INDOOR: REFUGE OF HARMONIES<\/strong><\/p>\n<p class=\"p1\">Jenseits der Schwelle, in den Innenr\u00e4umen, komponieren die <strong>rhythmischen Geometrien<\/strong> der Serie Recon von <strong>Simone Florell<\/strong> aus der Kollektion <strong>45Giri<\/strong> eine visuelle Symphonie reiner Harmonie. Im Wohnbereich f\u00fchren <strong>dynamische Muster<\/strong> das Auge in einer flie\u00dfenden Bewegung, ohne die Szene zu \u00fcberw\u00e4ltigen, w\u00e4hrend im Schlafbereich zartere Kompositionen eine schwebende, <strong>meditative Atmosph\u00e4re schaffen<\/strong>.<\/p>\n<p class=\"p1\">Unsere Tapeten wurden zum unsichtbaren Faden, der die verschiedenen Seelen des Projekts miteinander verband und zeigte, wie eine gut durchdachte Oberfl\u00e4che die Energie eines Raumes v\u00f6llig neu definieren kann. In den \u00dcbergangszonen sorgten speziell entwickelte <strong>Perspektivspiele<\/strong> f\u00fcr suggestive Kontinuit\u00e4tseffekte, die jeden \u00dcbergang zu einem eindringlichen visuellen Erlebnis machten.<\/p>\n<p class=\"p1\"><strong>Raumgestaltung:<\/strong><\/p>\n<p class=\"thin-font\"><span style=\"font-size: 100%;\"><a href=\"https:\/\/www.infoaffreschi.com\/de\/catalogo\/45g-sf0103\/\">Recon | 45G-SF0103<\/a><br \/>\n<a href=\"https:\/\/www.infoaffreschi.com\/de\/45-giri\/\">45Giri Collection<\/a>, <\/span><em>entworfen von<\/em><span style=\"font-size: 100%;\"><em>\u00a0<a href=\"https:\/\/www.infoaffreschi.com\/de\/simone-florell\/\">Simone Florell<\/a><\/em><\/span><\/p>\n[\/vc_column_text][\/vc_column][\/vc_row][vc_row][vc_column][vc_column_text]\n<p class=\"p1\"><strong>ZWISCHEN DESIGN UND ATMOSPH\u00c4RE<\/strong><\/p>\n<p class=\"p1\">\u201c<strong>Arizona Sunset<\/strong>\u201c stellte die perfekte Begegnung zwischen unserer <strong>Wandkunst<\/strong> und <strong>Gervasonis Vision<\/strong> dar. Die Tapeten wurden von einfachen dekorativen Elementen zu <strong>Erz\u00e4hlern des Raums<\/strong> &#8211; sie erz\u00e4hlen Geschichten von feurigen W\u00fcsten auf der Au\u00dfenseite und harmonischen Rhythmen im Innenraum. Dieses Projekt best\u00e4tigt, wie Oberfl\u00e4chen, wenn sie mit k\u00fcnstlerischem Feingef\u00fchl gestaltet werden, die Wahrnehmung einer Umgebung v\u00f6llig neu definieren k\u00f6nnen.<\/p>\n<p class=\"p1\"><em>Ein Raum wird nicht nur mit dem K\u00f6rper, sondern vor allem mit dem Blick erlebt.<\/em><\/p>\n[\/vc_column_text][vc_btn title=&#8220;Entdecken Sie die ganze Geschichte auf der Gervasoni-Website&#8220; shape=&#8220;square&#8220; align=&#8220;center&#8220; link=&#8220;url:https%3A%2F%2Fgervasoni1882.com%2Fit%2Fnews%2Farizona-sunset&#8220;][vc_column_text]<em><strong>Credits<\/strong><\/em><\/p>\n<p class=\"p1\"><em>Einrichtung und\u00a0styling: Beatrice Rossetti Studio<\/em><\/p>\n<p><em>Photo: Gianluca Bellomo<\/em>[\/vc_column_text][\/vc_column][\/vc_row]\n<\/section>","protected":false},"excerpt":{"rendered":"[vc_row][vc_column][vc_column_text] ARIZONA SUNSET Ein Projekt von Affreschi &amp; Affreschi f\u00fcr Gervasoni &#8211; Milano Design Week 2025 Der Flagship Store von Gervasoni in der Via Durini wurde w\u00e4hrend der Milano Design Week 2025 in eine Landschaft zwischen Design und Natur verwandelt. Mit unseren k\u00fcnstlerischen Tapeten haben wir eine visuelle Geschichte geschaffen, die von den feurigen Sonnenunterg\u00e4ngen [&#8230;]\n","protected":false},"author":2,"featured_media":29866,"parent":0,"menu_order":0,"comment_status":"closed","ping_status":"closed","template":"","meta":{"_mi_skip_tracking":false,"_monsterinsights_sitenote_active":false,"_monsterinsights_sitenote_note":"","_monsterinsights_sitenote_category":0,"footnotes":""},"yoast_head":"<!-- This site is optimized with the Yoast SEO plugin v21.0 - https:\/\/yoast.com\/wordpress\/plugins\/seo\/ -->\n<title>Projects | Arizona Sunset - A&amp;A x Gervasoni @MDW25<\/title>\n<meta name=\"description\" content=\"Affreschi &amp; Affreschi verwandelten den Gervasoni-Flagshipstore w\u00e4hrend der Mail\u00e4nder Designwoche 2025 in ein immersives Erlebnis\" \/>\n<meta name=\"robots\" content=\"index, follow, max-snippet:-1, max-image-preview:large, max-video-preview:-1\" \/>\n<link rel=\"canonical\" href=\"https:\/\/www.infoaffreschi.com\/de\/arizona-sunset\/\" \/>\n<meta property=\"og:locale\" content=\"de_DE\" \/>\n<meta property=\"og:type\" content=\"article\" \/>\n<meta property=\"og:title\" content=\"Projects | Arizona Sunset - A&amp;A x Gervasoni @MDW25\" \/>\n<meta property=\"og:description\" content=\"Affreschi &amp; Affreschi verwandelten den Gervasoni-Flagshipstore w\u00e4hrend der Mail\u00e4nder Designwoche 2025 in ein immersives Erlebnis\" \/>\n<meta property=\"og:url\" content=\"https:\/\/www.infoaffreschi.com\/de\/arizona-sunset\/\" \/>\n<meta property=\"og:site_name\" content=\"Affreschi &amp; Affreschi\" \/>\n<meta property=\"article:publisher\" content=\"https:\/\/www.facebook.com\/affreschi\" \/>\n<meta property=\"article:modified_time\" content=\"2025-04-17T12:30:11+00:00\" \/>\n<meta property=\"og:image\" content=\"https:\/\/www.infoaffreschi.com\/wp-content\/uploads\/2025\/04\/unnamed-6-scaled.jpg\" \/>\n\t<meta property=\"og:image:width\" content=\"2560\" \/>\n\t<meta property=\"og:image:height\" content=\"2560\" \/>\n\t<meta property=\"og:image:type\" content=\"image\/jpeg\" \/>\n<meta name=\"twitter:card\" content=\"summary_large_image\" \/>\n<meta name=\"twitter:label1\" content=\"Gesch\u00e4tzte Lesezeit\" \/>\n\t<meta name=\"twitter:data1\" content=\"3 Minuten\" \/>\n<script type=\"application\/ld+json\" class=\"yoast-schema-graph\">{\"@context\":\"https:\/\/schema.org\",\"@graph\":[{\"@type\":\"WebPage\",\"@id\":\"https:\/\/www.infoaffreschi.com\/de\/arizona-sunset\/\",\"url\":\"https:\/\/www.infoaffreschi.com\/de\/arizona-sunset\/\",\"name\":\"Projects | Arizona Sunset - A&A x Gervasoni @MDW25\",\"isPartOf\":{\"@id\":\"https:\/\/www.infoaffreschi.com\/#website\"},\"datePublished\":\"2025-04-17T08:39:12+00:00\",\"dateModified\":\"2025-04-17T12:30:11+00:00\",\"description\":\"Affreschi & Affreschi verwandelten den Gervasoni-Flagshipstore w\u00e4hrend der Mail\u00e4nder Designwoche 2025 in ein immersives Erlebnis\",\"breadcrumb\":{\"@id\":\"https:\/\/www.infoaffreschi.com\/de\/arizona-sunset\/#breadcrumb\"},\"inLanguage\":\"de-DE\",\"potentialAction\":[{\"@type\":\"ReadAction\",\"target\":[\"https:\/\/www.infoaffreschi.com\/de\/arizona-sunset\/\"]}]},{\"@type\":\"BreadcrumbList\",\"@id\":\"https:\/\/www.infoaffreschi.com\/de\/arizona-sunset\/#breadcrumb\",\"itemListElement\":[{\"@type\":\"ListItem\",\"position\":1,\"name\":\"Home\",\"item\":\"https:\/\/www.infoaffreschi.com\/de\/\"},{\"@type\":\"ListItem\",\"position\":2,\"name\":\"Arizona Sunset\"}]},{\"@type\":\"WebSite\",\"@id\":\"https:\/\/www.infoaffreschi.com\/#website\",\"url\":\"https:\/\/www.infoaffreschi.com\/\",\"name\":\"Affreschi &amp; Affreschi\",\"description\":\"I parati artigianali materici\",\"publisher\":{\"@id\":\"https:\/\/www.infoaffreschi.com\/#organization\"},\"potentialAction\":[{\"@type\":\"SearchAction\",\"target\":{\"@type\":\"EntryPoint\",\"urlTemplate\":\"https:\/\/www.infoaffreschi.com\/?s={search_term_string}\"},\"query-input\":\"required name=search_term_string\"}],\"inLanguage\":\"de-DE\"},{\"@type\":\"Organization\",\"@id\":\"https:\/\/www.infoaffreschi.com\/#organization\",\"name\":\"Affreschi & Affreschi\",\"url\":\"https:\/\/www.infoaffreschi.com\/\",\"logo\":{\"@type\":\"ImageObject\",\"inLanguage\":\"de-DE\",\"@id\":\"https:\/\/www.infoaffreschi.com\/#\/schema\/logo\/image\/\",\"url\":\"https:\/\/www.infoaffreschi.com\/wp-content\/uploads\/2019\/09\/LOGO-AFFRESCHI-nuovo.jpg\",\"contentUrl\":\"https:\/\/www.infoaffreschi.com\/wp-content\/uploads\/2019\/09\/LOGO-AFFRESCHI-nuovo.jpg\",\"width\":2000,\"height\":766,\"caption\":\"Affreschi & Affreschi\"},\"image\":{\"@id\":\"https:\/\/www.infoaffreschi.com\/#\/schema\/logo\/image\/\"},\"sameAs\":[\"https:\/\/www.facebook.com\/affreschi\",\"https:\/\/www.instagram.com\/affreschi_e_affreschi\/\",\"https:\/\/www.linkedin.com\/company\/affreschi-&amp;amp;-affreschi?trk=tyah&amp;amp;trkInfo=clickedVertical:company,clickedEntityId:3775726,idx:2-1-2,tarId:1487845305360,tas:affr\",\"https:\/\/www.pinterest.it\/italianfrescoes\/\",\"https:\/\/www.youtube.com\/channel\/UCkM3JCe7yfgUVdFUlbk5VtQ\"]}]}<\/script>\n<!-- \/ Yoast SEO plugin. -->","yoast_head_json":{"title":"Projects | Arizona Sunset - A&A x Gervasoni @MDW25","description":"Affreschi & Affreschi verwandelten den Gervasoni-Flagshipstore w\u00e4hrend der Mail\u00e4nder Designwoche 2025 in ein immersives Erlebnis","robots":{"index":"index","follow":"follow","max-snippet":"max-snippet:-1","max-image-preview":"max-image-preview:large","max-video-preview":"max-video-preview:-1"},"canonical":"https:\/\/www.infoaffreschi.com\/de\/arizona-sunset\/","og_locale":"de_DE","og_type":"article","og_title":"Projects | Arizona Sunset - A&A x Gervasoni @MDW25","og_description":"Affreschi & Affreschi verwandelten den Gervasoni-Flagshipstore w\u00e4hrend der Mail\u00e4nder Designwoche 2025 in ein immersives Erlebnis","og_url":"https:\/\/www.infoaffreschi.com\/de\/arizona-sunset\/","og_site_name":"Affreschi &amp; Affreschi","article_publisher":"https:\/\/www.facebook.com\/affreschi","article_modified_time":"2025-04-17T12:30:11+00:00","og_image":[{"width":2560,"height":2560,"url":"https:\/\/www.infoaffreschi.com\/wp-content\/uploads\/2025\/04\/unnamed-6-scaled.jpg","type":"image\/jpeg"}],"twitter_card":"summary_large_image","twitter_misc":{"Gesch\u00e4tzte Lesezeit":"3 Minuten"},"schema":{"@context":"https:\/\/schema.org","@graph":[{"@type":"WebPage","@id":"https:\/\/www.infoaffreschi.com\/de\/arizona-sunset\/","url":"https:\/\/www.infoaffreschi.com\/de\/arizona-sunset\/","name":"Projects | Arizona Sunset - A&A x Gervasoni @MDW25","isPartOf":{"@id":"https:\/\/www.infoaffreschi.com\/#website"},"datePublished":"2025-04-17T08:39:12+00:00","dateModified":"2025-04-17T12:30:11+00:00","description":"Affreschi & Affreschi verwandelten den Gervasoni-Flagshipstore w\u00e4hrend der Mail\u00e4nder Designwoche 2025 in ein immersives Erlebnis","breadcrumb":{"@id":"https:\/\/www.infoaffreschi.com\/de\/arizona-sunset\/#breadcrumb"},"inLanguage":"de-DE","potentialAction":[{"@type":"ReadAction","target":["https:\/\/www.infoaffreschi.com\/de\/arizona-sunset\/"]}]},{"@type":"BreadcrumbList","@id":"https:\/\/www.infoaffreschi.com\/de\/arizona-sunset\/#breadcrumb","itemListElement":[{"@type":"ListItem","position":1,"name":"Home","item":"https:\/\/www.infoaffreschi.com\/de\/"},{"@type":"ListItem","position":2,"name":"Arizona Sunset"}]},{"@type":"WebSite","@id":"https:\/\/www.infoaffreschi.com\/#website","url":"https:\/\/www.infoaffreschi.com\/","name":"Affreschi &amp; Affreschi","description":"I parati artigianali materici","publisher":{"@id":"https:\/\/www.infoaffreschi.com\/#organization"},"potentialAction":[{"@type":"SearchAction","target":{"@type":"EntryPoint","urlTemplate":"https:\/\/www.infoaffreschi.com\/?s={search_term_string}"},"query-input":"required name=search_term_string"}],"inLanguage":"de-DE"},{"@type":"Organization","@id":"https:\/\/www.infoaffreschi.com\/#organization","name":"Affreschi & Affreschi","url":"https:\/\/www.infoaffreschi.com\/","logo":{"@type":"ImageObject","inLanguage":"de-DE","@id":"https:\/\/www.infoaffreschi.com\/#\/schema\/logo\/image\/","url":"https:\/\/www.infoaffreschi.com\/wp-content\/uploads\/2019\/09\/LOGO-AFFRESCHI-nuovo.jpg","contentUrl":"https:\/\/www.infoaffreschi.com\/wp-content\/uploads\/2019\/09\/LOGO-AFFRESCHI-nuovo.jpg","width":2000,"height":766,"caption":"Affreschi & Affreschi"},"image":{"@id":"https:\/\/www.infoaffreschi.com\/#\/schema\/logo\/image\/"},"sameAs":["https:\/\/www.facebook.com\/affreschi","https:\/\/www.instagram.com\/affreschi_e_affreschi\/","https:\/\/www.linkedin.com\/company\/affreschi-&amp;amp;-affreschi?trk=tyah&amp;amp;trkInfo=clickedVertical:company,clickedEntityId:3775726,idx:2-1-2,tarId:1487845305360,tas:affr","https:\/\/www.pinterest.it\/italianfrescoes\/","https:\/\/www.youtube.com\/channel\/UCkM3JCe7yfgUVdFUlbk5VtQ"]}]}},"_links":{"self":[{"href":"https:\/\/www.infoaffreschi.com\/de\/wp-json\/wp\/v2\/pages\/30222"}],"collection":[{"href":"https:\/\/www.infoaffreschi.com\/de\/wp-json\/wp\/v2\/pages"}],"about":[{"href":"https:\/\/www.infoaffreschi.com\/de\/wp-json\/wp\/v2\/types\/page"}],"author":[{"embeddable":true,"href":"https:\/\/www.infoaffreschi.com\/de\/wp-json\/wp\/v2\/users\/2"}],"replies":[{"embeddable":true,"href":"https:\/\/www.infoaffreschi.com\/de\/wp-json\/wp\/v2\/comments?post=30222"}],"version-history":[{"count":2,"href":"https:\/\/www.infoaffreschi.com\/de\/wp-json\/wp\/v2\/pages\/30222\/revisions"}],"predecessor-version":[{"id":30228,"href":"https:\/\/www.infoaffreschi.com\/de\/wp-json\/wp\/v2\/pages\/30222\/revisions\/30228"}],"wp:featuredmedia":[{"embeddable":true,"href":"https:\/\/www.infoaffreschi.com\/de\/wp-json\/wp\/v2\/media\/29866"}],"wp:attachment":[{"href":"https:\/\/www.infoaffreschi.com\/de\/wp-json\/wp\/v2\/media?parent=30222"}],"curies":[{"name":"wp","href":"https:\/\/api.w.org\/{rel}","templated":true}]}}