{"id":30232,"date":"2025-04-17T11:55:59","date_gmt":"2025-04-17T09:55:59","guid":{"rendered":"https:\/\/www.infoaffreschi.com\/poetica\/"},"modified":"2026-03-02T14:36:44","modified_gmt":"2026-03-02T13:36:44","slug":"poetica","status":"publish","type":"page","link":"https:\/\/www.infoaffreschi.com\/de\/poetica\/","title":{"rendered":"Poetik"},"content":{"rendered":"<section class=\"wpb-content-wrapper\">[vc_row][vc_column][vc_column_text]\n<h3><strong>POETIK<\/strong><\/h3>\n<p class=\"p1\"><em>Affreschi &amp; Affreschi f\u00fcr Roberto Giovannini &#8211; Salone del Mobile 2025, Mailand<\/em><\/p>\n<p class=\"p1\">Auf dem Stand von <strong>Roberto Giovannini<\/strong> f\u00fchrten unsere Tapeten der Kollektion <strong>Still Love<\/strong> einen raffinierten Dialog zwischen Erinnerung und Zeitgenossenschaft. Die warmen Nuancen und die neoklassizistischen Ankl\u00e4nge, die von der <strong>Kunst der florentinischen Werkst\u00e4tten<\/strong> inspiriert sind, verwandeln die W\u00e4nde in Seiten einer visuellen Geschichte, in der jedes Detail &#8211; von den Bildzitaten bis zu den architektonischen Texturen &#8211; von einem kulturellen Erbe erz\u00e4hlt, das mit moderner Sensibilit\u00e4t neu interpretiert wird.<\/p>\n[\/vc_column_text][vc_single_image image=&#8220;30265&#8243; img_size=&#8220;full&#8220; alignment=&#8220;center&#8220;][\/vc_column][\/vc_row][vc_row][vc_column width=&#8220;1\/4&#8243;][vc_column_text]\n<p class=\"p1\"><strong>DIE POETIK DER OBERFL\u00c4CHEN UND DIE HANDWERKSKUNST<\/strong><\/p>\n<p class=\"p1\">Im Ausstellungsraum entfalteten unsere Grafiken ein raffiniertes Spiel kultureller Ankl\u00e4nge: <strong>materische Tiefen<\/strong>, die das Licht sanft einfingen, Hell-Dunkel-Kontraste, die die ausgestellten Volumen betonten, und eine erdige Farbpalette \u2013 mit Ockert\u00f6nen, Cremewei\u00df und Terrakotta \u2013 , die den Raum in eine <strong>chromatische Umarmung<\/strong> h\u00fcllte. Die skulpturalen Motive schienen unter den Blicken der Besucher zum Leben zu erwachen und traten in einen Dialog mit den Einrichtungsgegenst\u00e4nden \u2013 in einem <strong>perfekten Gleichgewicht<\/strong> zwischen Schlichtheit und Charakter.<\/p>\n<p class=\"p1\">Dieses Projekt ist eine Hommage an die <strong>italienische Handwerkskunst<\/strong>, an jene Liebe zum Detail, die einst in den Werkst\u00e4tten der Renaissance aufbl\u00fchte und heute in unserem <strong>Streben nach Exzellenz<\/strong> weiterlebt. Die Wandverkleidungen wurden zur Verbindung zwischen <strong>historischem Erbe<\/strong> und <strong>zeitgen\u00f6ssischem <\/strong>Ausdruck \u2013 ein Beweis daf\u00fcr, wie eine Oberfl\u00e4che zugleich dezenter Rahmen und absolute Protagonistin sein kann, H\u00fcterin der Tradition und dennoch f\u00e4hig, eine moderne Sprache zu sprechen.<\/p>\n<p class=\"thin-font\"><strong><span style=\"font-size: 100%;\">Design: <\/span><\/strong><\/p>\n<p class=\"thin-font\"><span style=\"font-size: 100%;\"><a href=\"https:\/\/www.infoaffreschi.com\/de\/categoria-prodotto\/still-love-de\/\">Still Love Collection<\/a><\/span><\/p>\n<p><em>Photo courtesy of Roberto Giovannini\u00a0<\/em>[\/vc_column_text][\/vc_column][vc_column width=&#8220;3\/4&#8243;][vc_masonry_media_grid element_width=&#8220;6&#8243; initial_loading_animation=&#8220;none&#8220; grid_id=&#8220;vc_gid:1772458562040-2d5e9516-6a50-5&#8243; include=&#8220;30779,30767,30266,29971,30747,30739,30743,30751,30763,30755&#8243;][\/vc_column][\/vc_row][vc_row][vc_column width=&#8220;3\/4&#8243;][vc_masonry_media_grid element_width=&#8220;6&#8243; initial_loading_animation=&#8220;none&#8220; grid_id=&#8220;vc_gid:1772458562046-4386f503-f368-2&#8243; include=&#8220;30783,30787,29987,30771,29959,30775,30759&#8243;][\/vc_column][vc_column width=&#8220;1\/4&#8243;][vc_column_text]\n<p class=\"p1\"><strong>DIE EWIGKEIT DES SCH\u00d6NEN<\/strong><\/p>\n<p class=\"p1\">Dieses Projekt mit <strong>Roberto Giovannini<\/strong> auf dem <strong>Salone del Mobile 2025<\/strong> hat gezeigt, wie <strong>kunsthandwerkliche Sch\u00f6nheit<\/strong> \u2013 wenn sie auf eine <strong>zeitgen\u00f6ssische Vision<\/strong> trifft \u2013 <strong>R\u00e4ume<\/strong> <strong>mit zeitloser Ausstrahlung entstehen l\u00e4sst<\/strong>. Unsere Wandverkleidungen, wie moderne Fresken, haben ein neues Kapitel im <strong>ewigen Dialog zwischen Kunst und Design<\/strong> geschrieben.<\/p>\n<p class=\"p1\"><em>Jede Oberfl\u00e4che erz\u00e4hlt eine Geschichte, jedes Detail bewahrt ein Wissen, und jede kreative Begegnung wird zu einem Versprechen f\u00fcr die Zukunft.<\/em><\/p>\n[\/vc_column_text][\/vc_column][\/vc_row]\n<\/section>","protected":false},"excerpt":{"rendered":"[vc_row][vc_column][vc_column_text] POETIK Affreschi &amp; Affreschi f\u00fcr Roberto Giovannini &#8211; Salone del Mobile 2025, Mailand Auf dem Stand von Roberto Giovannini f\u00fchrten unsere Tapeten der Kollektion Still Love einen raffinierten Dialog zwischen Erinnerung und Zeitgenossenschaft. Die warmen Nuancen und die neoklassizistischen Ankl\u00e4nge, die von der Kunst der florentinischen Werkst\u00e4tten inspiriert sind, verwandeln die W\u00e4nde in Seiten [&#8230;]\n","protected":false},"author":2,"featured_media":29974,"parent":0,"menu_order":0,"comment_status":"closed","ping_status":"closed","template":"","meta":{"_mi_skip_tracking":false,"_monsterinsights_sitenote_active":false,"_monsterinsights_sitenote_note":"","_monsterinsights_sitenote_category":0,"footnotes":""},"yoast_head":"<!-- This site is optimized with the Yoast SEO plugin v21.0 - https:\/\/yoast.com\/wordpress\/plugins\/seo\/ -->\n<title>Projects | Poetik - A&amp;A xRoberto Giovannini @MDW25<\/title>\n<meta name=\"description\" content=\"A&amp;A f\u00fcr Roberto Giovannini: Still Love Tapeten erfinden die Handwerkskunst der Renaissance in einer zeitgen\u00f6ssischen Tonart neu\" \/>\n<meta name=\"robots\" content=\"index, follow, max-snippet:-1, max-image-preview:large, max-video-preview:-1\" \/>\n<link rel=\"canonical\" href=\"https:\/\/www.infoaffreschi.com\/de\/poetica\/\" \/>\n<meta property=\"og:locale\" content=\"de_DE\" \/>\n<meta property=\"og:type\" content=\"article\" \/>\n<meta property=\"og:title\" content=\"Projects | Poetik - A&amp;A xRoberto Giovannini @MDW25\" \/>\n<meta property=\"og:description\" content=\"A&amp;A f\u00fcr Roberto Giovannini: Still Love Tapeten erfinden die Handwerkskunst der Renaissance in einer zeitgen\u00f6ssischen Tonart neu\" \/>\n<meta property=\"og:url\" content=\"https:\/\/www.infoaffreschi.com\/de\/poetica\/\" \/>\n<meta property=\"og:site_name\" content=\"Affreschi &amp; Affreschi\" \/>\n<meta property=\"article:publisher\" content=\"https:\/\/www.facebook.com\/affreschi\" \/>\n<meta property=\"article:modified_time\" content=\"2026-03-02T13:36:44+00:00\" \/>\n<meta property=\"og:image\" content=\"https:\/\/www.infoaffreschi.com\/wp-content\/uploads\/2025\/04\/489282360_18337340119081793_8421189671126583514_n-1.jpg\" \/>\n\t<meta property=\"og:image:width\" content=\"1080\" \/>\n\t<meta property=\"og:image:height\" content=\"1350\" \/>\n\t<meta property=\"og:image:type\" content=\"image\/jpeg\" \/>\n<meta name=\"twitter:card\" content=\"summary_large_image\" \/>\n<meta name=\"twitter:label1\" content=\"Gesch\u00e4tzte Lesezeit\" \/>\n\t<meta name=\"twitter:data1\" content=\"2 Minuten\" \/>\n<script type=\"application\/ld+json\" class=\"yoast-schema-graph\">{\"@context\":\"https:\/\/schema.org\",\"@graph\":[{\"@type\":\"WebPage\",\"@id\":\"https:\/\/www.infoaffreschi.com\/de\/poetica\/\",\"url\":\"https:\/\/www.infoaffreschi.com\/de\/poetica\/\",\"name\":\"Projects | Poetik - A&A xRoberto Giovannini @MDW25\",\"isPartOf\":{\"@id\":\"https:\/\/www.infoaffreschi.com\/#website\"},\"datePublished\":\"2025-04-17T09:55:59+00:00\",\"dateModified\":\"2026-03-02T13:36:44+00:00\",\"description\":\"A&A f\u00fcr Roberto Giovannini: Still Love Tapeten erfinden die Handwerkskunst der Renaissance in einer zeitgen\u00f6ssischen Tonart neu\",\"breadcrumb\":{\"@id\":\"https:\/\/www.infoaffreschi.com\/de\/poetica\/#breadcrumb\"},\"inLanguage\":\"de-DE\",\"potentialAction\":[{\"@type\":\"ReadAction\",\"target\":[\"https:\/\/www.infoaffreschi.com\/de\/poetica\/\"]}]},{\"@type\":\"BreadcrumbList\",\"@id\":\"https:\/\/www.infoaffreschi.com\/de\/poetica\/#breadcrumb\",\"itemListElement\":[{\"@type\":\"ListItem\",\"position\":1,\"name\":\"Home\",\"item\":\"https:\/\/www.infoaffreschi.com\/de\/\"},{\"@type\":\"ListItem\",\"position\":2,\"name\":\"Poetik\"}]},{\"@type\":\"WebSite\",\"@id\":\"https:\/\/www.infoaffreschi.com\/#website\",\"url\":\"https:\/\/www.infoaffreschi.com\/\",\"name\":\"Affreschi &amp; Affreschi\",\"description\":\"I parati artigianali materici\",\"publisher\":{\"@id\":\"https:\/\/www.infoaffreschi.com\/#organization\"},\"potentialAction\":[{\"@type\":\"SearchAction\",\"target\":{\"@type\":\"EntryPoint\",\"urlTemplate\":\"https:\/\/www.infoaffreschi.com\/?s={search_term_string}\"},\"query-input\":\"required name=search_term_string\"}],\"inLanguage\":\"de-DE\"},{\"@type\":\"Organization\",\"@id\":\"https:\/\/www.infoaffreschi.com\/#organization\",\"name\":\"Affreschi & Affreschi\",\"url\":\"https:\/\/www.infoaffreschi.com\/\",\"logo\":{\"@type\":\"ImageObject\",\"inLanguage\":\"de-DE\",\"@id\":\"https:\/\/www.infoaffreschi.com\/#\/schema\/logo\/image\/\",\"url\":\"https:\/\/www.infoaffreschi.com\/wp-content\/uploads\/2019\/09\/LOGO-AFFRESCHI-nuovo.jpg\",\"contentUrl\":\"https:\/\/www.infoaffreschi.com\/wp-content\/uploads\/2019\/09\/LOGO-AFFRESCHI-nuovo.jpg\",\"width\":2000,\"height\":766,\"caption\":\"Affreschi & Affreschi\"},\"image\":{\"@id\":\"https:\/\/www.infoaffreschi.com\/#\/schema\/logo\/image\/\"},\"sameAs\":[\"https:\/\/www.facebook.com\/affreschi\",\"https:\/\/www.instagram.com\/affreschi_e_affreschi\/\",\"https:\/\/www.linkedin.com\/company\/affreschi-&amp;amp;-affreschi?trk=tyah&amp;amp;trkInfo=clickedVertical:company,clickedEntityId:3775726,idx:2-1-2,tarId:1487845305360,tas:affr\",\"https:\/\/www.pinterest.it\/italianfrescoes\/\",\"https:\/\/www.youtube.com\/channel\/UCkM3JCe7yfgUVdFUlbk5VtQ\"]}]}<\/script>\n<!-- \/ Yoast SEO plugin. -->","yoast_head_json":{"title":"Projects | Poetik - A&A xRoberto Giovannini @MDW25","description":"A&A f\u00fcr Roberto Giovannini: Still Love Tapeten erfinden die Handwerkskunst der Renaissance in einer zeitgen\u00f6ssischen Tonart neu","robots":{"index":"index","follow":"follow","max-snippet":"max-snippet:-1","max-image-preview":"max-image-preview:large","max-video-preview":"max-video-preview:-1"},"canonical":"https:\/\/www.infoaffreschi.com\/de\/poetica\/","og_locale":"de_DE","og_type":"article","og_title":"Projects | Poetik - A&A xRoberto Giovannini @MDW25","og_description":"A&A f\u00fcr Roberto Giovannini: Still Love Tapeten erfinden die Handwerkskunst der Renaissance in einer zeitgen\u00f6ssischen Tonart neu","og_url":"https:\/\/www.infoaffreschi.com\/de\/poetica\/","og_site_name":"Affreschi &amp; Affreschi","article_publisher":"https:\/\/www.facebook.com\/affreschi","article_modified_time":"2026-03-02T13:36:44+00:00","og_image":[{"width":1080,"height":1350,"url":"https:\/\/www.infoaffreschi.com\/wp-content\/uploads\/2025\/04\/489282360_18337340119081793_8421189671126583514_n-1.jpg","type":"image\/jpeg"}],"twitter_card":"summary_large_image","twitter_misc":{"Gesch\u00e4tzte Lesezeit":"2 Minuten"},"schema":{"@context":"https:\/\/schema.org","@graph":[{"@type":"WebPage","@id":"https:\/\/www.infoaffreschi.com\/de\/poetica\/","url":"https:\/\/www.infoaffreschi.com\/de\/poetica\/","name":"Projects | Poetik - A&A xRoberto Giovannini @MDW25","isPartOf":{"@id":"https:\/\/www.infoaffreschi.com\/#website"},"datePublished":"2025-04-17T09:55:59+00:00","dateModified":"2026-03-02T13:36:44+00:00","description":"A&A f\u00fcr Roberto Giovannini: Still Love Tapeten erfinden die Handwerkskunst der Renaissance in einer zeitgen\u00f6ssischen Tonart neu","breadcrumb":{"@id":"https:\/\/www.infoaffreschi.com\/de\/poetica\/#breadcrumb"},"inLanguage":"de-DE","potentialAction":[{"@type":"ReadAction","target":["https:\/\/www.infoaffreschi.com\/de\/poetica\/"]}]},{"@type":"BreadcrumbList","@id":"https:\/\/www.infoaffreschi.com\/de\/poetica\/#breadcrumb","itemListElement":[{"@type":"ListItem","position":1,"name":"Home","item":"https:\/\/www.infoaffreschi.com\/de\/"},{"@type":"ListItem","position":2,"name":"Poetik"}]},{"@type":"WebSite","@id":"https:\/\/www.infoaffreschi.com\/#website","url":"https:\/\/www.infoaffreschi.com\/","name":"Affreschi &amp; Affreschi","description":"I parati artigianali materici","publisher":{"@id":"https:\/\/www.infoaffreschi.com\/#organization"},"potentialAction":[{"@type":"SearchAction","target":{"@type":"EntryPoint","urlTemplate":"https:\/\/www.infoaffreschi.com\/?s={search_term_string}"},"query-input":"required name=search_term_string"}],"inLanguage":"de-DE"},{"@type":"Organization","@id":"https:\/\/www.infoaffreschi.com\/#organization","name":"Affreschi & Affreschi","url":"https:\/\/www.infoaffreschi.com\/","logo":{"@type":"ImageObject","inLanguage":"de-DE","@id":"https:\/\/www.infoaffreschi.com\/#\/schema\/logo\/image\/","url":"https:\/\/www.infoaffreschi.com\/wp-content\/uploads\/2019\/09\/LOGO-AFFRESCHI-nuovo.jpg","contentUrl":"https:\/\/www.infoaffreschi.com\/wp-content\/uploads\/2019\/09\/LOGO-AFFRESCHI-nuovo.jpg","width":2000,"height":766,"caption":"Affreschi & Affreschi"},"image":{"@id":"https:\/\/www.infoaffreschi.com\/#\/schema\/logo\/image\/"},"sameAs":["https:\/\/www.facebook.com\/affreschi","https:\/\/www.instagram.com\/affreschi_e_affreschi\/","https:\/\/www.linkedin.com\/company\/affreschi-&amp;amp;-affreschi?trk=tyah&amp;amp;trkInfo=clickedVertical:company,clickedEntityId:3775726,idx:2-1-2,tarId:1487845305360,tas:affr","https:\/\/www.pinterest.it\/italianfrescoes\/","https:\/\/www.youtube.com\/channel\/UCkM3JCe7yfgUVdFUlbk5VtQ"]}]}},"_links":{"self":[{"href":"https:\/\/www.infoaffreschi.com\/de\/wp-json\/wp\/v2\/pages\/30232"}],"collection":[{"href":"https:\/\/www.infoaffreschi.com\/de\/wp-json\/wp\/v2\/pages"}],"about":[{"href":"https:\/\/www.infoaffreschi.com\/de\/wp-json\/wp\/v2\/types\/page"}],"author":[{"embeddable":true,"href":"https:\/\/www.infoaffreschi.com\/de\/wp-json\/wp\/v2\/users\/2"}],"replies":[{"embeddable":true,"href":"https:\/\/www.infoaffreschi.com\/de\/wp-json\/wp\/v2\/comments?post=30232"}],"version-history":[{"count":6,"href":"https:\/\/www.infoaffreschi.com\/de\/wp-json\/wp\/v2\/pages\/30232\/revisions"}],"predecessor-version":[{"id":31186,"href":"https:\/\/www.infoaffreschi.com\/de\/wp-json\/wp\/v2\/pages\/30232\/revisions\/31186"}],"wp:featuredmedia":[{"embeddable":true,"href":"https:\/\/www.infoaffreschi.com\/de\/wp-json\/wp\/v2\/media\/29974"}],"wp:attachment":[{"href":"https:\/\/www.infoaffreschi.com\/de\/wp-json\/wp\/v2\/media?parent=30232"}],"curies":[{"name":"wp","href":"https:\/\/api.w.org\/{rel}","templated":true}]}}