{"id":30241,"date":"2025-04-17T12:56:29","date_gmt":"2025-04-17T10:56:29","guid":{"rendered":"https:\/\/www.infoaffreschi.com\/follow-the-flo\/"},"modified":"2025-04-17T16:01:18","modified_gmt":"2025-04-17T14:01:18","slug":"follow-the-flo","status":"publish","type":"page","link":"https:\/\/www.infoaffreschi.com\/de\/follow-the-flo\/","title":{"rendered":"Follow the FLO"},"content":{"rendered":"<section class=\"wpb-content-wrapper\">[vc_row][vc_column][vc_column_text]\n<h3><strong>FOLLOW THE FLO: MATERIE IN BEWEGUNG<\/strong><\/h3>\n<p class=\"p1\"><em>Affreschi &amp; Affreschi @ Galleria Rossana Orlandi \u2013 Mail\u00e4nder Designwoche 2025<\/em><\/p>\n[\/vc_column_text][\/vc_column][\/vc_row][vc_row][vc_column width=&#8220;1\/4&#8243;][vc_column_text]\n<p class=\"p1\"><strong>DIE ESSENZ DER INSTALLATION<\/strong><\/p>\n<p class=\"p1\">Eine gro\u00dfe Rolle <strong>handgefertigten Putzes<\/strong>, wie ein Renaissance-Gewand aufgeh\u00e4ngt, beherrschte den Raum mit ihrer <strong>materiellen Pr\u00e4senz<\/strong>. Dieses Element, bewusst im rohen Zustand und ohne Druck belassen, wurde zum Symbol unserer Philosophie: die Oberfl\u00e4che nicht als blo\u00dfe Verkleidung, sondern als l<strong>ebendige Haut<\/strong> \u2013 f\u00e4hig zu atmen und sich zu verwandeln. Drum herum: Fragmente aus<strong> Carrara-Marmor<\/strong>, <strong>r\u00f6mischem Travertin<\/strong> und <strong>Sandstein<\/strong> \u2013 die <strong>geologischen Wurzeln<\/strong> unseres <strong>Handwerks<\/strong> \u2013 im Dialog mit Werkzeugen und Auftragungsproben, in einer <strong>zirkul\u00e4ren Erz\u00e4hlung<\/strong> zwischen Ursprung und Sch\u00f6pfung.<\/p>\n[\/vc_column_text][\/vc_column][vc_column width=&#8220;3\/4&#8243;][vc_single_image image=&#8220;29995&#8243; img_size=&#8220;full&#8220;][\/vc_column][\/vc_row][vc_row][vc_column][vc_masonry_media_grid initial_loading_animation=&#8220;none&#8220; grid_id=&#8220;vc_gid:1744898084406-975badd9-b2fd-6&#8243; include=&#8220;30107,30007,30055,30003,30071,30067,30063,30011,30103,30019,30023,30027,30015,30091,30031,30035,30039,30099&#8243;][\/vc_column][\/vc_row][vc_row][vc_column width=&#8220;3\/4&#8243;][vc_single_image image=&#8220;30075&#8243; img_size=&#8220;full&#8220;][\/vc_column][vc_column width=&#8220;1\/4&#8243;][vc_column_text]\n<p class=\"p1\"><strong>DIE HANDWERKLICHE SZENE<\/strong><\/p>\n<p class=\"p1\">Im Zentrum nahm eine uralte Geste eine zeitgen\u00f6ssische Form an: Die <strong>ge\u00fcbten H\u00e4nde<\/strong> unserer Meister <strong>vermischten<\/strong>, <strong>verstrichen<\/strong> und modellierten das <strong>rohe Material<\/strong> in einer <strong>Performance<\/strong>, die <strong>Ritual und Innovation<\/strong> vereinte. Jede Bewegung erz\u00e4hlte von <strong>Jahrhunderten der Tradition<\/strong>, jedes ausgestellte Werkzeug offenbarte die untrennbare Verbindung zwischen <strong>Entwurf und Handarbeit<\/strong>. Die Werkbank, unsere Versandkisten und die Zylinder, die normalerweise zum Schutz von Fresken auf Reisen verwendet werden, vervollst\u00e4ndigten die Erz\u00e4hlung eines Prozesses, der von der Werkstatt zum Ausstellungsraum f\u00fchrt \u2013 ohne dabei seine <strong>Authentizit\u00e4t<\/strong> zu verlieren.<\/p>\n[\/vc_column_text][\/vc_column][\/vc_row][vc_row][vc_column][vc_masonry_media_grid initial_loading_animation=&#8220;none&#8220; grid_id=&#8220;vc_gid:1744898084414-5c52f1e7-0709-0&#8243; include=&#8220;30115,30043,30047,30051,30059,30083,30087,30095,29999,30111&#8243;][\/vc_column][\/vc_row][vc_row][vc_column width=&#8220;1\/4&#8243;][vc_column_text]\n<p class=\"p1\"><strong>DIE BEGEGNUNG MIT DER INNOVATION<\/strong><\/p>\n<p class=\"p1\">In diesem <strong>Theater der Materie<\/strong> f\u00fchrten die Paneele der neuen <strong>FLO-Kollektion<\/strong>, entworfen von <strong>Karim Rashid<\/strong>, eine<strong> traumhafte Dimension<\/strong> ein. Die<strong> flie\u00dfenden Muster<\/strong> \u2013 zwischen real und digital \u2013 tanzten \u00fcber die Oberfl\u00e4chen wie zeitgen\u00f6ssische \u00dcbersetzungen des ewigen Dialogs zwischen Natur und k\u00fcnstlicher Form. \u201e<em>Wir definieren die \u00c4sthetik bewohnter R\u00e4ume neu<\/em>\u201c, erkl\u00e4rte Rashid w\u00e4hrend der Pr\u00e4sentation, \u201e<em>wo Tiefe und Bewegung eine Sprache erschaffen, die zugleich sinnlich und technologisch ist.<\/em>\u201c<\/p>\n[\/vc_column_text][\/vc_column][vc_column width=&#8220;3\/4&#8243;][vc_single_image image=&#8220;30131&#8243; img_size=&#8220;full&#8220;][\/vc_column][\/vc_row][vc_row][vc_column][vc_masonry_media_grid element_width=&#8220;6&#8243; initial_loading_animation=&#8220;none&#8220; grid_id=&#8220;vc_gid:1744898084417-34cb151e-34d5-10&#8243; include=&#8220;30195,30155,30199,30163,30119,30127,30203,30135,30143,30151,30167,30179,30175,30159,30191,30187,30183&#8243;][\/vc_column][\/vc_row][vc_row][vc_column][vc_column_text]\n<p class=\"p1\"><strong>DER FLUSS GEHT WEITER<\/strong><\/p>\n<p class=\"p1\"><strong>Follow the Flo<\/strong> war mehr als nur eine Installation: eine <strong>Liebeserkl\u00e4rung<\/strong> an die Materie und ihre unendlichen transformativen M\u00f6glichkeiten. Zwischen der mineralischen Festigkeit des Ursprungs und der digitalen Fluidit\u00e4t der Zukunft zeigten wir, wie jede <strong>Oberfl\u00e4che<\/strong> zu einer <strong>emotionalen Landschaft<\/strong> werden kann, jede handwerkliche Geste zu einem Akt zeitgen\u00f6ssischen Designs.<\/p>\n<p class=\"p1\">Die in diesem Kontext pr\u00e4sentierte <strong>FLO<\/strong>-Kollektion erscheint nicht als blo\u00dfes Endprodukt, sondern als<strong> Etappe einer fortw\u00e4hrenden Reise<\/strong> \u2013 in der sich Tradition und Innovation nicht widersprechen, sondern in einem <strong>endlosen Fluss<\/strong> gegenseitig bereichern.<\/p>\n[\/vc_column_text][vc_btn title=&#8220;Entdecken Sie die FLO-Kollektion&#8220; shape=&#8220;square&#8220; align=&#8220;center&#8220; link=&#8220;url:https%3A%2F%2Fwww.infoaffreschi.com%2Fde%2Fflo-collection%2F&#8220;][\/vc_column][\/vc_row]\n<\/section>","protected":false},"excerpt":{"rendered":"[vc_row][vc_column][vc_column_text] FOLLOW THE FLO: MATERIE IN BEWEGUNG Affreschi &amp; Affreschi @ Galleria Rossana Orlandi \u2013 Mail\u00e4nder Designwoche 2025 [\/vc_column_text][\/vc_column][\/vc_row][vc_row][vc_column width=&#8220;1\/4&#8243;][vc_column_text] DIE ESSENZ DER INSTALLATION Eine gro\u00dfe Rolle handgefertigten Putzes, wie ein Renaissance-Gewand aufgeh\u00e4ngt, beherrschte den Raum mit ihrer materiellen Pr\u00e4senz. Dieses Element, bewusst im rohen Zustand und ohne Druck belassen, wurde zum Symbol unserer Philosophie: [&#8230;]\n","protected":false},"author":2,"featured_media":30082,"parent":0,"menu_order":0,"comment_status":"closed","ping_status":"closed","template":"","meta":{"_mi_skip_tracking":false,"_monsterinsights_sitenote_active":false,"_monsterinsights_sitenote_note":"","_monsterinsights_sitenote_category":0,"footnotes":""},"yoast_head":"<!-- This site is optimized with the Yoast SEO plugin v21.0 - https:\/\/yoast.com\/wordpress\/plugins\/seo\/ -->\n<title>Projects | Follow the FLO - A&amp;A @Galleria Rossana Orlandi<\/title>\n<meta name=\"description\" content=\"\u201eFollow the Flo\u201c bei GRO: Affreschi&amp;Affreschi feiert das Material zwischen Handwerkskunst und der neuen Kollektion von Karim Rashid.\" \/>\n<meta name=\"robots\" content=\"index, follow, max-snippet:-1, max-image-preview:large, max-video-preview:-1\" \/>\n<link rel=\"canonical\" href=\"https:\/\/www.infoaffreschi.com\/de\/follow-the-flo\/\" \/>\n<meta property=\"og:locale\" content=\"de_DE\" \/>\n<meta property=\"og:type\" content=\"article\" \/>\n<meta property=\"og:title\" content=\"Projects | Follow the FLO - A&amp;A @Galleria Rossana Orlandi\" \/>\n<meta property=\"og:description\" content=\"\u201eFollow the Flo\u201c bei GRO: Affreschi&amp;Affreschi feiert das Material zwischen Handwerkskunst und der neuen Kollektion von Karim Rashid.\" \/>\n<meta property=\"og:url\" content=\"https:\/\/www.infoaffreschi.com\/de\/follow-the-flo\/\" \/>\n<meta property=\"og:site_name\" content=\"Affreschi &amp; Affreschi\" \/>\n<meta property=\"article:publisher\" content=\"https:\/\/www.facebook.com\/affreschi\" \/>\n<meta property=\"article:modified_time\" content=\"2025-04-17T14:01:18+00:00\" \/>\n<meta property=\"og:image\" content=\"https:\/\/www.infoaffreschi.com\/wp-content\/uploads\/2025\/04\/IMG_5811-1.jpg\" \/>\n\t<meta property=\"og:image:width\" content=\"2226\" \/>\n\t<meta property=\"og:image:height\" content=\"1484\" \/>\n\t<meta property=\"og:image:type\" content=\"image\/jpeg\" \/>\n<meta name=\"twitter:card\" content=\"summary_large_image\" \/>\n<meta name=\"twitter:label1\" content=\"Gesch\u00e4tzte Lesezeit\" \/>\n\t<meta name=\"twitter:data1\" content=\"2 Minuten\" \/>\n<script type=\"application\/ld+json\" class=\"yoast-schema-graph\">{\"@context\":\"https:\/\/schema.org\",\"@graph\":[{\"@type\":\"WebPage\",\"@id\":\"https:\/\/www.infoaffreschi.com\/de\/follow-the-flo\/\",\"url\":\"https:\/\/www.infoaffreschi.com\/de\/follow-the-flo\/\",\"name\":\"Projects | Follow the FLO - A&A @Galleria Rossana Orlandi\",\"isPartOf\":{\"@id\":\"https:\/\/www.infoaffreschi.com\/#website\"},\"datePublished\":\"2025-04-17T10:56:29+00:00\",\"dateModified\":\"2025-04-17T14:01:18+00:00\",\"description\":\"\u201eFollow the Flo\u201c bei GRO: Affreschi&Affreschi feiert das Material zwischen Handwerkskunst und der neuen Kollektion von Karim Rashid.\",\"breadcrumb\":{\"@id\":\"https:\/\/www.infoaffreschi.com\/de\/follow-the-flo\/#breadcrumb\"},\"inLanguage\":\"de-DE\",\"potentialAction\":[{\"@type\":\"ReadAction\",\"target\":[\"https:\/\/www.infoaffreschi.com\/de\/follow-the-flo\/\"]}]},{\"@type\":\"BreadcrumbList\",\"@id\":\"https:\/\/www.infoaffreschi.com\/de\/follow-the-flo\/#breadcrumb\",\"itemListElement\":[{\"@type\":\"ListItem\",\"position\":1,\"name\":\"Home\",\"item\":\"https:\/\/www.infoaffreschi.com\/de\/\"},{\"@type\":\"ListItem\",\"position\":2,\"name\":\"Follow the FLO\"}]},{\"@type\":\"WebSite\",\"@id\":\"https:\/\/www.infoaffreschi.com\/#website\",\"url\":\"https:\/\/www.infoaffreschi.com\/\",\"name\":\"Affreschi &amp; Affreschi\",\"description\":\"I parati artigianali materici\",\"publisher\":{\"@id\":\"https:\/\/www.infoaffreschi.com\/#organization\"},\"potentialAction\":[{\"@type\":\"SearchAction\",\"target\":{\"@type\":\"EntryPoint\",\"urlTemplate\":\"https:\/\/www.infoaffreschi.com\/?s={search_term_string}\"},\"query-input\":\"required name=search_term_string\"}],\"inLanguage\":\"de-DE\"},{\"@type\":\"Organization\",\"@id\":\"https:\/\/www.infoaffreschi.com\/#organization\",\"name\":\"Affreschi & Affreschi\",\"url\":\"https:\/\/www.infoaffreschi.com\/\",\"logo\":{\"@type\":\"ImageObject\",\"inLanguage\":\"de-DE\",\"@id\":\"https:\/\/www.infoaffreschi.com\/#\/schema\/logo\/image\/\",\"url\":\"https:\/\/www.infoaffreschi.com\/wp-content\/uploads\/2019\/09\/LOGO-AFFRESCHI-nuovo.jpg\",\"contentUrl\":\"https:\/\/www.infoaffreschi.com\/wp-content\/uploads\/2019\/09\/LOGO-AFFRESCHI-nuovo.jpg\",\"width\":2000,\"height\":766,\"caption\":\"Affreschi & Affreschi\"},\"image\":{\"@id\":\"https:\/\/www.infoaffreschi.com\/#\/schema\/logo\/image\/\"},\"sameAs\":[\"https:\/\/www.facebook.com\/affreschi\",\"https:\/\/www.instagram.com\/affreschi_e_affreschi\/\",\"https:\/\/www.linkedin.com\/company\/affreschi-&amp;amp;-affreschi?trk=tyah&amp;amp;trkInfo=clickedVertical:company,clickedEntityId:3775726,idx:2-1-2,tarId:1487845305360,tas:affr\",\"https:\/\/www.pinterest.it\/italianfrescoes\/\",\"https:\/\/www.youtube.com\/channel\/UCkM3JCe7yfgUVdFUlbk5VtQ\"]}]}<\/script>\n<!-- \/ Yoast SEO plugin. -->","yoast_head_json":{"title":"Projects | Follow the FLO - A&A @Galleria Rossana Orlandi","description":"\u201eFollow the Flo\u201c bei GRO: Affreschi&Affreschi feiert das Material zwischen Handwerkskunst und der neuen Kollektion von Karim Rashid.","robots":{"index":"index","follow":"follow","max-snippet":"max-snippet:-1","max-image-preview":"max-image-preview:large","max-video-preview":"max-video-preview:-1"},"canonical":"https:\/\/www.infoaffreschi.com\/de\/follow-the-flo\/","og_locale":"de_DE","og_type":"article","og_title":"Projects | Follow the FLO - A&A @Galleria Rossana Orlandi","og_description":"\u201eFollow the Flo\u201c bei GRO: Affreschi&Affreschi feiert das Material zwischen Handwerkskunst und der neuen Kollektion von Karim Rashid.","og_url":"https:\/\/www.infoaffreschi.com\/de\/follow-the-flo\/","og_site_name":"Affreschi &amp; Affreschi","article_publisher":"https:\/\/www.facebook.com\/affreschi","article_modified_time":"2025-04-17T14:01:18+00:00","og_image":[{"width":2226,"height":1484,"url":"https:\/\/www.infoaffreschi.com\/wp-content\/uploads\/2025\/04\/IMG_5811-1.jpg","type":"image\/jpeg"}],"twitter_card":"summary_large_image","twitter_misc":{"Gesch\u00e4tzte Lesezeit":"2 Minuten"},"schema":{"@context":"https:\/\/schema.org","@graph":[{"@type":"WebPage","@id":"https:\/\/www.infoaffreschi.com\/de\/follow-the-flo\/","url":"https:\/\/www.infoaffreschi.com\/de\/follow-the-flo\/","name":"Projects | Follow the FLO - A&A @Galleria Rossana Orlandi","isPartOf":{"@id":"https:\/\/www.infoaffreschi.com\/#website"},"datePublished":"2025-04-17T10:56:29+00:00","dateModified":"2025-04-17T14:01:18+00:00","description":"\u201eFollow the Flo\u201c bei GRO: Affreschi&Affreschi feiert das Material zwischen Handwerkskunst und der neuen Kollektion von Karim Rashid.","breadcrumb":{"@id":"https:\/\/www.infoaffreschi.com\/de\/follow-the-flo\/#breadcrumb"},"inLanguage":"de-DE","potentialAction":[{"@type":"ReadAction","target":["https:\/\/www.infoaffreschi.com\/de\/follow-the-flo\/"]}]},{"@type":"BreadcrumbList","@id":"https:\/\/www.infoaffreschi.com\/de\/follow-the-flo\/#breadcrumb","itemListElement":[{"@type":"ListItem","position":1,"name":"Home","item":"https:\/\/www.infoaffreschi.com\/de\/"},{"@type":"ListItem","position":2,"name":"Follow the FLO"}]},{"@type":"WebSite","@id":"https:\/\/www.infoaffreschi.com\/#website","url":"https:\/\/www.infoaffreschi.com\/","name":"Affreschi &amp; Affreschi","description":"I parati artigianali materici","publisher":{"@id":"https:\/\/www.infoaffreschi.com\/#organization"},"potentialAction":[{"@type":"SearchAction","target":{"@type":"EntryPoint","urlTemplate":"https:\/\/www.infoaffreschi.com\/?s={search_term_string}"},"query-input":"required name=search_term_string"}],"inLanguage":"de-DE"},{"@type":"Organization","@id":"https:\/\/www.infoaffreschi.com\/#organization","name":"Affreschi & Affreschi","url":"https:\/\/www.infoaffreschi.com\/","logo":{"@type":"ImageObject","inLanguage":"de-DE","@id":"https:\/\/www.infoaffreschi.com\/#\/schema\/logo\/image\/","url":"https:\/\/www.infoaffreschi.com\/wp-content\/uploads\/2019\/09\/LOGO-AFFRESCHI-nuovo.jpg","contentUrl":"https:\/\/www.infoaffreschi.com\/wp-content\/uploads\/2019\/09\/LOGO-AFFRESCHI-nuovo.jpg","width":2000,"height":766,"caption":"Affreschi & Affreschi"},"image":{"@id":"https:\/\/www.infoaffreschi.com\/#\/schema\/logo\/image\/"},"sameAs":["https:\/\/www.facebook.com\/affreschi","https:\/\/www.instagram.com\/affreschi_e_affreschi\/","https:\/\/www.linkedin.com\/company\/affreschi-&amp;amp;-affreschi?trk=tyah&amp;amp;trkInfo=clickedVertical:company,clickedEntityId:3775726,idx:2-1-2,tarId:1487845305360,tas:affr","https:\/\/www.pinterest.it\/italianfrescoes\/","https:\/\/www.youtube.com\/channel\/UCkM3JCe7yfgUVdFUlbk5VtQ"]}]}},"_links":{"self":[{"href":"https:\/\/www.infoaffreschi.com\/de\/wp-json\/wp\/v2\/pages\/30241"}],"collection":[{"href":"https:\/\/www.infoaffreschi.com\/de\/wp-json\/wp\/v2\/pages"}],"about":[{"href":"https:\/\/www.infoaffreschi.com\/de\/wp-json\/wp\/v2\/types\/page"}],"author":[{"embeddable":true,"href":"https:\/\/www.infoaffreschi.com\/de\/wp-json\/wp\/v2\/users\/2"}],"replies":[{"embeddable":true,"href":"https:\/\/www.infoaffreschi.com\/de\/wp-json\/wp\/v2\/comments?post=30241"}],"version-history":[{"count":3,"href":"https:\/\/www.infoaffreschi.com\/de\/wp-json\/wp\/v2\/pages\/30241\/revisions"}],"predecessor-version":[{"id":30259,"href":"https:\/\/www.infoaffreschi.com\/de\/wp-json\/wp\/v2\/pages\/30241\/revisions\/30259"}],"wp:featuredmedia":[{"embeddable":true,"href":"https:\/\/www.infoaffreschi.com\/de\/wp-json\/wp\/v2\/media\/30082"}],"wp:attachment":[{"href":"https:\/\/www.infoaffreschi.com\/de\/wp-json\/wp\/v2\/media?parent=30241"}],"curies":[{"name":"wp","href":"https:\/\/api.w.org\/{rel}","templated":true}]}}