{"id":30648,"date":"2025-06-04T16:43:34","date_gmt":"2025-06-04T14:43:34","guid":{"rendered":"https:\/\/www.infoaffreschi.com\/brochure\/"},"modified":"2025-06-05T09:51:09","modified_gmt":"2025-06-05T07:51:09","slug":"brochure","status":"publish","type":"page","link":"https:\/\/www.infoaffreschi.com\/de\/brochure\/","title":{"rendered":"Brochure"},"content":{"rendered":"<section class=\"wpb-content-wrapper\">[vc_row][vc_column][vc_column_text]\n<h3><b>BROCHURE<\/b><\/h3>\n[\/vc_column_text][vc_column_text]\n<div>\n<h3>Ein einblick in unsere kreative welt<\/h3>\n<p>&nbsp;<\/p>\n<p><span style=\"font-size: 14.4px;\">Diese elegante und funktionale <\/span><strong style=\"font-size: 14.4px;\">Brosch\u00fcre<\/strong><span style=\"font-size: 14.4px;\"> wurde entwickelt, um einen \u00dcberblick \u00fcber unser <\/span><strong style=\"font-size: 14.4px;\">Konzept<\/strong><span style=\"font-size: 14.4px;\"> und die <\/span><strong style=\"font-size: 14.4px;\">besonderen Eigenschaften<\/strong><span style=\"font-size: 14.4px;\"> unserer Materialien zu geben. Mit einem Format von <\/span><strong style=\"font-size: 14.4px;\">15 \u00d7 15 cm<\/strong><span style=\"font-size: 14.4px;\"> enth\u00e4lt sie eine <\/span><strong style=\"font-size: 14.4px;\">kleine Materialprobe<\/strong><span style=\"font-size: 14.4px;\">, damit Sie die Qualit\u00e4t unserer handgefertigten <\/span><span style=\"font-size: 14.4px;\">Tapeten selbst erleben k\u00f6nnen.<\/span><\/p>\n<\/div>\n[\/vc_column_text][\/vc_column][\/vc_row][vc_row][vc_column width=&#8220;3\/4&#8243;][vc_masonry_media_grid element_width=&#8220;6&#8243; grid_id=&#8220;vc_gid:1749109046690-882e1ac8-5340-7&#8243; include=&#8220;30621,30630,30609,30635,30613&#8243;][\/vc_column][vc_column width=&#8220;1\/4&#8243;][vc_column_text]\n<h3 class=\"p1\"><strong>Technische Merkmale:<\/strong><\/h3>\n<ul>\n<li><strong>Format<\/strong>: 15 \u00d7 15 cm<\/li>\n<li><strong>Inhalt<\/strong>: Beschreibung des Konzepts und der Materialeigenschaften<\/li>\n<li><strong>Aufbau<\/strong>: Faltbar, mit einer <strong>kleinen Materialprobe enthalten<\/strong><\/li>\n<\/ul>\n[\/vc_column_text][\/vc_column][\/vc_row]\n<\/section>","protected":false},"excerpt":{"rendered":"[vc_row][vc_column][vc_column_text] BROCHURE [\/vc_column_text][vc_column_text] Ein einblick in unsere kreative welt &nbsp; Diese elegante und funktionale Brosch\u00fcre wurde entwickelt, um einen \u00dcberblick \u00fcber unser Konzept und die besonderen Eigenschaften unserer Materialien zu geben. Mit einem Format von 15 \u00d7 15 cm enth\u00e4lt sie eine kleine Materialprobe, damit Sie die Qualit\u00e4t unserer handgefertigten Tapeten selbst erleben k\u00f6nnen. [\/vc_column_text][\/vc_column][\/vc_row][vc_row][vc_column [&#8230;]\n","protected":false},"author":2,"featured_media":0,"parent":0,"menu_order":0,"comment_status":"closed","ping_status":"closed","template":"","meta":{"_mi_skip_tracking":false,"_monsterinsights_sitenote_active":false,"_monsterinsights_sitenote_note":"","_monsterinsights_sitenote_category":0,"footnotes":""},"yoast_head":"<!-- This site is optimized with the Yoast SEO plugin v21.0 - https:\/\/yoast.com\/wordpress\/plugins\/seo\/ -->\n<title>Brochure - Affreschi &amp; Affreschi<\/title>\n<meta name=\"description\" content=\"Diese elegante und funktionale Brosch\u00fcre wurde entwickelt, um einen \u00dcberblick \u00fcber unserKonzept und die besonderen Eigenschaften unserer Materialien zu geben\" \/>\n<meta name=\"robots\" content=\"index, follow, max-snippet:-1, max-image-preview:large, max-video-preview:-1\" \/>\n<link rel=\"canonical\" href=\"https:\/\/www.infoaffreschi.com\/de\/brochure\/\" \/>\n<meta property=\"og:locale\" content=\"de_DE\" \/>\n<meta property=\"og:type\" content=\"article\" \/>\n<meta property=\"og:title\" content=\"Brochure - Affreschi &amp; Affreschi\" \/>\n<meta property=\"og:description\" content=\"Diese elegante und funktionale Brosch\u00fcre wurde entwickelt, um einen \u00dcberblick \u00fcber unserKonzept und die besonderen Eigenschaften unserer Materialien zu geben\" \/>\n<meta property=\"og:url\" content=\"https:\/\/www.infoaffreschi.com\/de\/brochure\/\" \/>\n<meta property=\"og:site_name\" content=\"Affreschi &amp; Affreschi\" \/>\n<meta property=\"article:publisher\" content=\"https:\/\/www.facebook.com\/affreschi\" \/>\n<meta property=\"article:modified_time\" content=\"2025-06-05T07:51:09+00:00\" \/>\n<meta name=\"twitter:card\" content=\"summary_large_image\" \/>\n<meta name=\"twitter:label1\" content=\"Gesch\u00e4tzte Lesezeit\" \/>\n\t<meta name=\"twitter:data1\" content=\"1 Minute\" \/>\n<script type=\"application\/ld+json\" class=\"yoast-schema-graph\">{\"@context\":\"https:\/\/schema.org\",\"@graph\":[{\"@type\":\"WebPage\",\"@id\":\"https:\/\/www.infoaffreschi.com\/de\/brochure\/\",\"url\":\"https:\/\/www.infoaffreschi.com\/de\/brochure\/\",\"name\":\"Brochure - Affreschi &amp; Affreschi\",\"isPartOf\":{\"@id\":\"https:\/\/www.infoaffreschi.com\/#website\"},\"datePublished\":\"2025-06-04T14:43:34+00:00\",\"dateModified\":\"2025-06-05T07:51:09+00:00\",\"description\":\"Diese elegante und funktionale Brosch\u00fcre wurde entwickelt, um einen \u00dcberblick \u00fcber unserKonzept und die besonderen Eigenschaften unserer Materialien zu geben\",\"breadcrumb\":{\"@id\":\"https:\/\/www.infoaffreschi.com\/de\/brochure\/#breadcrumb\"},\"inLanguage\":\"de-DE\",\"potentialAction\":[{\"@type\":\"ReadAction\",\"target\":[\"https:\/\/www.infoaffreschi.com\/de\/brochure\/\"]}]},{\"@type\":\"BreadcrumbList\",\"@id\":\"https:\/\/www.infoaffreschi.com\/de\/brochure\/#breadcrumb\",\"itemListElement\":[{\"@type\":\"ListItem\",\"position\":1,\"name\":\"Home\",\"item\":\"https:\/\/www.infoaffreschi.com\/de\/\"},{\"@type\":\"ListItem\",\"position\":2,\"name\":\"Brochure\"}]},{\"@type\":\"WebSite\",\"@id\":\"https:\/\/www.infoaffreschi.com\/#website\",\"url\":\"https:\/\/www.infoaffreschi.com\/\",\"name\":\"Affreschi &amp; Affreschi\",\"description\":\"I parati artigianali materici\",\"publisher\":{\"@id\":\"https:\/\/www.infoaffreschi.com\/#organization\"},\"potentialAction\":[{\"@type\":\"SearchAction\",\"target\":{\"@type\":\"EntryPoint\",\"urlTemplate\":\"https:\/\/www.infoaffreschi.com\/?s={search_term_string}\"},\"query-input\":\"required name=search_term_string\"}],\"inLanguage\":\"de-DE\"},{\"@type\":\"Organization\",\"@id\":\"https:\/\/www.infoaffreschi.com\/#organization\",\"name\":\"Affreschi & Affreschi\",\"url\":\"https:\/\/www.infoaffreschi.com\/\",\"logo\":{\"@type\":\"ImageObject\",\"inLanguage\":\"de-DE\",\"@id\":\"https:\/\/www.infoaffreschi.com\/#\/schema\/logo\/image\/\",\"url\":\"https:\/\/www.infoaffreschi.com\/wp-content\/uploads\/2019\/09\/LOGO-AFFRESCHI-nuovo.jpg\",\"contentUrl\":\"https:\/\/www.infoaffreschi.com\/wp-content\/uploads\/2019\/09\/LOGO-AFFRESCHI-nuovo.jpg\",\"width\":2000,\"height\":766,\"caption\":\"Affreschi & Affreschi\"},\"image\":{\"@id\":\"https:\/\/www.infoaffreschi.com\/#\/schema\/logo\/image\/\"},\"sameAs\":[\"https:\/\/www.facebook.com\/affreschi\",\"https:\/\/www.instagram.com\/affreschi_e_affreschi\/\",\"https:\/\/www.linkedin.com\/company\/affreschi-&amp;amp;-affreschi?trk=tyah&amp;amp;trkInfo=clickedVertical:company,clickedEntityId:3775726,idx:2-1-2,tarId:1487845305360,tas:affr\",\"https:\/\/www.pinterest.it\/italianfrescoes\/\",\"https:\/\/www.youtube.com\/channel\/UCkM3JCe7yfgUVdFUlbk5VtQ\"]}]}<\/script>\n<!-- \/ Yoast SEO plugin. -->","yoast_head_json":{"title":"Brochure - Affreschi &amp; Affreschi","description":"Diese elegante und funktionale Brosch\u00fcre wurde entwickelt, um einen \u00dcberblick \u00fcber unserKonzept und die besonderen Eigenschaften unserer Materialien zu geben","robots":{"index":"index","follow":"follow","max-snippet":"max-snippet:-1","max-image-preview":"max-image-preview:large","max-video-preview":"max-video-preview:-1"},"canonical":"https:\/\/www.infoaffreschi.com\/de\/brochure\/","og_locale":"de_DE","og_type":"article","og_title":"Brochure - Affreschi &amp; Affreschi","og_description":"Diese elegante und funktionale Brosch\u00fcre wurde entwickelt, um einen \u00dcberblick \u00fcber unserKonzept und die besonderen Eigenschaften unserer Materialien zu geben","og_url":"https:\/\/www.infoaffreschi.com\/de\/brochure\/","og_site_name":"Affreschi &amp; Affreschi","article_publisher":"https:\/\/www.facebook.com\/affreschi","article_modified_time":"2025-06-05T07:51:09+00:00","twitter_card":"summary_large_image","twitter_misc":{"Gesch\u00e4tzte Lesezeit":"1 Minute"},"schema":{"@context":"https:\/\/schema.org","@graph":[{"@type":"WebPage","@id":"https:\/\/www.infoaffreschi.com\/de\/brochure\/","url":"https:\/\/www.infoaffreschi.com\/de\/brochure\/","name":"Brochure - Affreschi &amp; Affreschi","isPartOf":{"@id":"https:\/\/www.infoaffreschi.com\/#website"},"datePublished":"2025-06-04T14:43:34+00:00","dateModified":"2025-06-05T07:51:09+00:00","description":"Diese elegante und funktionale Brosch\u00fcre wurde entwickelt, um einen \u00dcberblick \u00fcber unserKonzept und die besonderen Eigenschaften unserer Materialien zu geben","breadcrumb":{"@id":"https:\/\/www.infoaffreschi.com\/de\/brochure\/#breadcrumb"},"inLanguage":"de-DE","potentialAction":[{"@type":"ReadAction","target":["https:\/\/www.infoaffreschi.com\/de\/brochure\/"]}]},{"@type":"BreadcrumbList","@id":"https:\/\/www.infoaffreschi.com\/de\/brochure\/#breadcrumb","itemListElement":[{"@type":"ListItem","position":1,"name":"Home","item":"https:\/\/www.infoaffreschi.com\/de\/"},{"@type":"ListItem","position":2,"name":"Brochure"}]},{"@type":"WebSite","@id":"https:\/\/www.infoaffreschi.com\/#website","url":"https:\/\/www.infoaffreschi.com\/","name":"Affreschi &amp; Affreschi","description":"I parati artigianali materici","publisher":{"@id":"https:\/\/www.infoaffreschi.com\/#organization"},"potentialAction":[{"@type":"SearchAction","target":{"@type":"EntryPoint","urlTemplate":"https:\/\/www.infoaffreschi.com\/?s={search_term_string}"},"query-input":"required name=search_term_string"}],"inLanguage":"de-DE"},{"@type":"Organization","@id":"https:\/\/www.infoaffreschi.com\/#organization","name":"Affreschi & Affreschi","url":"https:\/\/www.infoaffreschi.com\/","logo":{"@type":"ImageObject","inLanguage":"de-DE","@id":"https:\/\/www.infoaffreschi.com\/#\/schema\/logo\/image\/","url":"https:\/\/www.infoaffreschi.com\/wp-content\/uploads\/2019\/09\/LOGO-AFFRESCHI-nuovo.jpg","contentUrl":"https:\/\/www.infoaffreschi.com\/wp-content\/uploads\/2019\/09\/LOGO-AFFRESCHI-nuovo.jpg","width":2000,"height":766,"caption":"Affreschi & Affreschi"},"image":{"@id":"https:\/\/www.infoaffreschi.com\/#\/schema\/logo\/image\/"},"sameAs":["https:\/\/www.facebook.com\/affreschi","https:\/\/www.instagram.com\/affreschi_e_affreschi\/","https:\/\/www.linkedin.com\/company\/affreschi-&amp;amp;-affreschi?trk=tyah&amp;amp;trkInfo=clickedVertical:company,clickedEntityId:3775726,idx:2-1-2,tarId:1487845305360,tas:affr","https:\/\/www.pinterest.it\/italianfrescoes\/","https:\/\/www.youtube.com\/channel\/UCkM3JCe7yfgUVdFUlbk5VtQ"]}]}},"_links":{"self":[{"href":"https:\/\/www.infoaffreschi.com\/de\/wp-json\/wp\/v2\/pages\/30648"}],"collection":[{"href":"https:\/\/www.infoaffreschi.com\/de\/wp-json\/wp\/v2\/pages"}],"about":[{"href":"https:\/\/www.infoaffreschi.com\/de\/wp-json\/wp\/v2\/types\/page"}],"author":[{"embeddable":true,"href":"https:\/\/www.infoaffreschi.com\/de\/wp-json\/wp\/v2\/users\/2"}],"replies":[{"embeddable":true,"href":"https:\/\/www.infoaffreschi.com\/de\/wp-json\/wp\/v2\/comments?post=30648"}],"version-history":[{"count":3,"href":"https:\/\/www.infoaffreschi.com\/de\/wp-json\/wp\/v2\/pages\/30648\/revisions"}],"predecessor-version":[{"id":30675,"href":"https:\/\/www.infoaffreschi.com\/de\/wp-json\/wp\/v2\/pages\/30648\/revisions\/30675"}],"wp:attachment":[{"href":"https:\/\/www.infoaffreschi.com\/de\/wp-json\/wp\/v2\/media?parent=30648"}],"curies":[{"name":"wp","href":"https:\/\/api.w.org\/{rel}","templated":true}]}}