{"id":30651,"date":"2025-06-04T16:25:14","date_gmt":"2025-06-04T14:25:14","guid":{"rendered":"https:\/\/www.infoaffreschi.com\/sample-kit\/"},"modified":"2025-06-05T12:39:00","modified_gmt":"2025-06-05T10:39:00","slug":"sample-kit","status":"publish","type":"page","link":"https:\/\/www.infoaffreschi.com\/de\/sample-kit\/","title":{"rendered":"Sample Kit"},"content":{"rendered":"<section class=\"wpb-content-wrapper\">[vc_row][vc_column][vc_column_text]\n<h3><b>SAMPLE KIT<\/b><\/h3>\n[\/vc_column_text][vc_column_text]\n<div>\n<h3>Eleganz und qualit\u00e4t zum greifen nah<\/h3>\n<p>&nbsp;<\/p>\n<\/div>\n<div>\n<p class=\"p1\">Das <strong>Sample Kit<\/strong> enth\u00e4lt eine Auswahl von <strong>f\u00fcnf Materialmustern im A4-Format<\/strong>, pr\u00e4sentiert in einer eleganten, <strong>wei\u00dfen Soft-Touch-Mappe<\/strong>. Diese praktische Mappe veranschaulicht die Besonderheite\u00a0unserer Fresken und erm\u00f6glicht es, Textur, Farbe und Design in einem kompakten Format zu entdecken. Der spezielle Musterhalter eignet sich ideal f\u00fcr Pr\u00e4sentationen, die Erstellung von <strong>Moodboards<\/strong> und die Kombination mit anderen Materialien.<\/p>\n<\/div>\n[\/vc_column_text][\/vc_column][\/vc_row][vc_row][vc_column width=&#8220;3\/4&#8243;][vc_masonry_media_grid element_width=&#8220;6&#8243; grid_id=&#8220;vc_gid:1749118925769-f18e5230-bb37-6&#8243; include=&#8220;30575,30587,30595,30583,30591,30579&#8243;][\/vc_column][vc_column width=&#8220;1\/4&#8243;][vc_column_text]\n<h3 class=\"p1\"><strong>Technische Merkmale<\/strong><\/h3>\n<ul>\n<li class=\"p1\"><strong>Format<\/strong>: A4-Mappe mit Soft-Touch-Oberfl\u00e4che<\/li>\n<li class=\"p1\"><strong>Inhalt<\/strong>: 5 ausgew\u00e4hlte Materialmuster im A4-Format<\/li>\n<li class=\"p1\"><strong>Aufbau<\/strong>: Lose, ungebundene Muster<\/li>\n<li class=\"p1\"><strong>Preis<\/strong>: \u20ac 20<\/li>\n<\/ul>\n[\/vc_column_text][\/vc_column][\/vc_row]\n<\/section>","protected":false},"excerpt":{"rendered":"[vc_row][vc_column][vc_column_text] SAMPLE KIT [\/vc_column_text][vc_column_text] Eleganz und qualit\u00e4t zum greifen nah &nbsp; Das Sample Kit enth\u00e4lt eine Auswahl von f\u00fcnf Materialmustern im A4-Format, pr\u00e4sentiert in einer eleganten, wei\u00dfen Soft-Touch-Mappe. Diese praktische Mappe veranschaulicht die Besonderheite\u00a0unserer Fresken und erm\u00f6glicht es, Textur, Farbe und Design in einem kompakten Format zu entdecken. Der spezielle Musterhalter eignet sich ideal f\u00fcr [&#8230;]\n","protected":false},"author":2,"featured_media":0,"parent":0,"menu_order":0,"comment_status":"closed","ping_status":"closed","template":"","meta":{"_mi_skip_tracking":false,"_monsterinsights_sitenote_active":false,"_monsterinsights_sitenote_note":"","_monsterinsights_sitenote_category":0,"footnotes":""},"yoast_head":"<!-- This site is optimized with the Yoast SEO plugin v21.0 - https:\/\/yoast.com\/wordpress\/plugins\/seo\/ -->\n<title>Sample Kit - Affreschi &amp; Affreschi<\/title>\n<meta name=\"description\" content=\"Das Sample Kit enth\u00e4lt eine Auswahl von f\u00fcnf Materialmustern im A4-Format, pr\u00e4sentiert in einereleganten, wei\u00dfen Soft-Touch-Mappe.\" \/>\n<meta name=\"robots\" content=\"index, follow, max-snippet:-1, max-image-preview:large, max-video-preview:-1\" \/>\n<link rel=\"canonical\" href=\"https:\/\/www.infoaffreschi.com\/de\/sample-kit\/\" \/>\n<meta property=\"og:locale\" content=\"de_DE\" \/>\n<meta property=\"og:type\" content=\"article\" \/>\n<meta property=\"og:title\" content=\"Sample Kit - Affreschi &amp; Affreschi\" \/>\n<meta property=\"og:description\" content=\"Das Sample Kit enth\u00e4lt eine Auswahl von f\u00fcnf Materialmustern im A4-Format, pr\u00e4sentiert in einereleganten, wei\u00dfen Soft-Touch-Mappe.\" \/>\n<meta property=\"og:url\" content=\"https:\/\/www.infoaffreschi.com\/de\/sample-kit\/\" \/>\n<meta property=\"og:site_name\" content=\"Affreschi &amp; Affreschi\" \/>\n<meta property=\"article:publisher\" content=\"https:\/\/www.facebook.com\/affreschi\" \/>\n<meta property=\"article:modified_time\" content=\"2025-06-05T10:39:00+00:00\" \/>\n<meta name=\"twitter:card\" content=\"summary_large_image\" \/>\n<meta name=\"twitter:label1\" content=\"Gesch\u00e4tzte Lesezeit\" \/>\n\t<meta name=\"twitter:data1\" content=\"1 Minute\" \/>\n<script type=\"application\/ld+json\" class=\"yoast-schema-graph\">{\"@context\":\"https:\/\/schema.org\",\"@graph\":[{\"@type\":\"WebPage\",\"@id\":\"https:\/\/www.infoaffreschi.com\/de\/sample-kit\/\",\"url\":\"https:\/\/www.infoaffreschi.com\/de\/sample-kit\/\",\"name\":\"Sample Kit - Affreschi &amp; Affreschi\",\"isPartOf\":{\"@id\":\"https:\/\/www.infoaffreschi.com\/#website\"},\"datePublished\":\"2025-06-04T14:25:14+00:00\",\"dateModified\":\"2025-06-05T10:39:00+00:00\",\"description\":\"Das Sample Kit enth\u00e4lt eine Auswahl von f\u00fcnf Materialmustern im A4-Format, pr\u00e4sentiert in einereleganten, wei\u00dfen Soft-Touch-Mappe.\",\"breadcrumb\":{\"@id\":\"https:\/\/www.infoaffreschi.com\/de\/sample-kit\/#breadcrumb\"},\"inLanguage\":\"de-DE\",\"potentialAction\":[{\"@type\":\"ReadAction\",\"target\":[\"https:\/\/www.infoaffreschi.com\/de\/sample-kit\/\"]}]},{\"@type\":\"BreadcrumbList\",\"@id\":\"https:\/\/www.infoaffreschi.com\/de\/sample-kit\/#breadcrumb\",\"itemListElement\":[{\"@type\":\"ListItem\",\"position\":1,\"name\":\"Home\",\"item\":\"https:\/\/www.infoaffreschi.com\/de\/\"},{\"@type\":\"ListItem\",\"position\":2,\"name\":\"Sample Kit\"}]},{\"@type\":\"WebSite\",\"@id\":\"https:\/\/www.infoaffreschi.com\/#website\",\"url\":\"https:\/\/www.infoaffreschi.com\/\",\"name\":\"Affreschi &amp; Affreschi\",\"description\":\"I parati artigianali materici\",\"publisher\":{\"@id\":\"https:\/\/www.infoaffreschi.com\/#organization\"},\"potentialAction\":[{\"@type\":\"SearchAction\",\"target\":{\"@type\":\"EntryPoint\",\"urlTemplate\":\"https:\/\/www.infoaffreschi.com\/?s={search_term_string}\"},\"query-input\":\"required name=search_term_string\"}],\"inLanguage\":\"de-DE\"},{\"@type\":\"Organization\",\"@id\":\"https:\/\/www.infoaffreschi.com\/#organization\",\"name\":\"Affreschi & Affreschi\",\"url\":\"https:\/\/www.infoaffreschi.com\/\",\"logo\":{\"@type\":\"ImageObject\",\"inLanguage\":\"de-DE\",\"@id\":\"https:\/\/www.infoaffreschi.com\/#\/schema\/logo\/image\/\",\"url\":\"https:\/\/www.infoaffreschi.com\/wp-content\/uploads\/2019\/09\/LOGO-AFFRESCHI-nuovo.jpg\",\"contentUrl\":\"https:\/\/www.infoaffreschi.com\/wp-content\/uploads\/2019\/09\/LOGO-AFFRESCHI-nuovo.jpg\",\"width\":2000,\"height\":766,\"caption\":\"Affreschi & Affreschi\"},\"image\":{\"@id\":\"https:\/\/www.infoaffreschi.com\/#\/schema\/logo\/image\/\"},\"sameAs\":[\"https:\/\/www.facebook.com\/affreschi\",\"https:\/\/www.instagram.com\/affreschi_e_affreschi\/\",\"https:\/\/www.linkedin.com\/company\/affreschi-&amp;amp;-affreschi?trk=tyah&amp;amp;trkInfo=clickedVertical:company,clickedEntityId:3775726,idx:2-1-2,tarId:1487845305360,tas:affr\",\"https:\/\/www.pinterest.it\/italianfrescoes\/\",\"https:\/\/www.youtube.com\/channel\/UCkM3JCe7yfgUVdFUlbk5VtQ\"]}]}<\/script>\n<!-- \/ Yoast SEO plugin. -->","yoast_head_json":{"title":"Sample Kit - Affreschi &amp; Affreschi","description":"Das Sample Kit enth\u00e4lt eine Auswahl von f\u00fcnf Materialmustern im A4-Format, pr\u00e4sentiert in einereleganten, wei\u00dfen Soft-Touch-Mappe.","robots":{"index":"index","follow":"follow","max-snippet":"max-snippet:-1","max-image-preview":"max-image-preview:large","max-video-preview":"max-video-preview:-1"},"canonical":"https:\/\/www.infoaffreschi.com\/de\/sample-kit\/","og_locale":"de_DE","og_type":"article","og_title":"Sample Kit - Affreschi &amp; Affreschi","og_description":"Das Sample Kit enth\u00e4lt eine Auswahl von f\u00fcnf Materialmustern im A4-Format, pr\u00e4sentiert in einereleganten, wei\u00dfen Soft-Touch-Mappe.","og_url":"https:\/\/www.infoaffreschi.com\/de\/sample-kit\/","og_site_name":"Affreschi &amp; Affreschi","article_publisher":"https:\/\/www.facebook.com\/affreschi","article_modified_time":"2025-06-05T10:39:00+00:00","twitter_card":"summary_large_image","twitter_misc":{"Gesch\u00e4tzte Lesezeit":"1 Minute"},"schema":{"@context":"https:\/\/schema.org","@graph":[{"@type":"WebPage","@id":"https:\/\/www.infoaffreschi.com\/de\/sample-kit\/","url":"https:\/\/www.infoaffreschi.com\/de\/sample-kit\/","name":"Sample Kit - Affreschi &amp; Affreschi","isPartOf":{"@id":"https:\/\/www.infoaffreschi.com\/#website"},"datePublished":"2025-06-04T14:25:14+00:00","dateModified":"2025-06-05T10:39:00+00:00","description":"Das Sample Kit enth\u00e4lt eine Auswahl von f\u00fcnf Materialmustern im A4-Format, pr\u00e4sentiert in einereleganten, wei\u00dfen Soft-Touch-Mappe.","breadcrumb":{"@id":"https:\/\/www.infoaffreschi.com\/de\/sample-kit\/#breadcrumb"},"inLanguage":"de-DE","potentialAction":[{"@type":"ReadAction","target":["https:\/\/www.infoaffreschi.com\/de\/sample-kit\/"]}]},{"@type":"BreadcrumbList","@id":"https:\/\/www.infoaffreschi.com\/de\/sample-kit\/#breadcrumb","itemListElement":[{"@type":"ListItem","position":1,"name":"Home","item":"https:\/\/www.infoaffreschi.com\/de\/"},{"@type":"ListItem","position":2,"name":"Sample Kit"}]},{"@type":"WebSite","@id":"https:\/\/www.infoaffreschi.com\/#website","url":"https:\/\/www.infoaffreschi.com\/","name":"Affreschi &amp; Affreschi","description":"I parati artigianali materici","publisher":{"@id":"https:\/\/www.infoaffreschi.com\/#organization"},"potentialAction":[{"@type":"SearchAction","target":{"@type":"EntryPoint","urlTemplate":"https:\/\/www.infoaffreschi.com\/?s={search_term_string}"},"query-input":"required name=search_term_string"}],"inLanguage":"de-DE"},{"@type":"Organization","@id":"https:\/\/www.infoaffreschi.com\/#organization","name":"Affreschi & Affreschi","url":"https:\/\/www.infoaffreschi.com\/","logo":{"@type":"ImageObject","inLanguage":"de-DE","@id":"https:\/\/www.infoaffreschi.com\/#\/schema\/logo\/image\/","url":"https:\/\/www.infoaffreschi.com\/wp-content\/uploads\/2019\/09\/LOGO-AFFRESCHI-nuovo.jpg","contentUrl":"https:\/\/www.infoaffreschi.com\/wp-content\/uploads\/2019\/09\/LOGO-AFFRESCHI-nuovo.jpg","width":2000,"height":766,"caption":"Affreschi & Affreschi"},"image":{"@id":"https:\/\/www.infoaffreschi.com\/#\/schema\/logo\/image\/"},"sameAs":["https:\/\/www.facebook.com\/affreschi","https:\/\/www.instagram.com\/affreschi_e_affreschi\/","https:\/\/www.linkedin.com\/company\/affreschi-&amp;amp;-affreschi?trk=tyah&amp;amp;trkInfo=clickedVertical:company,clickedEntityId:3775726,idx:2-1-2,tarId:1487845305360,tas:affr","https:\/\/www.pinterest.it\/italianfrescoes\/","https:\/\/www.youtube.com\/channel\/UCkM3JCe7yfgUVdFUlbk5VtQ"]}]}},"_links":{"self":[{"href":"https:\/\/www.infoaffreschi.com\/de\/wp-json\/wp\/v2\/pages\/30651"}],"collection":[{"href":"https:\/\/www.infoaffreschi.com\/de\/wp-json\/wp\/v2\/pages"}],"about":[{"href":"https:\/\/www.infoaffreschi.com\/de\/wp-json\/wp\/v2\/types\/page"}],"author":[{"embeddable":true,"href":"https:\/\/www.infoaffreschi.com\/de\/wp-json\/wp\/v2\/users\/2"}],"replies":[{"embeddable":true,"href":"https:\/\/www.infoaffreschi.com\/de\/wp-json\/wp\/v2\/comments?post=30651"}],"version-history":[{"count":2,"href":"https:\/\/www.infoaffreschi.com\/de\/wp-json\/wp\/v2\/pages\/30651\/revisions"}],"predecessor-version":[{"id":30704,"href":"https:\/\/www.infoaffreschi.com\/de\/wp-json\/wp\/v2\/pages\/30651\/revisions\/30704"}],"wp:attachment":[{"href":"https:\/\/www.infoaffreschi.com\/de\/wp-json\/wp\/v2\/media?parent=30651"}],"curies":[{"name":"wp","href":"https:\/\/api.w.org\/{rel}","templated":true}]}}