{"id":30657,"date":"2025-06-04T15:34:29","date_gmt":"2025-06-04T13:34:29","guid":{"rendered":"https:\/\/www.infoaffreschi.com\/sample-book\/"},"modified":"2025-06-05T11:24:19","modified_gmt":"2025-06-05T09:24:19","slug":"sample-book","status":"publish","type":"page","link":"https:\/\/www.infoaffreschi.com\/de\/sample-book\/","title":{"rendered":"Sample Book"},"content":{"rendered":"<section class=\"wpb-content-wrapper\">[vc_row][vc_column][vc_column_text]\n<h3>SAMPLE BOOK<\/h3>\n[\/vc_column_text][vc_column_text]\n<div>\n<h3>Eine reise durch material und inspiration<\/h3>\n<p>&nbsp;<\/p>\n<\/div>\n<div>\n<p class=\"p1\">Das <strong>Sample Book<\/strong> ist ein Werkzeug, das entwickelt wurde, um ein umfassendes sensorisches Erlebnis zu bieten \u2013 weit \u00fcber die blo\u00dfe Betrachtung von Grafiken hinaus. Diese Sammlung enth\u00e4lt <strong>16 Materialproben<\/strong> unserer Fresken, eine Auswahl an <strong>Bestsellern<\/strong> und <strong>neuesten Designs<\/strong>. Authentische Fragmente unserer Kunst zum Anfassen, Erkunden und Kombinieren.<\/p>\n<p class=\"p1\">Die Proben sind herausnehmbar \u2013 ideal f\u00fcr die Erstellung von <strong>Moodboards<\/strong> und zur Abstimmung von Farben und Materialien. Ein dynamisches Werkzeug, das sich im Laufe der Zeit weiterentwickelt: Mit jeder neuen Kollektion werden erg\u00e4nzende Muster zugesendet, um stets eine aktuelle Designauswahl anzubieten.<\/p>\n<\/div>\n[\/vc_column_text][\/vc_column][\/vc_row][vc_row][vc_column width=&#8220;3\/4&#8243;][vc_masonry_media_grid element_width=&#8220;6&#8243; grid_id=&#8220;vc_gid:1749114326850-94c70ee7-a574-1&#8243; include=&#8220;30451,30475,30479,30483,30487,30459,30491,30471&#8243;][\/vc_column][vc_column width=&#8220;1\/4&#8243;][vc_column_text]\n<div>\n<h3 class=\"p1\"><strong>Technische Merkmale<\/strong><\/h3>\n<p>&nbsp;<\/p>\n<\/div>\n<div>\n<ul>\n<li><strong>Ma\u00dfe<\/strong>: 34 \u00d7 24 \u00d7 4 cm<\/li>\n<li><strong>Gewicht<\/strong>: 1,9 kg<\/li>\n<li><strong>Einband<\/strong>: Leinenbezug in der Farbe \u201eTerrakotta\u201c<\/li>\n<li><strong>R\u00fccken<\/strong>: 3-Ring-Mechanik<\/li>\n<li><strong>Materialproben<\/strong>: 16 Muster, Auswahl an Bestsellern und Neuheiten<\/li>\n<li><strong>Preis<\/strong>: \u20ac 117<\/li>\n<\/ul>\n<\/div>\n[\/vc_column_text][\/vc_column][\/vc_row]\n<\/section>","protected":false},"excerpt":{"rendered":"[vc_row][vc_column][vc_column_text] SAMPLE BOOK [\/vc_column_text][vc_column_text] Eine reise durch material und inspiration &nbsp; Das Sample Book ist ein Werkzeug, das entwickelt wurde, um ein umfassendes sensorisches Erlebnis zu bieten \u2013 weit \u00fcber die blo\u00dfe Betrachtung von Grafiken hinaus. Diese Sammlung enth\u00e4lt 16 Materialproben unserer Fresken, eine Auswahl an Bestsellern und neuesten Designs. Authentische Fragmente unserer Kunst zum [&#8230;]\n","protected":false},"author":2,"featured_media":0,"parent":0,"menu_order":0,"comment_status":"closed","ping_status":"closed","template":"","meta":{"_mi_skip_tracking":false,"_monsterinsights_sitenote_active":false,"_monsterinsights_sitenote_note":"","_monsterinsights_sitenote_category":0,"footnotes":""},"yoast_head":"<!-- This site is optimized with the Yoast SEO plugin v21.0 - https:\/\/yoast.com\/wordpress\/plugins\/seo\/ -->\n<title>Sample Book - Affreschi &amp; Affreschi<\/title>\n<meta name=\"description\" content=\"Das Sample Book ist ein Werkzeug, das entwickelt wurde, um ein umfassendes sensorischesErlebnis zu bieten \u2013 weit \u00fcber die blo\u00dfe Betrachtung von Grafiken hinaus.\" \/>\n<meta name=\"robots\" content=\"index, follow, max-snippet:-1, max-image-preview:large, max-video-preview:-1\" \/>\n<link rel=\"canonical\" href=\"https:\/\/www.infoaffreschi.com\/de\/sample-book\/\" \/>\n<meta property=\"og:locale\" content=\"de_DE\" \/>\n<meta property=\"og:type\" content=\"article\" \/>\n<meta property=\"og:title\" content=\"Sample Book - Affreschi &amp; Affreschi\" \/>\n<meta property=\"og:description\" content=\"Das Sample Book ist ein Werkzeug, das entwickelt wurde, um ein umfassendes sensorischesErlebnis zu bieten \u2013 weit \u00fcber die blo\u00dfe Betrachtung von Grafiken hinaus.\" \/>\n<meta property=\"og:url\" content=\"https:\/\/www.infoaffreschi.com\/de\/sample-book\/\" \/>\n<meta property=\"og:site_name\" content=\"Affreschi &amp; Affreschi\" \/>\n<meta property=\"article:publisher\" content=\"https:\/\/www.facebook.com\/affreschi\" \/>\n<meta property=\"article:modified_time\" content=\"2025-06-05T09:24:19+00:00\" \/>\n<meta name=\"twitter:card\" content=\"summary_large_image\" \/>\n<meta name=\"twitter:label1\" content=\"Gesch\u00e4tzte Lesezeit\" \/>\n\t<meta name=\"twitter:data1\" content=\"1 Minute\" \/>\n<script type=\"application\/ld+json\" class=\"yoast-schema-graph\">{\"@context\":\"https:\/\/schema.org\",\"@graph\":[{\"@type\":\"WebPage\",\"@id\":\"https:\/\/www.infoaffreschi.com\/de\/sample-book\/\",\"url\":\"https:\/\/www.infoaffreschi.com\/de\/sample-book\/\",\"name\":\"Sample Book - Affreschi &amp; Affreschi\",\"isPartOf\":{\"@id\":\"https:\/\/www.infoaffreschi.com\/#website\"},\"datePublished\":\"2025-06-04T13:34:29+00:00\",\"dateModified\":\"2025-06-05T09:24:19+00:00\",\"description\":\"Das Sample Book ist ein Werkzeug, das entwickelt wurde, um ein umfassendes sensorischesErlebnis zu bieten \u2013 weit \u00fcber die blo\u00dfe Betrachtung von Grafiken hinaus.\",\"breadcrumb\":{\"@id\":\"https:\/\/www.infoaffreschi.com\/de\/sample-book\/#breadcrumb\"},\"inLanguage\":\"de-DE\",\"potentialAction\":[{\"@type\":\"ReadAction\",\"target\":[\"https:\/\/www.infoaffreschi.com\/de\/sample-book\/\"]}]},{\"@type\":\"BreadcrumbList\",\"@id\":\"https:\/\/www.infoaffreschi.com\/de\/sample-book\/#breadcrumb\",\"itemListElement\":[{\"@type\":\"ListItem\",\"position\":1,\"name\":\"Home\",\"item\":\"https:\/\/www.infoaffreschi.com\/de\/\"},{\"@type\":\"ListItem\",\"position\":2,\"name\":\"Sample Book\"}]},{\"@type\":\"WebSite\",\"@id\":\"https:\/\/www.infoaffreschi.com\/#website\",\"url\":\"https:\/\/www.infoaffreschi.com\/\",\"name\":\"Affreschi &amp; Affreschi\",\"description\":\"I parati artigianali materici\",\"publisher\":{\"@id\":\"https:\/\/www.infoaffreschi.com\/#organization\"},\"potentialAction\":[{\"@type\":\"SearchAction\",\"target\":{\"@type\":\"EntryPoint\",\"urlTemplate\":\"https:\/\/www.infoaffreschi.com\/?s={search_term_string}\"},\"query-input\":\"required name=search_term_string\"}],\"inLanguage\":\"de-DE\"},{\"@type\":\"Organization\",\"@id\":\"https:\/\/www.infoaffreschi.com\/#organization\",\"name\":\"Affreschi & Affreschi\",\"url\":\"https:\/\/www.infoaffreschi.com\/\",\"logo\":{\"@type\":\"ImageObject\",\"inLanguage\":\"de-DE\",\"@id\":\"https:\/\/www.infoaffreschi.com\/#\/schema\/logo\/image\/\",\"url\":\"https:\/\/www.infoaffreschi.com\/wp-content\/uploads\/2019\/09\/LOGO-AFFRESCHI-nuovo.jpg\",\"contentUrl\":\"https:\/\/www.infoaffreschi.com\/wp-content\/uploads\/2019\/09\/LOGO-AFFRESCHI-nuovo.jpg\",\"width\":2000,\"height\":766,\"caption\":\"Affreschi & Affreschi\"},\"image\":{\"@id\":\"https:\/\/www.infoaffreschi.com\/#\/schema\/logo\/image\/\"},\"sameAs\":[\"https:\/\/www.facebook.com\/affreschi\",\"https:\/\/www.instagram.com\/affreschi_e_affreschi\/\",\"https:\/\/www.linkedin.com\/company\/affreschi-&amp;amp;-affreschi?trk=tyah&amp;amp;trkInfo=clickedVertical:company,clickedEntityId:3775726,idx:2-1-2,tarId:1487845305360,tas:affr\",\"https:\/\/www.pinterest.it\/italianfrescoes\/\",\"https:\/\/www.youtube.com\/channel\/UCkM3JCe7yfgUVdFUlbk5VtQ\"]}]}<\/script>\n<!-- \/ Yoast SEO plugin. -->","yoast_head_json":{"title":"Sample Book - Affreschi &amp; Affreschi","description":"Das Sample Book ist ein Werkzeug, das entwickelt wurde, um ein umfassendes sensorischesErlebnis zu bieten \u2013 weit \u00fcber die blo\u00dfe Betrachtung von Grafiken hinaus.","robots":{"index":"index","follow":"follow","max-snippet":"max-snippet:-1","max-image-preview":"max-image-preview:large","max-video-preview":"max-video-preview:-1"},"canonical":"https:\/\/www.infoaffreschi.com\/de\/sample-book\/","og_locale":"de_DE","og_type":"article","og_title":"Sample Book - Affreschi &amp; Affreschi","og_description":"Das Sample Book ist ein Werkzeug, das entwickelt wurde, um ein umfassendes sensorischesErlebnis zu bieten \u2013 weit \u00fcber die blo\u00dfe Betrachtung von Grafiken hinaus.","og_url":"https:\/\/www.infoaffreschi.com\/de\/sample-book\/","og_site_name":"Affreschi &amp; Affreschi","article_publisher":"https:\/\/www.facebook.com\/affreschi","article_modified_time":"2025-06-05T09:24:19+00:00","twitter_card":"summary_large_image","twitter_misc":{"Gesch\u00e4tzte Lesezeit":"1 Minute"},"schema":{"@context":"https:\/\/schema.org","@graph":[{"@type":"WebPage","@id":"https:\/\/www.infoaffreschi.com\/de\/sample-book\/","url":"https:\/\/www.infoaffreschi.com\/de\/sample-book\/","name":"Sample Book - Affreschi &amp; Affreschi","isPartOf":{"@id":"https:\/\/www.infoaffreschi.com\/#website"},"datePublished":"2025-06-04T13:34:29+00:00","dateModified":"2025-06-05T09:24:19+00:00","description":"Das Sample Book ist ein Werkzeug, das entwickelt wurde, um ein umfassendes sensorischesErlebnis zu bieten \u2013 weit \u00fcber die blo\u00dfe Betrachtung von Grafiken hinaus.","breadcrumb":{"@id":"https:\/\/www.infoaffreschi.com\/de\/sample-book\/#breadcrumb"},"inLanguage":"de-DE","potentialAction":[{"@type":"ReadAction","target":["https:\/\/www.infoaffreschi.com\/de\/sample-book\/"]}]},{"@type":"BreadcrumbList","@id":"https:\/\/www.infoaffreschi.com\/de\/sample-book\/#breadcrumb","itemListElement":[{"@type":"ListItem","position":1,"name":"Home","item":"https:\/\/www.infoaffreschi.com\/de\/"},{"@type":"ListItem","position":2,"name":"Sample Book"}]},{"@type":"WebSite","@id":"https:\/\/www.infoaffreschi.com\/#website","url":"https:\/\/www.infoaffreschi.com\/","name":"Affreschi &amp; Affreschi","description":"I parati artigianali materici","publisher":{"@id":"https:\/\/www.infoaffreschi.com\/#organization"},"potentialAction":[{"@type":"SearchAction","target":{"@type":"EntryPoint","urlTemplate":"https:\/\/www.infoaffreschi.com\/?s={search_term_string}"},"query-input":"required name=search_term_string"}],"inLanguage":"de-DE"},{"@type":"Organization","@id":"https:\/\/www.infoaffreschi.com\/#organization","name":"Affreschi & Affreschi","url":"https:\/\/www.infoaffreschi.com\/","logo":{"@type":"ImageObject","inLanguage":"de-DE","@id":"https:\/\/www.infoaffreschi.com\/#\/schema\/logo\/image\/","url":"https:\/\/www.infoaffreschi.com\/wp-content\/uploads\/2019\/09\/LOGO-AFFRESCHI-nuovo.jpg","contentUrl":"https:\/\/www.infoaffreschi.com\/wp-content\/uploads\/2019\/09\/LOGO-AFFRESCHI-nuovo.jpg","width":2000,"height":766,"caption":"Affreschi & Affreschi"},"image":{"@id":"https:\/\/www.infoaffreschi.com\/#\/schema\/logo\/image\/"},"sameAs":["https:\/\/www.facebook.com\/affreschi","https:\/\/www.instagram.com\/affreschi_e_affreschi\/","https:\/\/www.linkedin.com\/company\/affreschi-&amp;amp;-affreschi?trk=tyah&amp;amp;trkInfo=clickedVertical:company,clickedEntityId:3775726,idx:2-1-2,tarId:1487845305360,tas:affr","https:\/\/www.pinterest.it\/italianfrescoes\/","https:\/\/www.youtube.com\/channel\/UCkM3JCe7yfgUVdFUlbk5VtQ"]}]}},"_links":{"self":[{"href":"https:\/\/www.infoaffreschi.com\/de\/wp-json\/wp\/v2\/pages\/30657"}],"collection":[{"href":"https:\/\/www.infoaffreschi.com\/de\/wp-json\/wp\/v2\/pages"}],"about":[{"href":"https:\/\/www.infoaffreschi.com\/de\/wp-json\/wp\/v2\/types\/page"}],"author":[{"embeddable":true,"href":"https:\/\/www.infoaffreschi.com\/de\/wp-json\/wp\/v2\/users\/2"}],"replies":[{"embeddable":true,"href":"https:\/\/www.infoaffreschi.com\/de\/wp-json\/wp\/v2\/comments?post=30657"}],"version-history":[{"count":2,"href":"https:\/\/www.infoaffreschi.com\/de\/wp-json\/wp\/v2\/pages\/30657\/revisions"}],"predecessor-version":[{"id":30690,"href":"https:\/\/www.infoaffreschi.com\/de\/wp-json\/wp\/v2\/pages\/30657\/revisions\/30690"}],"wp:attachment":[{"href":"https:\/\/www.infoaffreschi.com\/de\/wp-json\/wp\/v2\/media?parent=30657"}],"curies":[{"name":"wp","href":"https:\/\/api.w.org\/{rel}","templated":true}]}}