{"id":30660,"date":"2025-06-04T15:34:24","date_gmt":"2025-06-04T13:34:24","guid":{"rendered":"https:\/\/www.infoaffreschi.com\/medley-plus\/"},"modified":"2025-06-05T10:51:25","modified_gmt":"2025-06-05T08:51:25","slug":"medley-plus","status":"publish","type":"page","link":"https:\/\/www.infoaffreschi.com\/de\/medley-plus\/","title":{"rendered":"Medley Plus"},"content":{"rendered":"<section class=\"wpb-content-wrapper\">[vc_row][vc_column][vc_column_text]\n<h3>MEDLEY PLUS<\/h3>\n[\/vc_column_text][vc_column_text]\n<div>\n<h3>Die essenz unserer kollektionen in einem einzigen katalog<\/h3>\n<p>&nbsp;<\/p>\n<\/div>\n<div>\n<p class=\"p1\"><strong>Medley Plus<\/strong> ist ein eleganter Katalog, der die Bestseller unserer Kollektionen vereint und es erm\u00f6glicht, die Einzigartigkeit unseres speziellen Putztr\u00e4gers hautnah zu erleben. Ein effektives Werkzeug, das entwickelt wurde, um unsere dekorative Welt bestm\u00f6glich zur Geltung zu bringen.<\/p>\n<p class=\"p1\">Jedes Design im Inneren wird von einer <strong>Farbtafel<\/strong> mit <strong>drei abgestimmten Farbt\u00f6nen begleitet<\/strong>, die Planer und Designer bei der Erstellung von <strong>Moodboards<\/strong> sowie bei der Auswahl passender Materialien und erg\u00e4nzender Farbt\u00f6ne unterst\u00fctzt. Praktische Anregungen und kreative Inspirationen helfen dabei, harmonische Farbzusammenstellungen zu gestalten.<\/p>\n<\/div>\n[\/vc_column_text][\/vc_column][\/vc_row][vc_row][vc_column width=&#8220;3\/4&#8243;][vc_masonry_media_grid element_width=&#8220;6&#8243; grid_id=&#8220;vc_gid:1749113270582-120ba75b-db81-10&#8243; include=&#8220;30370,30406,30390,30410,30414,30386,30382,30434,30378&#8243;][\/vc_column][vc_column width=&#8220;1\/4&#8243;][vc_column_text]\n<div>\n<h3 class=\"p1\"><strong>Technische Merkmale<\/strong><\/h3>\n<p>&nbsp;<\/p>\n<\/div>\n<div>\n<ul>\n<li class=\"p1\"><strong>Format<\/strong>: 31 \u00d7 44,5 \u00d7 4,5 cm<\/li>\n<li class=\"p1\"><strong>Gewicht<\/strong>: 2,5 kg<\/li>\n<li class=\"p1\"><strong>Einband<\/strong>: Hardcover mit Leinenbezug in der Farbe \u201eTerrakotta\u201c<\/li>\n<li class=\"p1\"><strong>Griff<\/strong>: Schwarzer Ledergriff, leicht transportierbar<\/li>\n<li class=\"p1\"><strong>Inhalt<\/strong>: Auswahl der Bestseller aus unseren Kollektionen<\/li>\n<li class=\"p1\"><strong>Materialproben<\/strong>: 1 Materialprobe enthalten<\/li>\n<li class=\"p1\"><strong>Preis<\/strong>: \u20ac 107<\/li>\n<\/ul>\n<\/div>\n[\/vc_column_text][\/vc_column][\/vc_row]\n<\/section>","protected":false},"excerpt":{"rendered":"[vc_row][vc_column][vc_column_text] MEDLEY PLUS [\/vc_column_text][vc_column_text] Die essenz unserer kollektionen in einem einzigen katalog &nbsp; Medley Plus ist ein eleganter Katalog, der die Bestseller unserer Kollektionen vereint und es erm\u00f6glicht, die Einzigartigkeit unseres speziellen Putztr\u00e4gers hautnah zu erleben. Ein effektives Werkzeug, das entwickelt wurde, um unsere dekorative Welt bestm\u00f6glich zur Geltung zu bringen. Jedes Design im Inneren [&#8230;]\n","protected":false},"author":2,"featured_media":0,"parent":0,"menu_order":0,"comment_status":"closed","ping_status":"closed","template":"","meta":{"_mi_skip_tracking":false,"_monsterinsights_sitenote_active":false,"_monsterinsights_sitenote_note":"","_monsterinsights_sitenote_category":0,"footnotes":""},"yoast_head":"<!-- This site is optimized with the Yoast SEO plugin v21.0 - https:\/\/yoast.com\/wordpress\/plugins\/seo\/ -->\n<title>Medley Plus - Affreschi &amp; Affreschi<\/title>\n<meta name=\"description\" content=\"Medley Plus ist ein eleganter Katalog, der die Bestseller unserer Kollektionen vereint und eserm\u00f6glicht, die Einzigartigkeit unseres speziellen Putztr\u00e4gers hautnah zu erleben.\" \/>\n<meta name=\"robots\" content=\"index, follow, max-snippet:-1, max-image-preview:large, max-video-preview:-1\" \/>\n<link rel=\"canonical\" href=\"https:\/\/www.infoaffreschi.com\/de\/medley-plus\/\" \/>\n<meta property=\"og:locale\" content=\"de_DE\" \/>\n<meta property=\"og:type\" content=\"article\" \/>\n<meta property=\"og:title\" content=\"Medley Plus - Affreschi &amp; Affreschi\" \/>\n<meta property=\"og:description\" content=\"Medley Plus ist ein eleganter Katalog, der die Bestseller unserer Kollektionen vereint und eserm\u00f6glicht, die Einzigartigkeit unseres speziellen Putztr\u00e4gers hautnah zu erleben.\" \/>\n<meta property=\"og:url\" content=\"https:\/\/www.infoaffreschi.com\/de\/medley-plus\/\" \/>\n<meta property=\"og:site_name\" content=\"Affreschi &amp; Affreschi\" \/>\n<meta property=\"article:publisher\" content=\"https:\/\/www.facebook.com\/affreschi\" \/>\n<meta property=\"article:modified_time\" content=\"2025-06-05T08:51:25+00:00\" \/>\n<meta name=\"twitter:card\" content=\"summary_large_image\" \/>\n<meta name=\"twitter:label1\" content=\"Gesch\u00e4tzte Lesezeit\" \/>\n\t<meta name=\"twitter:data1\" content=\"1 Minute\" \/>\n<script type=\"application\/ld+json\" class=\"yoast-schema-graph\">{\"@context\":\"https:\/\/schema.org\",\"@graph\":[{\"@type\":\"WebPage\",\"@id\":\"https:\/\/www.infoaffreschi.com\/de\/medley-plus\/\",\"url\":\"https:\/\/www.infoaffreschi.com\/de\/medley-plus\/\",\"name\":\"Medley Plus - Affreschi &amp; Affreschi\",\"isPartOf\":{\"@id\":\"https:\/\/www.infoaffreschi.com\/#website\"},\"datePublished\":\"2025-06-04T13:34:24+00:00\",\"dateModified\":\"2025-06-05T08:51:25+00:00\",\"description\":\"Medley Plus ist ein eleganter Katalog, der die Bestseller unserer Kollektionen vereint und eserm\u00f6glicht, die Einzigartigkeit unseres speziellen Putztr\u00e4gers hautnah zu erleben.\",\"breadcrumb\":{\"@id\":\"https:\/\/www.infoaffreschi.com\/de\/medley-plus\/#breadcrumb\"},\"inLanguage\":\"de-DE\",\"potentialAction\":[{\"@type\":\"ReadAction\",\"target\":[\"https:\/\/www.infoaffreschi.com\/de\/medley-plus\/\"]}]},{\"@type\":\"BreadcrumbList\",\"@id\":\"https:\/\/www.infoaffreschi.com\/de\/medley-plus\/#breadcrumb\",\"itemListElement\":[{\"@type\":\"ListItem\",\"position\":1,\"name\":\"Home\",\"item\":\"https:\/\/www.infoaffreschi.com\/de\/\"},{\"@type\":\"ListItem\",\"position\":2,\"name\":\"Medley Plus\"}]},{\"@type\":\"WebSite\",\"@id\":\"https:\/\/www.infoaffreschi.com\/#website\",\"url\":\"https:\/\/www.infoaffreschi.com\/\",\"name\":\"Affreschi &amp; Affreschi\",\"description\":\"I parati artigianali materici\",\"publisher\":{\"@id\":\"https:\/\/www.infoaffreschi.com\/#organization\"},\"potentialAction\":[{\"@type\":\"SearchAction\",\"target\":{\"@type\":\"EntryPoint\",\"urlTemplate\":\"https:\/\/www.infoaffreschi.com\/?s={search_term_string}\"},\"query-input\":\"required name=search_term_string\"}],\"inLanguage\":\"de-DE\"},{\"@type\":\"Organization\",\"@id\":\"https:\/\/www.infoaffreschi.com\/#organization\",\"name\":\"Affreschi & Affreschi\",\"url\":\"https:\/\/www.infoaffreschi.com\/\",\"logo\":{\"@type\":\"ImageObject\",\"inLanguage\":\"de-DE\",\"@id\":\"https:\/\/www.infoaffreschi.com\/#\/schema\/logo\/image\/\",\"url\":\"https:\/\/www.infoaffreschi.com\/wp-content\/uploads\/2019\/09\/LOGO-AFFRESCHI-nuovo.jpg\",\"contentUrl\":\"https:\/\/www.infoaffreschi.com\/wp-content\/uploads\/2019\/09\/LOGO-AFFRESCHI-nuovo.jpg\",\"width\":2000,\"height\":766,\"caption\":\"Affreschi & Affreschi\"},\"image\":{\"@id\":\"https:\/\/www.infoaffreschi.com\/#\/schema\/logo\/image\/\"},\"sameAs\":[\"https:\/\/www.facebook.com\/affreschi\",\"https:\/\/www.instagram.com\/affreschi_e_affreschi\/\",\"https:\/\/www.linkedin.com\/company\/affreschi-&amp;amp;-affreschi?trk=tyah&amp;amp;trkInfo=clickedVertical:company,clickedEntityId:3775726,idx:2-1-2,tarId:1487845305360,tas:affr\",\"https:\/\/www.pinterest.it\/italianfrescoes\/\",\"https:\/\/www.youtube.com\/channel\/UCkM3JCe7yfgUVdFUlbk5VtQ\"]}]}<\/script>\n<!-- \/ Yoast SEO plugin. -->","yoast_head_json":{"title":"Medley Plus - Affreschi &amp; Affreschi","description":"Medley Plus ist ein eleganter Katalog, der die Bestseller unserer Kollektionen vereint und eserm\u00f6glicht, die Einzigartigkeit unseres speziellen Putztr\u00e4gers hautnah zu erleben.","robots":{"index":"index","follow":"follow","max-snippet":"max-snippet:-1","max-image-preview":"max-image-preview:large","max-video-preview":"max-video-preview:-1"},"canonical":"https:\/\/www.infoaffreschi.com\/de\/medley-plus\/","og_locale":"de_DE","og_type":"article","og_title":"Medley Plus - Affreschi &amp; Affreschi","og_description":"Medley Plus ist ein eleganter Katalog, der die Bestseller unserer Kollektionen vereint und eserm\u00f6glicht, die Einzigartigkeit unseres speziellen Putztr\u00e4gers hautnah zu erleben.","og_url":"https:\/\/www.infoaffreschi.com\/de\/medley-plus\/","og_site_name":"Affreschi &amp; Affreschi","article_publisher":"https:\/\/www.facebook.com\/affreschi","article_modified_time":"2025-06-05T08:51:25+00:00","twitter_card":"summary_large_image","twitter_misc":{"Gesch\u00e4tzte Lesezeit":"1 Minute"},"schema":{"@context":"https:\/\/schema.org","@graph":[{"@type":"WebPage","@id":"https:\/\/www.infoaffreschi.com\/de\/medley-plus\/","url":"https:\/\/www.infoaffreschi.com\/de\/medley-plus\/","name":"Medley Plus - Affreschi &amp; Affreschi","isPartOf":{"@id":"https:\/\/www.infoaffreschi.com\/#website"},"datePublished":"2025-06-04T13:34:24+00:00","dateModified":"2025-06-05T08:51:25+00:00","description":"Medley Plus ist ein eleganter Katalog, der die Bestseller unserer Kollektionen vereint und eserm\u00f6glicht, die Einzigartigkeit unseres speziellen Putztr\u00e4gers hautnah zu erleben.","breadcrumb":{"@id":"https:\/\/www.infoaffreschi.com\/de\/medley-plus\/#breadcrumb"},"inLanguage":"de-DE","potentialAction":[{"@type":"ReadAction","target":["https:\/\/www.infoaffreschi.com\/de\/medley-plus\/"]}]},{"@type":"BreadcrumbList","@id":"https:\/\/www.infoaffreschi.com\/de\/medley-plus\/#breadcrumb","itemListElement":[{"@type":"ListItem","position":1,"name":"Home","item":"https:\/\/www.infoaffreschi.com\/de\/"},{"@type":"ListItem","position":2,"name":"Medley Plus"}]},{"@type":"WebSite","@id":"https:\/\/www.infoaffreschi.com\/#website","url":"https:\/\/www.infoaffreschi.com\/","name":"Affreschi &amp; Affreschi","description":"I parati artigianali materici","publisher":{"@id":"https:\/\/www.infoaffreschi.com\/#organization"},"potentialAction":[{"@type":"SearchAction","target":{"@type":"EntryPoint","urlTemplate":"https:\/\/www.infoaffreschi.com\/?s={search_term_string}"},"query-input":"required name=search_term_string"}],"inLanguage":"de-DE"},{"@type":"Organization","@id":"https:\/\/www.infoaffreschi.com\/#organization","name":"Affreschi & Affreschi","url":"https:\/\/www.infoaffreschi.com\/","logo":{"@type":"ImageObject","inLanguage":"de-DE","@id":"https:\/\/www.infoaffreschi.com\/#\/schema\/logo\/image\/","url":"https:\/\/www.infoaffreschi.com\/wp-content\/uploads\/2019\/09\/LOGO-AFFRESCHI-nuovo.jpg","contentUrl":"https:\/\/www.infoaffreschi.com\/wp-content\/uploads\/2019\/09\/LOGO-AFFRESCHI-nuovo.jpg","width":2000,"height":766,"caption":"Affreschi & Affreschi"},"image":{"@id":"https:\/\/www.infoaffreschi.com\/#\/schema\/logo\/image\/"},"sameAs":["https:\/\/www.facebook.com\/affreschi","https:\/\/www.instagram.com\/affreschi_e_affreschi\/","https:\/\/www.linkedin.com\/company\/affreschi-&amp;amp;-affreschi?trk=tyah&amp;amp;trkInfo=clickedVertical:company,clickedEntityId:3775726,idx:2-1-2,tarId:1487845305360,tas:affr","https:\/\/www.pinterest.it\/italianfrescoes\/","https:\/\/www.youtube.com\/channel\/UCkM3JCe7yfgUVdFUlbk5VtQ"]}]}},"_links":{"self":[{"href":"https:\/\/www.infoaffreschi.com\/de\/wp-json\/wp\/v2\/pages\/30660"}],"collection":[{"href":"https:\/\/www.infoaffreschi.com\/de\/wp-json\/wp\/v2\/pages"}],"about":[{"href":"https:\/\/www.infoaffreschi.com\/de\/wp-json\/wp\/v2\/types\/page"}],"author":[{"embeddable":true,"href":"https:\/\/www.infoaffreschi.com\/de\/wp-json\/wp\/v2\/users\/2"}],"replies":[{"embeddable":true,"href":"https:\/\/www.infoaffreschi.com\/de\/wp-json\/wp\/v2\/comments?post=30660"}],"version-history":[{"count":2,"href":"https:\/\/www.infoaffreschi.com\/de\/wp-json\/wp\/v2\/pages\/30660\/revisions"}],"predecessor-version":[{"id":30681,"href":"https:\/\/www.infoaffreschi.com\/de\/wp-json\/wp\/v2\/pages\/30660\/revisions\/30681"}],"wp:attachment":[{"href":"https:\/\/www.infoaffreschi.com\/de\/wp-json\/wp\/v2\/media?parent=30660"}],"curies":[{"name":"wp","href":"https:\/\/api.w.org\/{rel}","templated":true}]}}