{"id":31977,"date":"2026-05-08T10:22:46","date_gmt":"2026-05-08T08:22:46","guid":{"rendered":"https:\/\/www.infoaffreschi.com\/?page_id=31977"},"modified":"2026-05-08T10:22:46","modified_gmt":"2026-05-08T08:22:46","slug":"salone-2026","status":"publish","type":"page","link":"https:\/\/www.infoaffreschi.com\/de\/salone-2026\/","title":{"rendered":"Salone del Mobile.Milano 2026"},"content":{"rendered":"<section class=\"wpb-content-wrapper\">[vc_row][vc_column][vc_column_text]\n<h3><strong>AFFRESCHI &amp; AFFRESCHI | SALONE DEL MOBILE 2026<\/strong><\/h3>\n<p><em>Wo Visionen Gestalt annehmen<\/em>[\/vc_column_text][\/vc_column][\/vc_row][vc_row][vc_column][vc_column_text]\n<p data-path-to-node=\"4\"><b data-path-to-node=\"4\" data-index-in-node=\"0\">DAS MANIFEST: ETHEREA<\/b><\/p>\n<p>Auf dem Salone del Mobile 2026 pr\u00e4sentierte Affreschi &amp; Affreschi eine feine Grenze, an der die Festigkeit des Steins auf die Fl\u00fcchtigkeit der Luft trifft. In diesem Raum purer Suggestivit\u00e4t entstand <strong>Etherea<\/strong>, eine Kollektion, die das Material dazu auffordert, sich zu verfl\u00fcchtigen. Wir haben unseren handwerklich hergestellten Putz \u2013 ein lebendiges Gebilde aus Kalk und Marmorstaub \u2013 in ein Palimpsest der Visionen verwandelt. In diesem tritt zeitgen\u00f6ssisches Design mit der uralten Seele der Wand in Dialog.<\/p>\n<p>Mit Etherea nimmt die Dekoration keinen Raum ein, sondern befreit ihn. Jede freiliegende Oberfl\u00e4che ist eine Einladung, dar\u00fcber hinauszuschauen und die Struktur eines Traums zu ber\u00fchren, der Substanz geworden ist.[\/vc_column_text][vc_separator][vc_column_text]\n<p data-path-to-node=\"6\"><b data-path-to-node=\"6\" data-index-in-node=\"0\">DIE SEELE DES MATERIALS: JENSEITS DER OBERFL\u00c4CHE<\/b><\/p>\n<p>In unserem Ausstellungsraum offenbart sich das handgefertigte Fresko in seiner edlen und lebendigen Form. Im Gegensatz zu herk\u00f6mmlichen Wandverkleidungen werden die pr\u00e4sentierten Werke aus einer Mischung aus nat\u00fcrlichem Kalk und ausgew\u00e4hlten Marmorpulvern gefertigt, die nach den Regeln der italienischen Tradition von Hand aufgetragen wird.<\/p>\n<p>Es ist diese taktile Substanz mit ihrer por\u00f6sen und unregelm\u00e4\u00dfigen Textur, die das authentische Gef\u00fchl von handgefertigtem Putz vermittelt. Ein Material, das handwerkliche Einzigartigkeit \u2013 bei der jede winzige Unvollkommenheit ein Zeichen von Authentizit\u00e4t ist \u2013 mit \u00fcberraschender k\u00fcnstlerischer Flexibilit\u00e4t verbindet. Es ist nur 1 mm dick, bereit, jede architektonische Herausforderung zu meistern, ohne jemals seine steinartige Integrit\u00e4t zu verlieren.[\/vc_column_text][vc_column_text]\n<p data-path-to-node=\"8\"><b data-path-to-node=\"3\" data-index-in-node=\"0\">DIE KAPITEL DES DESIGNS<\/b><\/p>\n<p data-path-to-node=\"8\">Die Erz\u00e4hlung des Messestandes entfaltete sich durch die Visionen der Designer:innen, die unser Material interpretierten und so vielf\u00e4ltige und tiefgr\u00fcndige Welten zum Leben erweckten. Von den <strong>strengen Geometrien von Studio Milo<\/strong>, die die Perspektive zwischen Festigkeit und Leere herausfordern, geht es weiter zu den <strong>poetischen Schichtungen von Studio Zero<\/strong>, die Erinnerungen und historische Fragmente wachrufen. Der Blick wandert dann zu den <strong>orientalischen Horizonten von Marta Cortese<\/strong>, die dem Fresko die Leichtigkeit von Seide verleihen. Schlie\u00dflich gelangt der Blick zur <strong>urzeitlichen Kraft der Serie Bali<\/strong>, die eine lebenswichtige Verbindung zur botanischen Energie der Tropen herstellt. Eine gemeinsame Reise, auf der jede Oberfl\u00e4che zu einem Abdruck der Zeit auf der Haut der Architektur wird.<\/p>\n[\/vc_column_text][\/vc_column][\/vc_row][vc_row][vc_column][vc_masonry_media_grid initial_loading_animation=&#8220;none&#8220; grid_id=&#8220;vc_gid:1778227987574-63a98e7b-9594-7&#8243; include=&#8220;32262,32210,32026,31990,31998,32098,32002,32090,32066,32014,32018,32038,32030,32022,32142,32042,32266,32046,32050,31986,32054,32058,32086,32062,32070,32082,32094,32102,31994,32106,32110,32222,32118,32122,32126,32138,32146,32150,32114,32154,32130,32010,32158,32162,32166,32170,32174,32178,32182,32074,32186,32218,32190,32194,32034,32006,32198,32202,32206,32214,32226,32234,32238,32078,32242,32246,32250,32254,32134,32258,32230&#8243;][\/vc_column][\/vc_row][vc_row][vc_column][vc_column_text]\n<p data-path-to-node=\"10\">Ein Fresko ist mehr als nur eine Verkleidung: Es ist ein Abdruck der Zeit auf der Haut der Architektur.<\/p>\n[\/vc_column_text][vc_btn title=&#8220;Entdecken Sie die ETHEREA-Kollektion&#8220; shape=&#8220;square&#8220; align=&#8220;center&#8220; link=&#8220;url:https%3A%2F%2Fwww.infoaffreschi.com%2Fde%2Fetherea%2F&#8220;][\/vc_column][\/vc_row]\n<\/section>","protected":false},"excerpt":{"rendered":"[vc_row][vc_column][vc_column_text] AFFRESCHI &amp; AFFRESCHI | SALONE DEL MOBILE 2026 Wo Visionen Gestalt annehmen[\/vc_column_text][\/vc_column][\/vc_row][vc_row][vc_column][vc_column_text] DAS MANIFEST: ETHEREA Auf dem Salone del Mobile 2026 pr\u00e4sentierte Affreschi &amp; Affreschi eine feine Grenze, an der die Festigkeit des Steins auf die Fl\u00fcchtigkeit der Luft trifft. In diesem Raum purer Suggestivit\u00e4t entstand Etherea, eine Kollektion, die das Material dazu auffordert, [&#8230;]\n","protected":false},"author":1,"featured_media":32265,"parent":0,"menu_order":0,"comment_status":"closed","ping_status":"closed","template":"","meta":{"_mi_skip_tracking":false,"_monsterinsights_sitenote_active":false,"_monsterinsights_sitenote_note":"","_monsterinsights_sitenote_category":0,"footnotes":""},"yoast_head":"<!-- This site is optimized with the Yoast SEO plugin v21.0 - https:\/\/yoast.com\/wordpress\/plugins\/seo\/ -->\n<title>Projects | A&amp;A @Salone del Mobile.Milano 2026<\/title>\n<meta name=\"description\" content=\"Besuchen Sie den A&amp;A-Stand auf der Salone del Mobile 2026 und entdecken Sie Etherea: eine fotografische Erz\u00e4hlung eines Traums, der zwischen Stein und Luft schwebt.\" \/>\n<meta name=\"robots\" content=\"index, follow, max-snippet:-1, max-image-preview:large, max-video-preview:-1\" \/>\n<link rel=\"canonical\" href=\"https:\/\/www.infoaffreschi.com\/de\/salone-2026\/\" \/>\n<meta property=\"og:locale\" content=\"de_DE\" \/>\n<meta property=\"og:type\" content=\"article\" \/>\n<meta property=\"og:title\" content=\"Projects | A&amp;A @Salone del Mobile.Milano 2026\" \/>\n<meta property=\"og:description\" content=\"Besuchen Sie den A&amp;A-Stand auf der Salone del Mobile 2026 und entdecken Sie Etherea: eine fotografische Erz\u00e4hlung eines Traums, der zwischen Stein und Luft schwebt.\" \/>\n<meta property=\"og:url\" content=\"https:\/\/www.infoaffreschi.com\/de\/salone-2026\/\" \/>\n<meta property=\"og:site_name\" content=\"Affreschi &amp; Affreschi\" \/>\n<meta property=\"article:publisher\" content=\"https:\/\/www.facebook.com\/affreschi\" \/>\n<meta property=\"og:image\" content=\"https:\/\/www.infoaffreschi.com\/wp-content\/uploads\/2026\/05\/IMG_8810.jpg\" \/>\n\t<meta property=\"og:image:width\" content=\"1200\" \/>\n\t<meta property=\"og:image:height\" content=\"1800\" \/>\n\t<meta property=\"og:image:type\" content=\"image\/jpeg\" \/>\n<meta name=\"twitter:card\" content=\"summary_large_image\" \/>\n<meta name=\"twitter:label1\" content=\"Gesch\u00e4tzte Lesezeit\" \/>\n\t<meta name=\"twitter:data1\" content=\"2 Minuten\" \/>\n<script type=\"application\/ld+json\" class=\"yoast-schema-graph\">{\"@context\":\"https:\/\/schema.org\",\"@graph\":[{\"@type\":\"WebPage\",\"@id\":\"https:\/\/www.infoaffreschi.com\/de\/salone-2026\/\",\"url\":\"https:\/\/www.infoaffreschi.com\/de\/salone-2026\/\",\"name\":\"Projects | A&A @Salone del Mobile.Milano 2026\",\"isPartOf\":{\"@id\":\"https:\/\/www.infoaffreschi.com\/#website\"},\"datePublished\":\"2026-05-08T08:22:46+00:00\",\"dateModified\":\"2026-05-08T08:22:46+00:00\",\"description\":\"Besuchen Sie den A&A-Stand auf der Salone del Mobile 2026 und entdecken Sie Etherea: eine fotografische Erz\u00e4hlung eines Traums, der zwischen Stein und Luft schwebt.\",\"breadcrumb\":{\"@id\":\"https:\/\/www.infoaffreschi.com\/de\/salone-2026\/#breadcrumb\"},\"inLanguage\":\"de-DE\",\"potentialAction\":[{\"@type\":\"ReadAction\",\"target\":[\"https:\/\/www.infoaffreschi.com\/de\/salone-2026\/\"]}]},{\"@type\":\"BreadcrumbList\",\"@id\":\"https:\/\/www.infoaffreschi.com\/de\/salone-2026\/#breadcrumb\",\"itemListElement\":[{\"@type\":\"ListItem\",\"position\":1,\"name\":\"Home\",\"item\":\"https:\/\/www.infoaffreschi.com\/de\/\"},{\"@type\":\"ListItem\",\"position\":2,\"name\":\"Salone del Mobile.Milano 2026\"}]},{\"@type\":\"WebSite\",\"@id\":\"https:\/\/www.infoaffreschi.com\/#website\",\"url\":\"https:\/\/www.infoaffreschi.com\/\",\"name\":\"Affreschi &amp; Affreschi\",\"description\":\"I parati artigianali materici\",\"publisher\":{\"@id\":\"https:\/\/www.infoaffreschi.com\/#organization\"},\"potentialAction\":[{\"@type\":\"SearchAction\",\"target\":{\"@type\":\"EntryPoint\",\"urlTemplate\":\"https:\/\/www.infoaffreschi.com\/?s={search_term_string}\"},\"query-input\":\"required name=search_term_string\"}],\"inLanguage\":\"de-DE\"},{\"@type\":\"Organization\",\"@id\":\"https:\/\/www.infoaffreschi.com\/#organization\",\"name\":\"Affreschi & Affreschi\",\"url\":\"https:\/\/www.infoaffreschi.com\/\",\"logo\":{\"@type\":\"ImageObject\",\"inLanguage\":\"de-DE\",\"@id\":\"https:\/\/www.infoaffreschi.com\/#\/schema\/logo\/image\/\",\"url\":\"https:\/\/www.infoaffreschi.com\/wp-content\/uploads\/2019\/09\/LOGO-AFFRESCHI-nuovo.jpg\",\"contentUrl\":\"https:\/\/www.infoaffreschi.com\/wp-content\/uploads\/2019\/09\/LOGO-AFFRESCHI-nuovo.jpg\",\"width\":2000,\"height\":766,\"caption\":\"Affreschi & Affreschi\"},\"image\":{\"@id\":\"https:\/\/www.infoaffreschi.com\/#\/schema\/logo\/image\/\"},\"sameAs\":[\"https:\/\/www.facebook.com\/affreschi\",\"https:\/\/www.instagram.com\/affreschi_e_affreschi\/\",\"https:\/\/www.linkedin.com\/company\/affreschi-&amp;amp;-affreschi?trk=tyah&amp;amp;trkInfo=clickedVertical:company,clickedEntityId:3775726,idx:2-1-2,tarId:1487845305360,tas:affr\",\"https:\/\/www.pinterest.it\/italianfrescoes\/\",\"https:\/\/www.youtube.com\/channel\/UCkM3JCe7yfgUVdFUlbk5VtQ\"]}]}<\/script>\n<!-- \/ Yoast SEO plugin. -->","yoast_head_json":{"title":"Projects | A&A @Salone del Mobile.Milano 2026","description":"Besuchen Sie den A&A-Stand auf der Salone del Mobile 2026 und entdecken Sie Etherea: eine fotografische Erz\u00e4hlung eines Traums, der zwischen Stein und Luft schwebt.","robots":{"index":"index","follow":"follow","max-snippet":"max-snippet:-1","max-image-preview":"max-image-preview:large","max-video-preview":"max-video-preview:-1"},"canonical":"https:\/\/www.infoaffreschi.com\/de\/salone-2026\/","og_locale":"de_DE","og_type":"article","og_title":"Projects | A&A @Salone del Mobile.Milano 2026","og_description":"Besuchen Sie den A&A-Stand auf der Salone del Mobile 2026 und entdecken Sie Etherea: eine fotografische Erz\u00e4hlung eines Traums, der zwischen Stein und Luft schwebt.","og_url":"https:\/\/www.infoaffreschi.com\/de\/salone-2026\/","og_site_name":"Affreschi &amp; Affreschi","article_publisher":"https:\/\/www.facebook.com\/affreschi","og_image":[{"width":1200,"height":1800,"url":"https:\/\/www.infoaffreschi.com\/wp-content\/uploads\/2026\/05\/IMG_8810.jpg","type":"image\/jpeg"}],"twitter_card":"summary_large_image","twitter_misc":{"Gesch\u00e4tzte Lesezeit":"2 Minuten"},"schema":{"@context":"https:\/\/schema.org","@graph":[{"@type":"WebPage","@id":"https:\/\/www.infoaffreschi.com\/de\/salone-2026\/","url":"https:\/\/www.infoaffreschi.com\/de\/salone-2026\/","name":"Projects | A&A @Salone del Mobile.Milano 2026","isPartOf":{"@id":"https:\/\/www.infoaffreschi.com\/#website"},"datePublished":"2026-05-08T08:22:46+00:00","dateModified":"2026-05-08T08:22:46+00:00","description":"Besuchen Sie den A&A-Stand auf der Salone del Mobile 2026 und entdecken Sie Etherea: eine fotografische Erz\u00e4hlung eines Traums, der zwischen Stein und Luft schwebt.","breadcrumb":{"@id":"https:\/\/www.infoaffreschi.com\/de\/salone-2026\/#breadcrumb"},"inLanguage":"de-DE","potentialAction":[{"@type":"ReadAction","target":["https:\/\/www.infoaffreschi.com\/de\/salone-2026\/"]}]},{"@type":"BreadcrumbList","@id":"https:\/\/www.infoaffreschi.com\/de\/salone-2026\/#breadcrumb","itemListElement":[{"@type":"ListItem","position":1,"name":"Home","item":"https:\/\/www.infoaffreschi.com\/de\/"},{"@type":"ListItem","position":2,"name":"Salone del Mobile.Milano 2026"}]},{"@type":"WebSite","@id":"https:\/\/www.infoaffreschi.com\/#website","url":"https:\/\/www.infoaffreschi.com\/","name":"Affreschi &amp; Affreschi","description":"I parati artigianali materici","publisher":{"@id":"https:\/\/www.infoaffreschi.com\/#organization"},"potentialAction":[{"@type":"SearchAction","target":{"@type":"EntryPoint","urlTemplate":"https:\/\/www.infoaffreschi.com\/?s={search_term_string}"},"query-input":"required name=search_term_string"}],"inLanguage":"de-DE"},{"@type":"Organization","@id":"https:\/\/www.infoaffreschi.com\/#organization","name":"Affreschi & Affreschi","url":"https:\/\/www.infoaffreschi.com\/","logo":{"@type":"ImageObject","inLanguage":"de-DE","@id":"https:\/\/www.infoaffreschi.com\/#\/schema\/logo\/image\/","url":"https:\/\/www.infoaffreschi.com\/wp-content\/uploads\/2019\/09\/LOGO-AFFRESCHI-nuovo.jpg","contentUrl":"https:\/\/www.infoaffreschi.com\/wp-content\/uploads\/2019\/09\/LOGO-AFFRESCHI-nuovo.jpg","width":2000,"height":766,"caption":"Affreschi & Affreschi"},"image":{"@id":"https:\/\/www.infoaffreschi.com\/#\/schema\/logo\/image\/"},"sameAs":["https:\/\/www.facebook.com\/affreschi","https:\/\/www.instagram.com\/affreschi_e_affreschi\/","https:\/\/www.linkedin.com\/company\/affreschi-&amp;amp;-affreschi?trk=tyah&amp;amp;trkInfo=clickedVertical:company,clickedEntityId:3775726,idx:2-1-2,tarId:1487845305360,tas:affr","https:\/\/www.pinterest.it\/italianfrescoes\/","https:\/\/www.youtube.com\/channel\/UCkM3JCe7yfgUVdFUlbk5VtQ"]}]}},"_links":{"self":[{"href":"https:\/\/www.infoaffreschi.com\/de\/wp-json\/wp\/v2\/pages\/31977"}],"collection":[{"href":"https:\/\/www.infoaffreschi.com\/de\/wp-json\/wp\/v2\/pages"}],"about":[{"href":"https:\/\/www.infoaffreschi.com\/de\/wp-json\/wp\/v2\/types\/page"}],"author":[{"embeddable":true,"href":"https:\/\/www.infoaffreschi.com\/de\/wp-json\/wp\/v2\/users\/1"}],"replies":[{"embeddable":true,"href":"https:\/\/www.infoaffreschi.com\/de\/wp-json\/wp\/v2\/comments?post=31977"}],"version-history":[{"count":4,"href":"https:\/\/www.infoaffreschi.com\/de\/wp-json\/wp\/v2\/pages\/31977\/revisions"}],"predecessor-version":[{"id":32279,"href":"https:\/\/www.infoaffreschi.com\/de\/wp-json\/wp\/v2\/pages\/31977\/revisions\/32279"}],"wp:featuredmedia":[{"embeddable":true,"href":"https:\/\/www.infoaffreschi.com\/de\/wp-json\/wp\/v2\/media\/32265"}],"wp:attachment":[{"href":"https:\/\/www.infoaffreschi.com\/de\/wp-json\/wp\/v2\/media?parent=31977"}],"curies":[{"name":"wp","href":"https:\/\/api.w.org\/{rel}","templated":true}]}}