{"id":9209,"date":"2020-09-28T10:05:06","date_gmt":"2020-09-28T08:05:06","guid":{"rendered":"https:\/\/www.infoaffreschi.com\/season1\/"},"modified":"2021-02-23T12:10:38","modified_gmt":"2021-02-23T11:10:38","slug":"season1","status":"publish","type":"page","link":"https:\/\/www.infoaffreschi.com\/de\/season1\/","title":{"rendered":"Season 1"},"content":{"rendered":"<section class=\"wpb-content-wrapper\">[vc_row][vc_column][vc_single_image image=&#8220;13333&#8243; img_size=&#8220;full&#8220; alignment=&#8220;center&#8220;][\/vc_column][\/vc_row][vc_row][vc_column][vc_column_text]\n<h2>Season 1<\/h2>\n<p><em>designed by<\/em> Vincenzo D&#8217;Alba | Kiasmo[\/vc_column_text][vc_column_text]<span style=\"font-size: 95%;\"><span lang=\"DE\">Die Kollektion \u201c<\/span><strong><span lang=\"DE\">Season 1<\/span><\/strong><span lang=\"DE\">\u201d ist Ergebnis der tiefgehenden kreativen Suche des K\u00fcnstlers und Designers\u00a0<\/span><strong><span lang=\"DE\">Vincenzo D\u2019Alba<\/span><\/strong>. <\/span><\/p>\n<p><span lang=\"DE\">134 Autorenwerke, die, wie <strong>Lorenzo Madaro<\/strong> beschreibt,\u00a0<em>\u201c\u00fcber die Zeit hinausgehen, in einem au\u00dfergew\u00f6hnlichen Fluss Antike und Gegenwart\u00a0<\/em><\/span><em><span lang=\"DE\">Archaismus und \u00dcberma\u00df, Leichtigkeit und Dichte des Materials mischen\u201d<\/span><\/em>[\/vc_column_text][\/vc_column][\/vc_row][vc_row el_class=&#8220;season1&#8243;][vc_column]<div class=\"woocommerce columns-2 \"><\/div>[\/vc_column][\/vc_row]\n<\/section>","protected":false},"excerpt":{"rendered":"[vc_row][vc_column][vc_single_image image=&#8220;13333&#8243; img_size=&#8220;full&#8220; alignment=&#8220;center&#8220;][\/vc_column][\/vc_row][vc_row][vc_column][vc_column_text] Season 1 designed by Vincenzo D&#8217;Alba | Kiasmo[\/vc_column_text][vc_column_text]Die Kollektion \u201cSeason 1\u201d ist Ergebnis der tiefgehenden kreativen Suche des K\u00fcnstlers und Designers\u00a0Vincenzo D\u2019Alba. 134 Autorenwerke, die, wie Lorenzo Madaro beschreibt,\u00a0\u201c\u00fcber die Zeit hinausgehen, in einem au\u00dfergew\u00f6hnlichen Fluss Antike und Gegenwart\u00a0Archaismus und \u00dcberma\u00df, Leichtigkeit und Dichte des Materials mischen\u201d[\/vc_column_text][\/vc_column][\/vc_row][vc_row el_class=&#8220;season1&#8243;][vc_column][\/vc_column][\/vc_row]\n","protected":false},"author":2,"featured_media":0,"parent":0,"menu_order":0,"comment_status":"closed","ping_status":"closed","template":"","meta":{"_mi_skip_tracking":false,"_monsterinsights_sitenote_active":false,"_monsterinsights_sitenote_note":"","_monsterinsights_sitenote_category":0,"footnotes":""},"yoast_head":"<!-- This site is optimized with the Yoast SEO plugin v21.0 - https:\/\/yoast.com\/wordpress\/plugins\/seo\/ -->\n<title>Season 1 - Affreschi &amp; Affreschi - Designed by Vincenzo D&#039;Alba , Kiasmo<\/title>\n<meta name=\"description\" content=\"Die Kollektion \u201cSeason 1\u201d ist Ergebnis der tiefgehenden kreativen Suche des K\u00fcnstlers und Designers\u00a0Vincenzo D\u2019Alba.\" \/>\n<meta name=\"robots\" content=\"index, follow, max-snippet:-1, max-image-preview:large, max-video-preview:-1\" \/>\n<link rel=\"canonical\" href=\"https:\/\/www.infoaffreschi.com\/de\/season1\/\" \/>\n<meta property=\"og:locale\" content=\"de_DE\" \/>\n<meta property=\"og:type\" content=\"article\" \/>\n<meta property=\"og:title\" content=\"Season 1 - Affreschi &amp; Affreschi - Designed by Vincenzo D&#039;Alba , Kiasmo\" \/>\n<meta property=\"og:description\" content=\"Die Kollektion \u201cSeason 1\u201d ist Ergebnis der tiefgehenden kreativen Suche des K\u00fcnstlers und Designers\u00a0Vincenzo D\u2019Alba.\" \/>\n<meta property=\"og:url\" content=\"https:\/\/www.infoaffreschi.com\/de\/season1\/\" \/>\n<meta property=\"og:site_name\" content=\"Affreschi &amp; Affreschi\" \/>\n<meta property=\"article:publisher\" content=\"https:\/\/www.facebook.com\/affreschi\" \/>\n<meta property=\"article:modified_time\" content=\"2021-02-23T11:10:38+00:00\" \/>\n<meta name=\"twitter:card\" content=\"summary_large_image\" \/>\n<meta name=\"twitter:label1\" content=\"Gesch\u00e4tzte Lesezeit\" \/>\n\t<meta name=\"twitter:data1\" content=\"1 Minute\" \/>\n<script type=\"application\/ld+json\" class=\"yoast-schema-graph\">{\"@context\":\"https:\/\/schema.org\",\"@graph\":[{\"@type\":\"WebPage\",\"@id\":\"https:\/\/www.infoaffreschi.com\/de\/season1\/\",\"url\":\"https:\/\/www.infoaffreschi.com\/de\/season1\/\",\"name\":\"Season 1 - Affreschi &amp; Affreschi - Designed by Vincenzo D'Alba , Kiasmo\",\"isPartOf\":{\"@id\":\"https:\/\/www.infoaffreschi.com\/#website\"},\"datePublished\":\"2020-09-28T08:05:06+00:00\",\"dateModified\":\"2021-02-23T11:10:38+00:00\",\"description\":\"Die Kollektion \u201cSeason 1\u201d ist Ergebnis der tiefgehenden kreativen Suche des K\u00fcnstlers und Designers\u00a0Vincenzo D\u2019Alba.\",\"breadcrumb\":{\"@id\":\"https:\/\/www.infoaffreschi.com\/de\/season1\/#breadcrumb\"},\"inLanguage\":\"de-DE\",\"potentialAction\":[{\"@type\":\"ReadAction\",\"target\":[\"https:\/\/www.infoaffreschi.com\/de\/season1\/\"]}]},{\"@type\":\"BreadcrumbList\",\"@id\":\"https:\/\/www.infoaffreschi.com\/de\/season1\/#breadcrumb\",\"itemListElement\":[{\"@type\":\"ListItem\",\"position\":1,\"name\":\"Home\",\"item\":\"https:\/\/www.infoaffreschi.com\/de\/\"},{\"@type\":\"ListItem\",\"position\":2,\"name\":\"Season 1\"}]},{\"@type\":\"WebSite\",\"@id\":\"https:\/\/www.infoaffreschi.com\/#website\",\"url\":\"https:\/\/www.infoaffreschi.com\/\",\"name\":\"Affreschi &amp; Affreschi\",\"description\":\"I parati artigianali materici\",\"publisher\":{\"@id\":\"https:\/\/www.infoaffreschi.com\/#organization\"},\"potentialAction\":[{\"@type\":\"SearchAction\",\"target\":{\"@type\":\"EntryPoint\",\"urlTemplate\":\"https:\/\/www.infoaffreschi.com\/?s={search_term_string}\"},\"query-input\":\"required name=search_term_string\"}],\"inLanguage\":\"de-DE\"},{\"@type\":\"Organization\",\"@id\":\"https:\/\/www.infoaffreschi.com\/#organization\",\"name\":\"Affreschi & Affreschi\",\"url\":\"https:\/\/www.infoaffreschi.com\/\",\"logo\":{\"@type\":\"ImageObject\",\"inLanguage\":\"de-DE\",\"@id\":\"https:\/\/www.infoaffreschi.com\/#\/schema\/logo\/image\/\",\"url\":\"https:\/\/www.infoaffreschi.com\/wp-content\/uploads\/2019\/09\/LOGO-AFFRESCHI-nuovo.jpg\",\"contentUrl\":\"https:\/\/www.infoaffreschi.com\/wp-content\/uploads\/2019\/09\/LOGO-AFFRESCHI-nuovo.jpg\",\"width\":2000,\"height\":766,\"caption\":\"Affreschi & Affreschi\"},\"image\":{\"@id\":\"https:\/\/www.infoaffreschi.com\/#\/schema\/logo\/image\/\"},\"sameAs\":[\"https:\/\/www.facebook.com\/affreschi\",\"https:\/\/www.instagram.com\/affreschi_e_affreschi\/\",\"https:\/\/www.linkedin.com\/company\/affreschi-&amp;amp;-affreschi?trk=tyah&amp;amp;trkInfo=clickedVertical:company,clickedEntityId:3775726,idx:2-1-2,tarId:1487845305360,tas:affr\",\"https:\/\/www.pinterest.it\/italianfrescoes\/\",\"https:\/\/www.youtube.com\/channel\/UCkM3JCe7yfgUVdFUlbk5VtQ\"]}]}<\/script>\n<!-- \/ Yoast SEO plugin. -->","yoast_head_json":{"title":"Season 1 - Affreschi &amp; Affreschi - Designed by Vincenzo D'Alba , Kiasmo","description":"Die Kollektion \u201cSeason 1\u201d ist Ergebnis der tiefgehenden kreativen Suche des K\u00fcnstlers und Designers\u00a0Vincenzo D\u2019Alba.","robots":{"index":"index","follow":"follow","max-snippet":"max-snippet:-1","max-image-preview":"max-image-preview:large","max-video-preview":"max-video-preview:-1"},"canonical":"https:\/\/www.infoaffreschi.com\/de\/season1\/","og_locale":"de_DE","og_type":"article","og_title":"Season 1 - Affreschi &amp; Affreschi - Designed by Vincenzo D'Alba , Kiasmo","og_description":"Die Kollektion \u201cSeason 1\u201d ist Ergebnis der tiefgehenden kreativen Suche des K\u00fcnstlers und Designers\u00a0Vincenzo D\u2019Alba.","og_url":"https:\/\/www.infoaffreschi.com\/de\/season1\/","og_site_name":"Affreschi &amp; Affreschi","article_publisher":"https:\/\/www.facebook.com\/affreschi","article_modified_time":"2021-02-23T11:10:38+00:00","twitter_card":"summary_large_image","twitter_misc":{"Gesch\u00e4tzte Lesezeit":"1 Minute"},"schema":{"@context":"https:\/\/schema.org","@graph":[{"@type":"WebPage","@id":"https:\/\/www.infoaffreschi.com\/de\/season1\/","url":"https:\/\/www.infoaffreschi.com\/de\/season1\/","name":"Season 1 - Affreschi &amp; Affreschi - Designed by Vincenzo D'Alba , Kiasmo","isPartOf":{"@id":"https:\/\/www.infoaffreschi.com\/#website"},"datePublished":"2020-09-28T08:05:06+00:00","dateModified":"2021-02-23T11:10:38+00:00","description":"Die Kollektion \u201cSeason 1\u201d ist Ergebnis der tiefgehenden kreativen Suche des K\u00fcnstlers und Designers\u00a0Vincenzo D\u2019Alba.","breadcrumb":{"@id":"https:\/\/www.infoaffreschi.com\/de\/season1\/#breadcrumb"},"inLanguage":"de-DE","potentialAction":[{"@type":"ReadAction","target":["https:\/\/www.infoaffreschi.com\/de\/season1\/"]}]},{"@type":"BreadcrumbList","@id":"https:\/\/www.infoaffreschi.com\/de\/season1\/#breadcrumb","itemListElement":[{"@type":"ListItem","position":1,"name":"Home","item":"https:\/\/www.infoaffreschi.com\/de\/"},{"@type":"ListItem","position":2,"name":"Season 1"}]},{"@type":"WebSite","@id":"https:\/\/www.infoaffreschi.com\/#website","url":"https:\/\/www.infoaffreschi.com\/","name":"Affreschi &amp; Affreschi","description":"I parati artigianali materici","publisher":{"@id":"https:\/\/www.infoaffreschi.com\/#organization"},"potentialAction":[{"@type":"SearchAction","target":{"@type":"EntryPoint","urlTemplate":"https:\/\/www.infoaffreschi.com\/?s={search_term_string}"},"query-input":"required name=search_term_string"}],"inLanguage":"de-DE"},{"@type":"Organization","@id":"https:\/\/www.infoaffreschi.com\/#organization","name":"Affreschi & Affreschi","url":"https:\/\/www.infoaffreschi.com\/","logo":{"@type":"ImageObject","inLanguage":"de-DE","@id":"https:\/\/www.infoaffreschi.com\/#\/schema\/logo\/image\/","url":"https:\/\/www.infoaffreschi.com\/wp-content\/uploads\/2019\/09\/LOGO-AFFRESCHI-nuovo.jpg","contentUrl":"https:\/\/www.infoaffreschi.com\/wp-content\/uploads\/2019\/09\/LOGO-AFFRESCHI-nuovo.jpg","width":2000,"height":766,"caption":"Affreschi & Affreschi"},"image":{"@id":"https:\/\/www.infoaffreschi.com\/#\/schema\/logo\/image\/"},"sameAs":["https:\/\/www.facebook.com\/affreschi","https:\/\/www.instagram.com\/affreschi_e_affreschi\/","https:\/\/www.linkedin.com\/company\/affreschi-&amp;amp;-affreschi?trk=tyah&amp;amp;trkInfo=clickedVertical:company,clickedEntityId:3775726,idx:2-1-2,tarId:1487845305360,tas:affr","https:\/\/www.pinterest.it\/italianfrescoes\/","https:\/\/www.youtube.com\/channel\/UCkM3JCe7yfgUVdFUlbk5VtQ"]}]}},"_links":{"self":[{"href":"https:\/\/www.infoaffreschi.com\/de\/wp-json\/wp\/v2\/pages\/9209"}],"collection":[{"href":"https:\/\/www.infoaffreschi.com\/de\/wp-json\/wp\/v2\/pages"}],"about":[{"href":"https:\/\/www.infoaffreschi.com\/de\/wp-json\/wp\/v2\/types\/page"}],"author":[{"embeddable":true,"href":"https:\/\/www.infoaffreschi.com\/de\/wp-json\/wp\/v2\/users\/2"}],"replies":[{"embeddable":true,"href":"https:\/\/www.infoaffreschi.com\/de\/wp-json\/wp\/v2\/comments?post=9209"}],"version-history":[{"count":13,"href":"https:\/\/www.infoaffreschi.com\/de\/wp-json\/wp\/v2\/pages\/9209\/revisions"}],"predecessor-version":[{"id":13336,"href":"https:\/\/www.infoaffreschi.com\/de\/wp-json\/wp\/v2\/pages\/9209\/revisions\/13336"}],"wp:attachment":[{"href":"https:\/\/www.infoaffreschi.com\/de\/wp-json\/wp\/v2\/media?parent=9209"}],"curies":[{"name":"wp","href":"https:\/\/api.w.org\/{rel}","templated":true}]}}