{"id":25625,"date":"2022-04-29T09:11:33","date_gmt":"2022-04-29T07:11:33","guid":{"rendered":"https:\/\/www.infoaffreschi.com\/?page_id=25625"},"modified":"2022-05-02T12:14:56","modified_gmt":"2022-05-02T10:14:56","slug":"cristian-gentile","status":"publish","type":"page","link":"https:\/\/www.infoaffreschi.com\/fr\/cristian-gentile\/","title":{"rendered":"Cristian Gentile"},"content":{"rendered":"<section class=\"wpb-content-wrapper\">[vc_row][vc_column][vc_empty_space][\/vc_column][\/vc_row][vc_row][vc_column width=\u00a0\u00bb1\/2&Prime;][vc_single_image image=\u00a0\u00bb25641&Prime; img_size=\u00a0\u00bbfull\u00a0\u00bb][\/vc_column][vc_column width=\u00a0\u00bb1\/2&Prime;][vc_column_text]\n<h1 class=\"qodef-st-title\" style=\"text-align: left;\">Cristian Gentile<\/h1>\n[\/vc_column_text][vc_separator][vc_column_text]\n<p style=\"font-weight: 400;\">Cristian Gentile na\u00eet et commence sa carri\u00e8re de designer \u00e0 Florence, o\u00f9 il finit ses \u00e9tudes et fonde en 2016 le STUIO GENTILE\u00a0, qui lui permettra de travailler dans diff\u00e9rents domaines li\u00e9s \u00e0 l\u2019architecture, au design d\u2019int\u00e9rieur, au design industriel, au design de mobilier, aux arts graphiques et \u00e0 la cr\u00e9ation de renders.<\/p>\n<p style=\"font-weight: 400;\">Ses comp\u00e9tences se sont toujours appliqu\u00e9es \u00e0 la conception de mobilier, qu\u2019il s\u2019agisse de simples objets ou de lignes de produits. Il s\u2019est ainsi sp\u00e9cialis\u00e9 dans l\u2019optimisation de la production industrielle. Il travaille actuellement sur diff\u00e9rentes suggestions de mobilier pour des espaces priv\u00e9s, mais \u00e9galement pour de nombreux espaces d\u2019exposition et de stands de foires de diff\u00e9rentes dimensions ainsi que pour diff\u00e9rentes compagnies, en plus de son activit\u00e9 commerciale et de restauration. Passionn\u00e9 de simulation digitale sur renders, il se sp\u00e9cialise dans le rendu r\u00e9aliste d\u2019int\u00e9rieurs sur photos, en produisant des images pour des catalogues photographiques \u00e0 usage commercial.<\/p>\n<p style=\"font-weight: 400;\"><a href=\"http:\/\/www.cristiangentile.it\">cristiangentile.it<\/a><\/p>\n[\/vc_column_text][\/vc_column][\/vc_row][vc_row][vc_column][vc_separator][vc_column_text]\n<h2>Passenger<\/h2>\n[\/vc_column_text][\/vc_column][\/vc_row][vc_row][vc_column]<div class=\"woocommerce columns-2 \"><div class=\"products row row-small large-columns-2 medium-columns-2 small-columns-1 has-equal-box-heights\">\n<div class=\"product-small col has-hover product type-product post-25669 status-publish first instock product_cat-passenger-fr product_cat-soft-color-fr product_cat-graphic-fr has-post-thumbnail taxable shipping-taxable product-type-simple\">\n\t<div class=\"col-inner\">\n\t\n<div class=\"badge-container absolute left top z-1\">\n\n<\/div>\n\t<div class=\"product-small box \">\n\t\t<div class=\"box-image\">\n\t\t\t<div class=\"image-fade_in_back\">\n\t\t\t\t<a href=\"https:\/\/www.infoaffreschi.com\/fr\/catalogo\/passenger-45g-cg0101\/\" aria-label=\"PASSENGER | 45G-CG0101\">\n\t\t\t\t\t<img width=\"1500\" height=\"1131\" src=\"https:\/\/www.infoaffreschi.com\/wp-content\/uploads\/2022\/05\/45G-CG0101-AMBIENTE.jpg\" class=\"attachment-woocommerce_thumbnail size-woocommerce_thumbnail\" alt=\"\" decoding=\"async\" loading=\"lazy\" srcset=\"https:\/\/www.infoaffreschi.com\/wp-content\/uploads\/2022\/05\/45G-CG0101-AMBIENTE.jpg 1500w, https:\/\/www.infoaffreschi.com\/wp-content\/uploads\/2022\/05\/45G-CG0101-AMBIENTE-1000x754.jpg 1000w, https:\/\/www.infoaffreschi.com\/wp-content\/uploads\/2022\/05\/45G-CG0101-AMBIENTE-1200x905.jpg 1200w, https:\/\/www.infoaffreschi.com\/wp-content\/uploads\/2022\/05\/45G-CG0101-AMBIENTE-768x579.jpg 768w, https:\/\/www.infoaffreschi.com\/wp-content\/uploads\/2022\/05\/45G-CG0101-AMBIENTE-800x603.jpg 800w\" sizes=\"(max-width: 1500px) 100vw, 1500px\" \/><img width=\"1500\" height=\"900\" src=\"https:\/\/www.infoaffreschi.com\/wp-content\/uploads\/2022\/05\/45G-CG0101.jpg\" class=\"show-on-hover absolute fill hide-for-small back-image\" alt=\"\" decoding=\"async\" loading=\"lazy\" srcset=\"https:\/\/www.infoaffreschi.com\/wp-content\/uploads\/2022\/05\/45G-CG0101.jpg 1500w, https:\/\/www.infoaffreschi.com\/wp-content\/uploads\/2022\/05\/45G-CG0101-1000x600.jpg 1000w, https:\/\/www.infoaffreschi.com\/wp-content\/uploads\/2022\/05\/45G-CG0101-1200x720.jpg 1200w, https:\/\/www.infoaffreschi.com\/wp-content\/uploads\/2022\/05\/45G-CG0101-768x461.jpg 768w, https:\/\/www.infoaffreschi.com\/wp-content\/uploads\/2022\/05\/45G-CG0101-800x480.jpg 800w\" sizes=\"(max-width: 1500px) 100vw, 1500px\" \/>\t\t\t\t<\/a>\n\t\t\t<\/div>\n\t\t\t<div class=\"image-tools is-small top right show-on-hover\">\n\t\t\t\t\t\t\t<\/div>\n\t\t\t<div class=\"image-tools is-small hide-for-small bottom left show-on-hover\">\n\t\t\t\t\t\t\t<\/div>\n\t\t\t<div class=\"image-tools grid-tools text-center hide-for-small bottom hover-slide-in show-on-hover\">\n\t\t\t\t  <a class=\"quick-view\" data-prod=\"25669\" href=\"#quick-view\">Aper\u00e7u<\/a>\t\t\t<\/div>\n\t\t\t\t\t<\/div>\n\n\t\t<div class=\"box-text box-text-products\">\n\t\t\t<div class=\"title-wrapper\">\t\t<p class=\"category uppercase is-smaller no-text-overflow product-cat op-7\">\n\t\t\tPassenger\t\t<\/p>\n\t<\/div><div class=\"price-wrapper\"><\/div>\t\t<\/div>\n\t<\/div>\n\t\t<\/div>\n<\/div><div class=\"product-small col has-hover product type-product post-25683 status-publish last instock product_cat-passenger-fr product_cat-soft-color-fr product_cat-graphic-fr has-post-thumbnail taxable shipping-taxable product-type-simple\">\n\t<div class=\"col-inner\">\n\t\n<div class=\"badge-container absolute left top z-1\">\n\n<\/div>\n\t<div class=\"product-small box \">\n\t\t<div class=\"box-image\">\n\t\t\t<div class=\"image-fade_in_back\">\n\t\t\t\t<a href=\"https:\/\/www.infoaffreschi.com\/fr\/catalogo\/passenger-45g-cg0102\/\" aria-label=\"PASSENGER | 45G-CG0102\">\n\t\t\t\t\t<img width=\"1500\" height=\"1306\" src=\"https:\/\/www.infoaffreschi.com\/wp-content\/uploads\/2022\/05\/45G-CG0102-AMBIENTE.jpg\" class=\"attachment-woocommerce_thumbnail size-woocommerce_thumbnail\" alt=\"\" decoding=\"async\" loading=\"lazy\" srcset=\"https:\/\/www.infoaffreschi.com\/wp-content\/uploads\/2022\/05\/45G-CG0102-AMBIENTE.jpg 1500w, https:\/\/www.infoaffreschi.com\/wp-content\/uploads\/2022\/05\/45G-CG0102-AMBIENTE-1000x871.jpg 1000w, https:\/\/www.infoaffreschi.com\/wp-content\/uploads\/2022\/05\/45G-CG0102-AMBIENTE-1200x1045.jpg 1200w, https:\/\/www.infoaffreschi.com\/wp-content\/uploads\/2022\/05\/45G-CG0102-AMBIENTE-768x669.jpg 768w, https:\/\/www.infoaffreschi.com\/wp-content\/uploads\/2022\/05\/45G-CG0102-AMBIENTE-800x697.jpg 800w\" sizes=\"(max-width: 1500px) 100vw, 1500px\" \/><img width=\"1500\" height=\"900\" src=\"https:\/\/www.infoaffreschi.com\/wp-content\/uploads\/2022\/05\/45G-CG0102.jpg\" class=\"show-on-hover absolute fill hide-for-small back-image\" alt=\"\" decoding=\"async\" loading=\"lazy\" srcset=\"https:\/\/www.infoaffreschi.com\/wp-content\/uploads\/2022\/05\/45G-CG0102.jpg 1500w, https:\/\/www.infoaffreschi.com\/wp-content\/uploads\/2022\/05\/45G-CG0102-1000x600.jpg 1000w, https:\/\/www.infoaffreschi.com\/wp-content\/uploads\/2022\/05\/45G-CG0102-1200x720.jpg 1200w, https:\/\/www.infoaffreschi.com\/wp-content\/uploads\/2022\/05\/45G-CG0102-768x461.jpg 768w, https:\/\/www.infoaffreschi.com\/wp-content\/uploads\/2022\/05\/45G-CG0102-800x480.jpg 800w\" sizes=\"(max-width: 1500px) 100vw, 1500px\" \/>\t\t\t\t<\/a>\n\t\t\t<\/div>\n\t\t\t<div class=\"image-tools is-small top right show-on-hover\">\n\t\t\t\t\t\t\t<\/div>\n\t\t\t<div class=\"image-tools is-small hide-for-small bottom left show-on-hover\">\n\t\t\t\t\t\t\t<\/div>\n\t\t\t<div class=\"image-tools grid-tools text-center hide-for-small bottom hover-slide-in show-on-hover\">\n\t\t\t\t  <a class=\"quick-view\" data-prod=\"25683\" href=\"#quick-view\">Aper\u00e7u<\/a>\t\t\t<\/div>\n\t\t\t\t\t<\/div>\n\n\t\t<div class=\"box-text box-text-products\">\n\t\t\t<div class=\"title-wrapper\">\t\t<p class=\"category uppercase is-smaller no-text-overflow product-cat op-7\">\n\t\t\tPassenger\t\t<\/p>\n\t<\/div><div class=\"price-wrapper\"><\/div>\t\t<\/div>\n\t<\/div>\n\t\t<\/div>\n<\/div><div class=\"product-small col has-hover product type-product post-25695 status-publish first instock product_cat-passenger-fr product_cat-soft-color-fr product_cat-graphic-fr has-post-thumbnail taxable shipping-taxable product-type-simple\">\n\t<div class=\"col-inner\">\n\t\n<div class=\"badge-container absolute left top z-1\">\n\n<\/div>\n\t<div class=\"product-small box \">\n\t\t<div class=\"box-image\">\n\t\t\t<div class=\"image-fade_in_back\">\n\t\t\t\t<a href=\"https:\/\/www.infoaffreschi.com\/fr\/catalogo\/passenger-45g-cg0103\/\" aria-label=\"PASSENGER | 45G-CG0103\">\n\t\t\t\t\t<img width=\"1500\" height=\"1094\" src=\"https:\/\/www.infoaffreschi.com\/wp-content\/uploads\/2022\/05\/45G-CG0103-AMBIENTE.jpg\" class=\"attachment-woocommerce_thumbnail size-woocommerce_thumbnail\" alt=\"\" decoding=\"async\" loading=\"lazy\" srcset=\"https:\/\/www.infoaffreschi.com\/wp-content\/uploads\/2022\/05\/45G-CG0103-AMBIENTE.jpg 1500w, https:\/\/www.infoaffreschi.com\/wp-content\/uploads\/2022\/05\/45G-CG0103-AMBIENTE-1000x729.jpg 1000w, https:\/\/www.infoaffreschi.com\/wp-content\/uploads\/2022\/05\/45G-CG0103-AMBIENTE-1200x875.jpg 1200w, https:\/\/www.infoaffreschi.com\/wp-content\/uploads\/2022\/05\/45G-CG0103-AMBIENTE-768x560.jpg 768w, https:\/\/www.infoaffreschi.com\/wp-content\/uploads\/2022\/05\/45G-CG0103-AMBIENTE-800x583.jpg 800w\" sizes=\"(max-width: 1500px) 100vw, 1500px\" \/><img width=\"1500\" height=\"900\" src=\"https:\/\/www.infoaffreschi.com\/wp-content\/uploads\/2022\/05\/45G-CG0103.jpg\" class=\"show-on-hover absolute fill hide-for-small back-image\" alt=\"\" decoding=\"async\" loading=\"lazy\" srcset=\"https:\/\/www.infoaffreschi.com\/wp-content\/uploads\/2022\/05\/45G-CG0103.jpg 1500w, https:\/\/www.infoaffreschi.com\/wp-content\/uploads\/2022\/05\/45G-CG0103-1000x600.jpg 1000w, https:\/\/www.infoaffreschi.com\/wp-content\/uploads\/2022\/05\/45G-CG0103-1200x720.jpg 1200w, https:\/\/www.infoaffreschi.com\/wp-content\/uploads\/2022\/05\/45G-CG0103-768x461.jpg 768w, https:\/\/www.infoaffreschi.com\/wp-content\/uploads\/2022\/05\/45G-CG0103-800x480.jpg 800w\" sizes=\"(max-width: 1500px) 100vw, 1500px\" \/>\t\t\t\t<\/a>\n\t\t\t<\/div>\n\t\t\t<div class=\"image-tools is-small top right show-on-hover\">\n\t\t\t\t\t\t\t<\/div>\n\t\t\t<div class=\"image-tools is-small hide-for-small bottom left show-on-hover\">\n\t\t\t\t\t\t\t<\/div>\n\t\t\t<div class=\"image-tools grid-tools text-center hide-for-small bottom hover-slide-in show-on-hover\">\n\t\t\t\t  <a class=\"quick-view\" data-prod=\"25695\" href=\"#quick-view\">Aper\u00e7u<\/a>\t\t\t<\/div>\n\t\t\t\t\t<\/div>\n\n\t\t<div class=\"box-text box-text-products\">\n\t\t\t<div class=\"title-wrapper\">\t\t<p class=\"category uppercase is-smaller no-text-overflow product-cat op-7\">\n\t\t\tPassenger\t\t<\/p>\n\t<\/div><div class=\"price-wrapper\"><\/div>\t\t<\/div>\n\t<\/div>\n\t\t<\/div>\n<\/div><div class=\"product-small col has-hover product type-product post-25708 status-publish last instock product_cat-passenger-fr product_cat-soft-color-fr product_cat-graphic-fr has-post-thumbnail taxable shipping-taxable product-type-simple\">\n\t<div class=\"col-inner\">\n\t\n<div class=\"badge-container absolute left top z-1\">\n\n<\/div>\n\t<div class=\"product-small box \">\n\t\t<div class=\"box-image\">\n\t\t\t<div class=\"image-fade_in_back\">\n\t\t\t\t<a href=\"https:\/\/www.infoaffreschi.com\/fr\/catalogo\/passenger-45g-cg0104\/\" aria-label=\"PASSENGER | 45G-CG0104\">\n\t\t\t\t\t<img width=\"1500\" height=\"1103\" src=\"https:\/\/www.infoaffreschi.com\/wp-content\/uploads\/2022\/05\/45G-CG0104-AMBIENTE.jpg\" class=\"attachment-woocommerce_thumbnail size-woocommerce_thumbnail\" alt=\"\" decoding=\"async\" loading=\"lazy\" srcset=\"https:\/\/www.infoaffreschi.com\/wp-content\/uploads\/2022\/05\/45G-CG0104-AMBIENTE.jpg 1500w, https:\/\/www.infoaffreschi.com\/wp-content\/uploads\/2022\/05\/45G-CG0104-AMBIENTE-1000x735.jpg 1000w, https:\/\/www.infoaffreschi.com\/wp-content\/uploads\/2022\/05\/45G-CG0104-AMBIENTE-1200x882.jpg 1200w, https:\/\/www.infoaffreschi.com\/wp-content\/uploads\/2022\/05\/45G-CG0104-AMBIENTE-768x565.jpg 768w, https:\/\/www.infoaffreschi.com\/wp-content\/uploads\/2022\/05\/45G-CG0104-AMBIENTE-800x588.jpg 800w\" sizes=\"(max-width: 1500px) 100vw, 1500px\" \/><img width=\"1500\" height=\"900\" src=\"https:\/\/www.infoaffreschi.com\/wp-content\/uploads\/2022\/05\/45G-CG0104.jpg\" class=\"show-on-hover absolute fill hide-for-small back-image\" alt=\"\" decoding=\"async\" loading=\"lazy\" srcset=\"https:\/\/www.infoaffreschi.com\/wp-content\/uploads\/2022\/05\/45G-CG0104.jpg 1500w, https:\/\/www.infoaffreschi.com\/wp-content\/uploads\/2022\/05\/45G-CG0104-1000x600.jpg 1000w, https:\/\/www.infoaffreschi.com\/wp-content\/uploads\/2022\/05\/45G-CG0104-1200x720.jpg 1200w, https:\/\/www.infoaffreschi.com\/wp-content\/uploads\/2022\/05\/45G-CG0104-768x461.jpg 768w, https:\/\/www.infoaffreschi.com\/wp-content\/uploads\/2022\/05\/45G-CG0104-800x480.jpg 800w\" sizes=\"(max-width: 1500px) 100vw, 1500px\" \/>\t\t\t\t<\/a>\n\t\t\t<\/div>\n\t\t\t<div class=\"image-tools is-small top right show-on-hover\">\n\t\t\t\t\t\t\t<\/div>\n\t\t\t<div class=\"image-tools is-small hide-for-small bottom left show-on-hover\">\n\t\t\t\t\t\t\t<\/div>\n\t\t\t<div class=\"image-tools grid-tools text-center hide-for-small bottom hover-slide-in show-on-hover\">\n\t\t\t\t  <a class=\"quick-view\" data-prod=\"25708\" href=\"#quick-view\">Aper\u00e7u<\/a>\t\t\t<\/div>\n\t\t\t\t\t<\/div>\n\n\t\t<div class=\"box-text box-text-products\">\n\t\t\t<div class=\"title-wrapper\">\t\t<p class=\"category uppercase is-smaller no-text-overflow product-cat op-7\">\n\t\t\tPassenger\t\t<\/p>\n\t<\/div><div class=\"price-wrapper\"><\/div>\t\t<\/div>\n\t<\/div>\n\t\t<\/div>\n<\/div><\/div><!-- row -->\n<\/div>[\/vc_column][\/vc_row][vc_row][vc_column][vc_btn title=\u00a0\u00bbVedi tutti i designer\u00a0\u00bb shape=\u00a0\u00bbsquare\u00a0\u00bb color=\u00a0\u00bbwhite\u00a0\u00bb align=\u00a0\u00bbcenter\u00a0\u00bb link=\u00a0\u00bburl:https%3A%2F%2Fwww.infoaffreschi.com%2Ffr%2Fdesigners%2F|target:%20_blank|\u00a0\u00bb][\/vc_column][\/vc_row]\n<\/section>","protected":false},"excerpt":{"rendered":"[vc_row][vc_column][vc_empty_space][\/vc_column][\/vc_row][vc_row][vc_column width=\u00a0\u00bb1\/2&Prime;][vc_single_image image=\u00a0\u00bb25641&Prime; img_size=\u00a0\u00bbfull\u00a0\u00bb][\/vc_column][vc_column width=\u00a0\u00bb1\/2&Prime;][vc_column_text] Cristian Gentile [\/vc_column_text][vc_separator][vc_column_text] Cristian Gentile na\u00eet et commence sa carri\u00e8re de designer \u00e0 Florence, o\u00f9 il finit ses \u00e9tudes et fonde en 2016 le STUIO GENTILE\u00a0, qui lui permettra de travailler dans diff\u00e9rents domaines li\u00e9s \u00e0 l\u2019architecture, au design d\u2019int\u00e9rieur, au design industriel, au design de mobilier, aux arts graphiques [&#8230;]\n","protected":false},"author":2,"featured_media":0,"parent":0,"menu_order":0,"comment_status":"closed","ping_status":"closed","template":"","meta":{"_mi_skip_tracking":false,"_monsterinsights_sitenote_active":false,"_monsterinsights_sitenote_note":"","_monsterinsights_sitenote_category":0,"footnotes":""},"yoast_head":"<!-- This site is optimized with the Yoast SEO plugin v21.0 - https:\/\/yoast.com\/wordpress\/plugins\/seo\/ -->\n<title>Cristian Gentile - Affreschi &amp; Affreschi<\/title>\n<meta name=\"description\" content=\"Cristian Gentile con\u00e7oit la collection exclusive pour Affreschi &amp; Affreschi\" \/>\n<meta name=\"robots\" content=\"index, follow, max-snippet:-1, max-image-preview:large, max-video-preview:-1\" \/>\n<link rel=\"canonical\" href=\"https:\/\/www.infoaffreschi.com\/fr\/cristian-gentile\/\" \/>\n<meta property=\"og:locale\" content=\"fr_FR\" \/>\n<meta property=\"og:type\" content=\"article\" \/>\n<meta property=\"og:title\" content=\"Cristian Gentile - Affreschi &amp; Affreschi\" \/>\n<meta property=\"og:description\" content=\"Cristian Gentile con\u00e7oit la collection exclusive pour Affreschi &amp; Affreschi\" \/>\n<meta property=\"og:url\" content=\"https:\/\/www.infoaffreschi.com\/fr\/cristian-gentile\/\" \/>\n<meta property=\"og:site_name\" content=\"Affreschi &amp; Affreschi\" \/>\n<meta property=\"article:publisher\" content=\"https:\/\/www.facebook.com\/affreschi\" \/>\n<meta property=\"article:modified_time\" content=\"2022-05-02T10:14:56+00:00\" \/>\n<meta name=\"twitter:card\" content=\"summary_large_image\" \/>\n<meta name=\"twitter:label1\" content=\"Dur\u00e9e de lecture estim\u00e9e\" \/>\n\t<meta name=\"twitter:data1\" content=\"1 minute\" \/>\n<script type=\"application\/ld+json\" class=\"yoast-schema-graph\">{\"@context\":\"https:\/\/schema.org\",\"@graph\":[{\"@type\":\"WebPage\",\"@id\":\"https:\/\/www.infoaffreschi.com\/fr\/cristian-gentile\/\",\"url\":\"https:\/\/www.infoaffreschi.com\/fr\/cristian-gentile\/\",\"name\":\"Cristian Gentile - Affreschi &amp; Affreschi\",\"isPartOf\":{\"@id\":\"https:\/\/www.infoaffreschi.com\/#website\"},\"datePublished\":\"2022-04-29T07:11:33+00:00\",\"dateModified\":\"2022-05-02T10:14:56+00:00\",\"description\":\"Cristian Gentile con\u00e7oit la collection exclusive pour Affreschi & Affreschi\",\"breadcrumb\":{\"@id\":\"https:\/\/www.infoaffreschi.com\/fr\/cristian-gentile\/#breadcrumb\"},\"inLanguage\":\"fr-FR\",\"potentialAction\":[{\"@type\":\"ReadAction\",\"target\":[\"https:\/\/www.infoaffreschi.com\/fr\/cristian-gentile\/\"]}]},{\"@type\":\"BreadcrumbList\",\"@id\":\"https:\/\/www.infoaffreschi.com\/fr\/cristian-gentile\/#breadcrumb\",\"itemListElement\":[{\"@type\":\"ListItem\",\"position\":1,\"name\":\"Home\",\"item\":\"https:\/\/www.infoaffreschi.com\/fr\/\"},{\"@type\":\"ListItem\",\"position\":2,\"name\":\"Cristian Gentile\"}]},{\"@type\":\"WebSite\",\"@id\":\"https:\/\/www.infoaffreschi.com\/#website\",\"url\":\"https:\/\/www.infoaffreschi.com\/\",\"name\":\"Affreschi &amp; Affreschi\",\"description\":\"I parati artigianali materici\",\"publisher\":{\"@id\":\"https:\/\/www.infoaffreschi.com\/#organization\"},\"potentialAction\":[{\"@type\":\"SearchAction\",\"target\":{\"@type\":\"EntryPoint\",\"urlTemplate\":\"https:\/\/www.infoaffreschi.com\/?s={search_term_string}\"},\"query-input\":\"required name=search_term_string\"}],\"inLanguage\":\"fr-FR\"},{\"@type\":\"Organization\",\"@id\":\"https:\/\/www.infoaffreschi.com\/#organization\",\"name\":\"Affreschi & Affreschi\",\"url\":\"https:\/\/www.infoaffreschi.com\/\",\"logo\":{\"@type\":\"ImageObject\",\"inLanguage\":\"fr-FR\",\"@id\":\"https:\/\/www.infoaffreschi.com\/#\/schema\/logo\/image\/\",\"url\":\"https:\/\/www.infoaffreschi.com\/wp-content\/uploads\/2019\/09\/LOGO-AFFRESCHI-nuovo.jpg\",\"contentUrl\":\"https:\/\/www.infoaffreschi.com\/wp-content\/uploads\/2019\/09\/LOGO-AFFRESCHI-nuovo.jpg\",\"width\":2000,\"height\":766,\"caption\":\"Affreschi & Affreschi\"},\"image\":{\"@id\":\"https:\/\/www.infoaffreschi.com\/#\/schema\/logo\/image\/\"},\"sameAs\":[\"https:\/\/www.facebook.com\/affreschi\",\"https:\/\/www.instagram.com\/affreschi_e_affreschi\/\",\"https:\/\/www.linkedin.com\/company\/affreschi-&amp;amp;-affreschi?trk=tyah&amp;amp;trkInfo=clickedVertical:company,clickedEntityId:3775726,idx:2-1-2,tarId:1487845305360,tas:affr\",\"https:\/\/www.pinterest.it\/italianfrescoes\/\",\"https:\/\/www.youtube.com\/channel\/UCkM3JCe7yfgUVdFUlbk5VtQ\"]}]}<\/script>\n<!-- \/ Yoast SEO plugin. -->","yoast_head_json":{"title":"Cristian Gentile - Affreschi &amp; Affreschi","description":"Cristian Gentile con\u00e7oit la collection exclusive pour Affreschi & Affreschi","robots":{"index":"index","follow":"follow","max-snippet":"max-snippet:-1","max-image-preview":"max-image-preview:large","max-video-preview":"max-video-preview:-1"},"canonical":"https:\/\/www.infoaffreschi.com\/fr\/cristian-gentile\/","og_locale":"fr_FR","og_type":"article","og_title":"Cristian Gentile - Affreschi &amp; Affreschi","og_description":"Cristian Gentile con\u00e7oit la collection exclusive pour Affreschi & Affreschi","og_url":"https:\/\/www.infoaffreschi.com\/fr\/cristian-gentile\/","og_site_name":"Affreschi &amp; Affreschi","article_publisher":"https:\/\/www.facebook.com\/affreschi","article_modified_time":"2022-05-02T10:14:56+00:00","twitter_card":"summary_large_image","twitter_misc":{"Dur\u00e9e de lecture estim\u00e9e":"1 minute"},"schema":{"@context":"https:\/\/schema.org","@graph":[{"@type":"WebPage","@id":"https:\/\/www.infoaffreschi.com\/fr\/cristian-gentile\/","url":"https:\/\/www.infoaffreschi.com\/fr\/cristian-gentile\/","name":"Cristian Gentile - Affreschi &amp; Affreschi","isPartOf":{"@id":"https:\/\/www.infoaffreschi.com\/#website"},"datePublished":"2022-04-29T07:11:33+00:00","dateModified":"2022-05-02T10:14:56+00:00","description":"Cristian Gentile con\u00e7oit la collection exclusive pour Affreschi & Affreschi","breadcrumb":{"@id":"https:\/\/www.infoaffreschi.com\/fr\/cristian-gentile\/#breadcrumb"},"inLanguage":"fr-FR","potentialAction":[{"@type":"ReadAction","target":["https:\/\/www.infoaffreschi.com\/fr\/cristian-gentile\/"]}]},{"@type":"BreadcrumbList","@id":"https:\/\/www.infoaffreschi.com\/fr\/cristian-gentile\/#breadcrumb","itemListElement":[{"@type":"ListItem","position":1,"name":"Home","item":"https:\/\/www.infoaffreschi.com\/fr\/"},{"@type":"ListItem","position":2,"name":"Cristian Gentile"}]},{"@type":"WebSite","@id":"https:\/\/www.infoaffreschi.com\/#website","url":"https:\/\/www.infoaffreschi.com\/","name":"Affreschi &amp; Affreschi","description":"I parati artigianali materici","publisher":{"@id":"https:\/\/www.infoaffreschi.com\/#organization"},"potentialAction":[{"@type":"SearchAction","target":{"@type":"EntryPoint","urlTemplate":"https:\/\/www.infoaffreschi.com\/?s={search_term_string}"},"query-input":"required name=search_term_string"}],"inLanguage":"fr-FR"},{"@type":"Organization","@id":"https:\/\/www.infoaffreschi.com\/#organization","name":"Affreschi & Affreschi","url":"https:\/\/www.infoaffreschi.com\/","logo":{"@type":"ImageObject","inLanguage":"fr-FR","@id":"https:\/\/www.infoaffreschi.com\/#\/schema\/logo\/image\/","url":"https:\/\/www.infoaffreschi.com\/wp-content\/uploads\/2019\/09\/LOGO-AFFRESCHI-nuovo.jpg","contentUrl":"https:\/\/www.infoaffreschi.com\/wp-content\/uploads\/2019\/09\/LOGO-AFFRESCHI-nuovo.jpg","width":2000,"height":766,"caption":"Affreschi & Affreschi"},"image":{"@id":"https:\/\/www.infoaffreschi.com\/#\/schema\/logo\/image\/"},"sameAs":["https:\/\/www.facebook.com\/affreschi","https:\/\/www.instagram.com\/affreschi_e_affreschi\/","https:\/\/www.linkedin.com\/company\/affreschi-&amp;amp;-affreschi?trk=tyah&amp;amp;trkInfo=clickedVertical:company,clickedEntityId:3775726,idx:2-1-2,tarId:1487845305360,tas:affr","https:\/\/www.pinterest.it\/italianfrescoes\/","https:\/\/www.youtube.com\/channel\/UCkM3JCe7yfgUVdFUlbk5VtQ"]}]}},"_links":{"self":[{"href":"https:\/\/www.infoaffreschi.com\/fr\/wp-json\/wp\/v2\/pages\/25625"}],"collection":[{"href":"https:\/\/www.infoaffreschi.com\/fr\/wp-json\/wp\/v2\/pages"}],"about":[{"href":"https:\/\/www.infoaffreschi.com\/fr\/wp-json\/wp\/v2\/types\/page"}],"author":[{"embeddable":true,"href":"https:\/\/www.infoaffreschi.com\/fr\/wp-json\/wp\/v2\/users\/2"}],"replies":[{"embeddable":true,"href":"https:\/\/www.infoaffreschi.com\/fr\/wp-json\/wp\/v2\/comments?post=25625"}],"version-history":[{"count":5,"href":"https:\/\/www.infoaffreschi.com\/fr\/wp-json\/wp\/v2\/pages\/25625\/revisions"}],"predecessor-version":[{"id":25725,"href":"https:\/\/www.infoaffreschi.com\/fr\/wp-json\/wp\/v2\/pages\/25625\/revisions\/25725"}],"wp:attachment":[{"href":"https:\/\/www.infoaffreschi.com\/fr\/wp-json\/wp\/v2\/media?parent=25625"}],"curies":[{"name":"wp","href":"https:\/\/api.w.org\/{rel}","templated":true}]}}