{"id":26201,"date":"2022-05-18T12:25:54","date_gmt":"2022-05-18T10:25:54","guid":{"rendered":"https:\/\/www.infoaffreschi.com\/?page_id=26201"},"modified":"2022-05-18T12:47:19","modified_gmt":"2022-05-18T10:47:19","slug":"venus-collection-2","status":"publish","type":"page","link":"https:\/\/www.infoaffreschi.com\/fr\/venus-collection-2\/","title":{"rendered":"Venus Collection"},"content":{"rendered":"<section class=\"wpb-content-wrapper\">[vc_row][vc_column][vc_single_image image=\u00a0\u00bb26167&Prime; img_size=\u00a0\u00bbfull\u00a0\u00bb][\/vc_column][\/vc_row][vc_row][vc_column][vc_column_text]\n<h4>Viens d\u00e9couvrir\u00a0en avant-premi\u00e8re <strong>Venus<\/strong>, notre nouvelle collection de papiers peints\u00a0dessin\u00e9e\u00a0par <strong>Milo Manara<\/strong>. Du 6 au 12 Juin, chez <strong>Superstudio<\/strong> dans le quartier Tortona.<br \/>\nOn t&rsquo;attend!<\/h4>\n[\/vc_column_text][\/vc_column][\/vc_row][vc_row][vc_column][vc_column_text]\n<h2><span style=\"color: #333333;\">Venus<\/span><\/h2>\n<p><span style=\"color: #333333;\"><em>designed by<\/em>\u00a0<a href=\"https:\/\/www.infoaffreschi.com\/fr\/milo-manara\/\">Milo Manara<\/a><\/span>[\/vc_column_text][\/vc_column][\/vc_row][vc_row][vc_column width=\u00a0\u00bb2\/5&Prime;][vc_single_image image=\u00a0\u00bb26189&Prime; img_size=\u00a0\u00bbfull\u00a0\u00bb][\/vc_column][vc_column width=\u00a0\u00bb3\/5&Prime;][vc_column_text]\n\u00ab\u00a0Parmi les activit\u00e9s les plus fascinantes qui soient se trouve celle de voyager et de d\u00e9couvrir l\u2019immense beaut\u00e9 que renferme le monde\u00a0: des millions de personnes \u00e0 la recherche d\u2019endroits \u00e0 couper le souffle, d\u2019\u0153uvres que l\u2019\u00eatre humain a r\u00e9alis\u00e9es et qui laissent des traces dans l\u2019\u00e2me de celui qui les observe.\u00a0La recherche du beau est ce qui met le monde en mouvement et les interactions culturelles ce qui l\u2019unit.<br \/>\nC\u2019est en voyageant que j\u2019ai appris que peu sont ceux capables de capter l\u2019essence de qui a su cr\u00e9er une beaut\u00e9 d\u2019une telle puret\u00e9 qu\u2019elle en suscite l\u2019\u00e9merveillement.\u00a0C\u2019est \u00e0 ces personnes que nous d\u00e9dions Venus, une collection de dessins qui ont fait l\u2019histoire de l\u2019art italien et qui ont \u00e9t\u00e9 magistralement con\u00e7us par le Ma\u00eetre en la mati\u00e8re Milo Manara.\u00a0\u00c0 partir d\u2019aujourd\u2019hui, ils deviennent des d\u00e9cors qui am\u00e9nagent des espaces exclusifs, des \u0153uvres \u00e0 admirer avec des yeux qui vont au-del\u00e0 des sens et des \u00e9vidences et qui savent capturer l\u2019essence de cette beaut\u00e9 qui laisse des empreintes ind\u00e9l\u00e9biles en chacun de nous.<\/p>\n<p>J\u2019ai d\u00e9couvert les \u0153uvres de Milo Manara en 2022 dans un caf\u00e9 de Civitanova Marche qui a \u00e9t\u00e9 r\u00e9cemment restaur\u00e9 et qui a r\u00e9ouvert apr\u00e8s de nombreuses ann\u00e9es.\u00a0Jour apr\u00e8s jour, en admirant les vo\u00fbtes peintes du Vecchio Caff\u00e8 Maretto, je pensais \u00e0 mon avenir tout en me rendant compte que j\u2019\u00e9tais en train de r\u00eaver.<br \/>\nVingt ann\u00e9es exactement se sont \u00e9coul\u00e9es depuis ces matin\u00e9es d\u2019un mois de mai pass\u00e9es dans ce caf\u00e9 o\u00f9, sans le savoir, est n\u00e9e Venus \u2013 aujourd\u2019hui la nouvelle collection de Affreschi &amp; Affreschi \u2013 imagin\u00e9e alors que je r\u00eavais, la t\u00eate dans les vo\u00fbtes, le journal sur les jambes et une tasse blanche entre les doigts.\u00a0\u00bb<\/p>\n<p style=\"text-align: right;\"><em>Dario Roselli<\/em><\/p>\n[\/vc_column_text][\/vc_column][\/vc_row][vc_row][vc_column][vc_single_image image=\u00a0\u00bb26210&Prime; img_size=\u00a0\u00bbfull\u00a0\u00bb][\/vc_column][\/vc_row]\n<\/section>","protected":false},"excerpt":{"rendered":"[vc_row][vc_column][vc_single_image image=\u00a0\u00bb26167&Prime; img_size=\u00a0\u00bbfull\u00a0\u00bb][\/vc_column][\/vc_row][vc_row][vc_column][vc_column_text] Viens d\u00e9couvrir\u00a0en avant-premi\u00e8re Venus, notre nouvelle collection de papiers peints\u00a0dessin\u00e9e\u00a0par Milo Manara. Du 6 au 12 Juin, chez Superstudio dans le quartier Tortona. On t&rsquo;attend! [\/vc_column_text][\/vc_column][\/vc_row][vc_row][vc_column][vc_column_text] Venus designed by\u00a0Milo Manara[\/vc_column_text][\/vc_column][\/vc_row][vc_row][vc_column width=\u00a0\u00bb2\/5&Prime;][vc_single_image image=\u00a0\u00bb26189&Prime; img_size=\u00a0\u00bbfull\u00a0\u00bb][\/vc_column][vc_column width=\u00a0\u00bb3\/5&Prime;][vc_column_text] \u00ab\u00a0Parmi les activit\u00e9s les plus fascinantes qui soient se trouve celle de voyager et de d\u00e9couvrir l\u2019immense beaut\u00e9 [&#8230;]\n","protected":false},"author":2,"featured_media":0,"parent":0,"menu_order":0,"comment_status":"closed","ping_status":"closed","template":"","meta":{"_mi_skip_tracking":false,"_monsterinsights_sitenote_active":false,"_monsterinsights_sitenote_note":"","_monsterinsights_sitenote_category":0,"footnotes":""},"yoast_head":"<!-- This site is optimized with the Yoast SEO plugin v21.0 - https:\/\/yoast.com\/wordpress\/plugins\/seo\/ -->\n<title>Venus Collection - Affreschi &amp; Affreschi - Designed by Milo Manara<\/title>\n<meta name=\"description\" content=\"VENUS, la collection de papiers peints textur\u00e9s artisanaux con\u00e7ue par Milo Manara\" \/>\n<meta name=\"robots\" content=\"index, follow, max-snippet:-1, max-image-preview:large, max-video-preview:-1\" \/>\n<link rel=\"canonical\" href=\"https:\/\/www.infoaffreschi.com\/fr\/venus-collection-2\/\" \/>\n<meta property=\"og:locale\" content=\"fr_FR\" \/>\n<meta property=\"og:type\" content=\"article\" \/>\n<meta property=\"og:title\" content=\"Venus Collection - Affreschi &amp; Affreschi - Designed by Milo Manara\" \/>\n<meta property=\"og:description\" content=\"VENUS, la collection de papiers peints textur\u00e9s artisanaux con\u00e7ue par Milo Manara\" \/>\n<meta property=\"og:url\" content=\"https:\/\/www.infoaffreschi.com\/fr\/venus-collection-2\/\" \/>\n<meta property=\"og:site_name\" content=\"Affreschi &amp; Affreschi\" \/>\n<meta property=\"article:publisher\" content=\"https:\/\/www.facebook.com\/affreschi\" \/>\n<meta property=\"article:modified_time\" content=\"2022-05-18T10:47:19+00:00\" \/>\n<meta name=\"twitter:card\" content=\"summary_large_image\" \/>\n<meta name=\"twitter:label1\" content=\"Dur\u00e9e de lecture estim\u00e9e\" \/>\n\t<meta name=\"twitter:data1\" content=\"2 minutes\" \/>\n<script type=\"application\/ld+json\" class=\"yoast-schema-graph\">{\"@context\":\"https:\/\/schema.org\",\"@graph\":[{\"@type\":\"WebPage\",\"@id\":\"https:\/\/www.infoaffreschi.com\/fr\/venus-collection-2\/\",\"url\":\"https:\/\/www.infoaffreschi.com\/fr\/venus-collection-2\/\",\"name\":\"Venus Collection - Affreschi &amp; Affreschi - Designed by Milo Manara\",\"isPartOf\":{\"@id\":\"https:\/\/www.infoaffreschi.com\/#website\"},\"datePublished\":\"2022-05-18T10:25:54+00:00\",\"dateModified\":\"2022-05-18T10:47:19+00:00\",\"description\":\"VENUS, la collection de papiers peints textur\u00e9s artisanaux con\u00e7ue par Milo Manara\",\"breadcrumb\":{\"@id\":\"https:\/\/www.infoaffreschi.com\/fr\/venus-collection-2\/#breadcrumb\"},\"inLanguage\":\"fr-FR\",\"potentialAction\":[{\"@type\":\"ReadAction\",\"target\":[\"https:\/\/www.infoaffreschi.com\/fr\/venus-collection-2\/\"]}]},{\"@type\":\"BreadcrumbList\",\"@id\":\"https:\/\/www.infoaffreschi.com\/fr\/venus-collection-2\/#breadcrumb\",\"itemListElement\":[{\"@type\":\"ListItem\",\"position\":1,\"name\":\"Home\",\"item\":\"https:\/\/www.infoaffreschi.com\/fr\/\"},{\"@type\":\"ListItem\",\"position\":2,\"name\":\"Venus Collection\"}]},{\"@type\":\"WebSite\",\"@id\":\"https:\/\/www.infoaffreschi.com\/#website\",\"url\":\"https:\/\/www.infoaffreschi.com\/\",\"name\":\"Affreschi &amp; Affreschi\",\"description\":\"I parati artigianali materici\",\"publisher\":{\"@id\":\"https:\/\/www.infoaffreschi.com\/#organization\"},\"potentialAction\":[{\"@type\":\"SearchAction\",\"target\":{\"@type\":\"EntryPoint\",\"urlTemplate\":\"https:\/\/www.infoaffreschi.com\/?s={search_term_string}\"},\"query-input\":\"required name=search_term_string\"}],\"inLanguage\":\"fr-FR\"},{\"@type\":\"Organization\",\"@id\":\"https:\/\/www.infoaffreschi.com\/#organization\",\"name\":\"Affreschi & Affreschi\",\"url\":\"https:\/\/www.infoaffreschi.com\/\",\"logo\":{\"@type\":\"ImageObject\",\"inLanguage\":\"fr-FR\",\"@id\":\"https:\/\/www.infoaffreschi.com\/#\/schema\/logo\/image\/\",\"url\":\"https:\/\/www.infoaffreschi.com\/wp-content\/uploads\/2019\/09\/LOGO-AFFRESCHI-nuovo.jpg\",\"contentUrl\":\"https:\/\/www.infoaffreschi.com\/wp-content\/uploads\/2019\/09\/LOGO-AFFRESCHI-nuovo.jpg\",\"width\":2000,\"height\":766,\"caption\":\"Affreschi & Affreschi\"},\"image\":{\"@id\":\"https:\/\/www.infoaffreschi.com\/#\/schema\/logo\/image\/\"},\"sameAs\":[\"https:\/\/www.facebook.com\/affreschi\",\"https:\/\/www.instagram.com\/affreschi_e_affreschi\/\",\"https:\/\/www.linkedin.com\/company\/affreschi-&amp;amp;-affreschi?trk=tyah&amp;amp;trkInfo=clickedVertical:company,clickedEntityId:3775726,idx:2-1-2,tarId:1487845305360,tas:affr\",\"https:\/\/www.pinterest.it\/italianfrescoes\/\",\"https:\/\/www.youtube.com\/channel\/UCkM3JCe7yfgUVdFUlbk5VtQ\"]}]}<\/script>\n<!-- \/ Yoast SEO plugin. -->","yoast_head_json":{"title":"Venus Collection - Affreschi &amp; Affreschi - Designed by Milo Manara","description":"VENUS, la collection de papiers peints textur\u00e9s artisanaux con\u00e7ue par Milo Manara","robots":{"index":"index","follow":"follow","max-snippet":"max-snippet:-1","max-image-preview":"max-image-preview:large","max-video-preview":"max-video-preview:-1"},"canonical":"https:\/\/www.infoaffreschi.com\/fr\/venus-collection-2\/","og_locale":"fr_FR","og_type":"article","og_title":"Venus Collection - Affreschi &amp; Affreschi - Designed by Milo Manara","og_description":"VENUS, la collection de papiers peints textur\u00e9s artisanaux con\u00e7ue par Milo Manara","og_url":"https:\/\/www.infoaffreschi.com\/fr\/venus-collection-2\/","og_site_name":"Affreschi &amp; Affreschi","article_publisher":"https:\/\/www.facebook.com\/affreschi","article_modified_time":"2022-05-18T10:47:19+00:00","twitter_card":"summary_large_image","twitter_misc":{"Dur\u00e9e de lecture estim\u00e9e":"2 minutes"},"schema":{"@context":"https:\/\/schema.org","@graph":[{"@type":"WebPage","@id":"https:\/\/www.infoaffreschi.com\/fr\/venus-collection-2\/","url":"https:\/\/www.infoaffreschi.com\/fr\/venus-collection-2\/","name":"Venus Collection - Affreschi &amp; Affreschi - Designed by Milo Manara","isPartOf":{"@id":"https:\/\/www.infoaffreschi.com\/#website"},"datePublished":"2022-05-18T10:25:54+00:00","dateModified":"2022-05-18T10:47:19+00:00","description":"VENUS, la collection de papiers peints textur\u00e9s artisanaux con\u00e7ue par Milo Manara","breadcrumb":{"@id":"https:\/\/www.infoaffreschi.com\/fr\/venus-collection-2\/#breadcrumb"},"inLanguage":"fr-FR","potentialAction":[{"@type":"ReadAction","target":["https:\/\/www.infoaffreschi.com\/fr\/venus-collection-2\/"]}]},{"@type":"BreadcrumbList","@id":"https:\/\/www.infoaffreschi.com\/fr\/venus-collection-2\/#breadcrumb","itemListElement":[{"@type":"ListItem","position":1,"name":"Home","item":"https:\/\/www.infoaffreschi.com\/fr\/"},{"@type":"ListItem","position":2,"name":"Venus Collection"}]},{"@type":"WebSite","@id":"https:\/\/www.infoaffreschi.com\/#website","url":"https:\/\/www.infoaffreschi.com\/","name":"Affreschi &amp; Affreschi","description":"I parati artigianali materici","publisher":{"@id":"https:\/\/www.infoaffreschi.com\/#organization"},"potentialAction":[{"@type":"SearchAction","target":{"@type":"EntryPoint","urlTemplate":"https:\/\/www.infoaffreschi.com\/?s={search_term_string}"},"query-input":"required name=search_term_string"}],"inLanguage":"fr-FR"},{"@type":"Organization","@id":"https:\/\/www.infoaffreschi.com\/#organization","name":"Affreschi & Affreschi","url":"https:\/\/www.infoaffreschi.com\/","logo":{"@type":"ImageObject","inLanguage":"fr-FR","@id":"https:\/\/www.infoaffreschi.com\/#\/schema\/logo\/image\/","url":"https:\/\/www.infoaffreschi.com\/wp-content\/uploads\/2019\/09\/LOGO-AFFRESCHI-nuovo.jpg","contentUrl":"https:\/\/www.infoaffreschi.com\/wp-content\/uploads\/2019\/09\/LOGO-AFFRESCHI-nuovo.jpg","width":2000,"height":766,"caption":"Affreschi & Affreschi"},"image":{"@id":"https:\/\/www.infoaffreschi.com\/#\/schema\/logo\/image\/"},"sameAs":["https:\/\/www.facebook.com\/affreschi","https:\/\/www.instagram.com\/affreschi_e_affreschi\/","https:\/\/www.linkedin.com\/company\/affreschi-&amp;amp;-affreschi?trk=tyah&amp;amp;trkInfo=clickedVertical:company,clickedEntityId:3775726,idx:2-1-2,tarId:1487845305360,tas:affr","https:\/\/www.pinterest.it\/italianfrescoes\/","https:\/\/www.youtube.com\/channel\/UCkM3JCe7yfgUVdFUlbk5VtQ"]}]}},"_links":{"self":[{"href":"https:\/\/www.infoaffreschi.com\/fr\/wp-json\/wp\/v2\/pages\/26201"}],"collection":[{"href":"https:\/\/www.infoaffreschi.com\/fr\/wp-json\/wp\/v2\/pages"}],"about":[{"href":"https:\/\/www.infoaffreschi.com\/fr\/wp-json\/wp\/v2\/types\/page"}],"author":[{"embeddable":true,"href":"https:\/\/www.infoaffreschi.com\/fr\/wp-json\/wp\/v2\/users\/2"}],"replies":[{"embeddable":true,"href":"https:\/\/www.infoaffreschi.com\/fr\/wp-json\/wp\/v2\/comments?post=26201"}],"version-history":[{"count":9,"href":"https:\/\/www.infoaffreschi.com\/fr\/wp-json\/wp\/v2\/pages\/26201\/revisions"}],"predecessor-version":[{"id":26236,"href":"https:\/\/www.infoaffreschi.com\/fr\/wp-json\/wp\/v2\/pages\/26201\/revisions\/26236"}],"wp:attachment":[{"href":"https:\/\/www.infoaffreschi.com\/fr\/wp-json\/wp\/v2\/media?parent=26201"}],"curies":[{"name":"wp","href":"https:\/\/api.w.org\/{rel}","templated":true}]}}