{"id":30647,"date":"2025-06-04T16:43:34","date_gmt":"2025-06-04T14:43:34","guid":{"rendered":"https:\/\/www.infoaffreschi.com\/brochure\/"},"modified":"2025-06-05T09:35:51","modified_gmt":"2025-06-05T07:35:51","slug":"brochure","status":"publish","type":"page","link":"https:\/\/www.infoaffreschi.com\/fr\/brochure\/","title":{"rendered":"Brochure"},"content":{"rendered":"<section class=\"wpb-content-wrapper\">[vc_row][vc_column][vc_column_text]\n<h3><b>BROCHURE<\/b><\/h3>\n[\/vc_column_text][vc_column_text]\n<div>\n<h3>Une vue d&rsquo;ensemble de notre univers cr\u00e9atif<\/h3>\n<p>&nbsp;<\/p>\n<\/div>\n<div>\n<p class=\"p1\">Cette <strong>brochure<\/strong> fonctionnelle et \u00e9l\u00e9gante est con\u00e7ue pour donner un aper\u00e7u de notre <strong>concept<\/strong> et des <strong>caract\u00e9ristiques distinctives<\/strong> de nos mat\u00e9riaux. D&rsquo;un format de <strong>15&#215;15 cm<\/strong>, elle est accompagn\u00e9e d&rsquo;un <strong>petit \u00e9chantillon de mat\u00e9riau<\/strong> qui vous permet de d\u00e9couvrir la qualit\u00e9 de nos papiers peints fabriqu\u00e9s \u00e0 la main.<\/p>\n<\/div>\n[\/vc_column_text][\/vc_column][\/vc_row][vc_row][vc_column width=\u00a0\u00bb3\/4&Prime;][vc_masonry_media_grid element_width=\u00a0\u00bb6&Prime; grid_id=\u00a0\u00bbvc_gid:1749108851114-e9fde14c-1073-10&Prime; include=\u00a0\u00bb30621,30630,30609,30635,30613&Prime;][\/vc_column][vc_column width=\u00a0\u00bb1\/4&Prime;][vc_column_text]\n<h3 class=\"p1\"><strong>Caract\u00e9ristiques techniques<\/strong><\/h3>\n<ul>\n<li><strong>Format<\/strong>: 15 \u00d7 15 cm<\/li>\n<li><strong>Contenu<\/strong>: description du concept et des caract\u00e9ristiques du mat\u00e9riau<\/li>\n<li><strong>Structure<\/strong>: pliable avec petit \u00e9chantillon de mat\u00e9riau inclus<\/li>\n<\/ul>\n[\/vc_column_text][\/vc_column][\/vc_row]\n<\/section>","protected":false},"excerpt":{"rendered":"[vc_row][vc_column][vc_column_text] BROCHURE [\/vc_column_text][vc_column_text] Une vue d&rsquo;ensemble de notre univers cr\u00e9atif &nbsp; Cette brochure fonctionnelle et \u00e9l\u00e9gante est con\u00e7ue pour donner un aper\u00e7u de notre concept et des caract\u00e9ristiques distinctives de nos mat\u00e9riaux. D&rsquo;un format de 15&#215;15 cm, elle est accompagn\u00e9e d&rsquo;un petit \u00e9chantillon de mat\u00e9riau qui vous permet de d\u00e9couvrir la qualit\u00e9 de nos papiers [&#8230;]\n","protected":false},"author":2,"featured_media":0,"parent":0,"menu_order":0,"comment_status":"closed","ping_status":"closed","template":"","meta":{"_mi_skip_tracking":false,"_monsterinsights_sitenote_active":false,"_monsterinsights_sitenote_note":"","_monsterinsights_sitenote_category":0,"footnotes":""},"yoast_head":"<!-- This site is optimized with the Yoast SEO plugin v21.0 - https:\/\/yoast.com\/wordpress\/plugins\/seo\/ -->\n<title>Brochure - Affreschi &amp; Affreschi<\/title>\n<meta name=\"description\" content=\"Cette brochure fonctionnelle et \u00e9l\u00e9gante est con\u00e7ue pour donner un aper\u00e7u de notre concept etdes caract\u00e9ristiques distinctives de nos mat\u00e9riaux.\" \/>\n<meta name=\"robots\" content=\"index, follow, max-snippet:-1, max-image-preview:large, max-video-preview:-1\" \/>\n<link rel=\"canonical\" href=\"https:\/\/www.infoaffreschi.com\/fr\/brochure\/\" \/>\n<meta property=\"og:locale\" content=\"fr_FR\" \/>\n<meta property=\"og:type\" content=\"article\" \/>\n<meta property=\"og:title\" content=\"Brochure - Affreschi &amp; Affreschi\" \/>\n<meta property=\"og:description\" content=\"Cette brochure fonctionnelle et \u00e9l\u00e9gante est con\u00e7ue pour donner un aper\u00e7u de notre concept etdes caract\u00e9ristiques distinctives de nos mat\u00e9riaux.\" \/>\n<meta property=\"og:url\" content=\"https:\/\/www.infoaffreschi.com\/fr\/brochure\/\" \/>\n<meta property=\"og:site_name\" content=\"Affreschi &amp; Affreschi\" \/>\n<meta property=\"article:publisher\" content=\"https:\/\/www.facebook.com\/affreschi\" \/>\n<meta property=\"article:modified_time\" content=\"2025-06-05T07:35:51+00:00\" \/>\n<meta name=\"twitter:card\" content=\"summary_large_image\" \/>\n<meta name=\"twitter:label1\" content=\"Dur\u00e9e de lecture estim\u00e9e\" \/>\n\t<meta name=\"twitter:data1\" content=\"1 minute\" \/>\n<script type=\"application\/ld+json\" class=\"yoast-schema-graph\">{\"@context\":\"https:\/\/schema.org\",\"@graph\":[{\"@type\":\"WebPage\",\"@id\":\"https:\/\/www.infoaffreschi.com\/fr\/brochure\/\",\"url\":\"https:\/\/www.infoaffreschi.com\/fr\/brochure\/\",\"name\":\"Brochure - Affreschi &amp; Affreschi\",\"isPartOf\":{\"@id\":\"https:\/\/www.infoaffreschi.com\/#website\"},\"datePublished\":\"2025-06-04T14:43:34+00:00\",\"dateModified\":\"2025-06-05T07:35:51+00:00\",\"description\":\"Cette brochure fonctionnelle et \u00e9l\u00e9gante est con\u00e7ue pour donner un aper\u00e7u de notre concept etdes caract\u00e9ristiques distinctives de nos mat\u00e9riaux.\",\"breadcrumb\":{\"@id\":\"https:\/\/www.infoaffreschi.com\/fr\/brochure\/#breadcrumb\"},\"inLanguage\":\"fr-FR\",\"potentialAction\":[{\"@type\":\"ReadAction\",\"target\":[\"https:\/\/www.infoaffreschi.com\/fr\/brochure\/\"]}]},{\"@type\":\"BreadcrumbList\",\"@id\":\"https:\/\/www.infoaffreschi.com\/fr\/brochure\/#breadcrumb\",\"itemListElement\":[{\"@type\":\"ListItem\",\"position\":1,\"name\":\"Home\",\"item\":\"https:\/\/www.infoaffreschi.com\/fr\/\"},{\"@type\":\"ListItem\",\"position\":2,\"name\":\"Brochure\"}]},{\"@type\":\"WebSite\",\"@id\":\"https:\/\/www.infoaffreschi.com\/#website\",\"url\":\"https:\/\/www.infoaffreschi.com\/\",\"name\":\"Affreschi &amp; Affreschi\",\"description\":\"I parati artigianali materici\",\"publisher\":{\"@id\":\"https:\/\/www.infoaffreschi.com\/#organization\"},\"potentialAction\":[{\"@type\":\"SearchAction\",\"target\":{\"@type\":\"EntryPoint\",\"urlTemplate\":\"https:\/\/www.infoaffreschi.com\/?s={search_term_string}\"},\"query-input\":\"required name=search_term_string\"}],\"inLanguage\":\"fr-FR\"},{\"@type\":\"Organization\",\"@id\":\"https:\/\/www.infoaffreschi.com\/#organization\",\"name\":\"Affreschi & Affreschi\",\"url\":\"https:\/\/www.infoaffreschi.com\/\",\"logo\":{\"@type\":\"ImageObject\",\"inLanguage\":\"fr-FR\",\"@id\":\"https:\/\/www.infoaffreschi.com\/#\/schema\/logo\/image\/\",\"url\":\"https:\/\/www.infoaffreschi.com\/wp-content\/uploads\/2019\/09\/LOGO-AFFRESCHI-nuovo.jpg\",\"contentUrl\":\"https:\/\/www.infoaffreschi.com\/wp-content\/uploads\/2019\/09\/LOGO-AFFRESCHI-nuovo.jpg\",\"width\":2000,\"height\":766,\"caption\":\"Affreschi & Affreschi\"},\"image\":{\"@id\":\"https:\/\/www.infoaffreschi.com\/#\/schema\/logo\/image\/\"},\"sameAs\":[\"https:\/\/www.facebook.com\/affreschi\",\"https:\/\/www.instagram.com\/affreschi_e_affreschi\/\",\"https:\/\/www.linkedin.com\/company\/affreschi-&amp;amp;-affreschi?trk=tyah&amp;amp;trkInfo=clickedVertical:company,clickedEntityId:3775726,idx:2-1-2,tarId:1487845305360,tas:affr\",\"https:\/\/www.pinterest.it\/italianfrescoes\/\",\"https:\/\/www.youtube.com\/channel\/UCkM3JCe7yfgUVdFUlbk5VtQ\"]}]}<\/script>\n<!-- \/ Yoast SEO plugin. -->","yoast_head_json":{"title":"Brochure - Affreschi &amp; Affreschi","description":"Cette brochure fonctionnelle et \u00e9l\u00e9gante est con\u00e7ue pour donner un aper\u00e7u de notre concept etdes caract\u00e9ristiques distinctives de nos mat\u00e9riaux.","robots":{"index":"index","follow":"follow","max-snippet":"max-snippet:-1","max-image-preview":"max-image-preview:large","max-video-preview":"max-video-preview:-1"},"canonical":"https:\/\/www.infoaffreschi.com\/fr\/brochure\/","og_locale":"fr_FR","og_type":"article","og_title":"Brochure - Affreschi &amp; Affreschi","og_description":"Cette brochure fonctionnelle et \u00e9l\u00e9gante est con\u00e7ue pour donner un aper\u00e7u de notre concept etdes caract\u00e9ristiques distinctives de nos mat\u00e9riaux.","og_url":"https:\/\/www.infoaffreschi.com\/fr\/brochure\/","og_site_name":"Affreschi &amp; Affreschi","article_publisher":"https:\/\/www.facebook.com\/affreschi","article_modified_time":"2025-06-05T07:35:51+00:00","twitter_card":"summary_large_image","twitter_misc":{"Dur\u00e9e de lecture estim\u00e9e":"1 minute"},"schema":{"@context":"https:\/\/schema.org","@graph":[{"@type":"WebPage","@id":"https:\/\/www.infoaffreschi.com\/fr\/brochure\/","url":"https:\/\/www.infoaffreschi.com\/fr\/brochure\/","name":"Brochure - Affreschi &amp; Affreschi","isPartOf":{"@id":"https:\/\/www.infoaffreschi.com\/#website"},"datePublished":"2025-06-04T14:43:34+00:00","dateModified":"2025-06-05T07:35:51+00:00","description":"Cette brochure fonctionnelle et \u00e9l\u00e9gante est con\u00e7ue pour donner un aper\u00e7u de notre concept etdes caract\u00e9ristiques distinctives de nos mat\u00e9riaux.","breadcrumb":{"@id":"https:\/\/www.infoaffreschi.com\/fr\/brochure\/#breadcrumb"},"inLanguage":"fr-FR","potentialAction":[{"@type":"ReadAction","target":["https:\/\/www.infoaffreschi.com\/fr\/brochure\/"]}]},{"@type":"BreadcrumbList","@id":"https:\/\/www.infoaffreschi.com\/fr\/brochure\/#breadcrumb","itemListElement":[{"@type":"ListItem","position":1,"name":"Home","item":"https:\/\/www.infoaffreschi.com\/fr\/"},{"@type":"ListItem","position":2,"name":"Brochure"}]},{"@type":"WebSite","@id":"https:\/\/www.infoaffreschi.com\/#website","url":"https:\/\/www.infoaffreschi.com\/","name":"Affreschi &amp; Affreschi","description":"I parati artigianali materici","publisher":{"@id":"https:\/\/www.infoaffreschi.com\/#organization"},"potentialAction":[{"@type":"SearchAction","target":{"@type":"EntryPoint","urlTemplate":"https:\/\/www.infoaffreschi.com\/?s={search_term_string}"},"query-input":"required name=search_term_string"}],"inLanguage":"fr-FR"},{"@type":"Organization","@id":"https:\/\/www.infoaffreschi.com\/#organization","name":"Affreschi & Affreschi","url":"https:\/\/www.infoaffreschi.com\/","logo":{"@type":"ImageObject","inLanguage":"fr-FR","@id":"https:\/\/www.infoaffreschi.com\/#\/schema\/logo\/image\/","url":"https:\/\/www.infoaffreschi.com\/wp-content\/uploads\/2019\/09\/LOGO-AFFRESCHI-nuovo.jpg","contentUrl":"https:\/\/www.infoaffreschi.com\/wp-content\/uploads\/2019\/09\/LOGO-AFFRESCHI-nuovo.jpg","width":2000,"height":766,"caption":"Affreschi & Affreschi"},"image":{"@id":"https:\/\/www.infoaffreschi.com\/#\/schema\/logo\/image\/"},"sameAs":["https:\/\/www.facebook.com\/affreschi","https:\/\/www.instagram.com\/affreschi_e_affreschi\/","https:\/\/www.linkedin.com\/company\/affreschi-&amp;amp;-affreschi?trk=tyah&amp;amp;trkInfo=clickedVertical:company,clickedEntityId:3775726,idx:2-1-2,tarId:1487845305360,tas:affr","https:\/\/www.pinterest.it\/italianfrescoes\/","https:\/\/www.youtube.com\/channel\/UCkM3JCe7yfgUVdFUlbk5VtQ"]}]}},"_links":{"self":[{"href":"https:\/\/www.infoaffreschi.com\/fr\/wp-json\/wp\/v2\/pages\/30647"}],"collection":[{"href":"https:\/\/www.infoaffreschi.com\/fr\/wp-json\/wp\/v2\/pages"}],"about":[{"href":"https:\/\/www.infoaffreschi.com\/fr\/wp-json\/wp\/v2\/types\/page"}],"author":[{"embeddable":true,"href":"https:\/\/www.infoaffreschi.com\/fr\/wp-json\/wp\/v2\/users\/2"}],"replies":[{"embeddable":true,"href":"https:\/\/www.infoaffreschi.com\/fr\/wp-json\/wp\/v2\/comments?post=30647"}],"version-history":[{"count":3,"href":"https:\/\/www.infoaffreschi.com\/fr\/wp-json\/wp\/v2\/pages\/30647\/revisions"}],"predecessor-version":[{"id":30670,"href":"https:\/\/www.infoaffreschi.com\/fr\/wp-json\/wp\/v2\/pages\/30647\/revisions\/30670"}],"wp:attachment":[{"href":"https:\/\/www.infoaffreschi.com\/fr\/wp-json\/wp\/v2\/media?parent=30647"}],"curies":[{"name":"wp","href":"https:\/\/api.w.org\/{rel}","templated":true}]}}