{"id":30650,"date":"2025-06-04T16:25:14","date_gmt":"2025-06-04T14:25:14","guid":{"rendered":"https:\/\/www.infoaffreschi.com\/sample-kit\/"},"modified":"2025-06-05T12:33:33","modified_gmt":"2025-06-05T10:33:33","slug":"sample-kit","status":"publish","type":"page","link":"https:\/\/www.infoaffreschi.com\/fr\/sample-kit\/","title":{"rendered":"Sample Kit"},"content":{"rendered":"<section class=\"wpb-content-wrapper\">[vc_row][vc_column][vc_column_text]\n<h3 class=\"p1\"><strong>KIT D&rsquo;\u00c9CHANTILLONS<\/strong><\/h3>\n[\/vc_column_text][vc_column_text]\n<div>\n<h3>L&rsquo;\u00e9l\u00e9gance et la qualit\u00e9 \u00e0 port\u00e9e de main<\/h3>\n<p>&nbsp;<\/p>\n<\/div>\n<div>\n<p class=\"p1\">Il s&rsquo;agit d&rsquo;une s\u00e9lection vari\u00e9e de <strong>cinq \u00e9chantillons de mat\u00e9riaux au format A4<\/strong>, pr\u00e9sent\u00e9s dans une <strong>chemise blanche raffin\u00e9e au toucher doux<\/strong>. Celle-ci illustre de mani\u00e8re pratique les caract\u00e9ristiques particuli\u00e8res de nos fresques. Il vous permet d&rsquo;explorer la texture des mat\u00e9riaux, le <strong>rendu<\/strong> <strong>des couleurs<\/strong> et le dessin dans un format compact. Ce support sp\u00e9cial est parfait pour les pr\u00e9sentations, la cr\u00e9ation de <strong>moodboards<\/strong> et pour \u00eatre combin\u00e9 \u00e0 d&rsquo;autres mat\u00e9riaux.<\/p>\n<\/div>\n[\/vc_column_text][\/vc_column][\/vc_row][vc_row][vc_column width=\u00a0\u00bb3\/4&Prime;][vc_masonry_media_grid element_width=\u00a0\u00bb6&Prime; grid_id=\u00a0\u00bbvc_gid:1749118921534-e7f904a7-d2bb-10&Prime; include=\u00a0\u00bb30575,30587,30595,30583,30591,30579&Prime;][\/vc_column][vc_column width=\u00a0\u00bb1\/4&Prime;][vc_column_text]\n<h3 class=\"p1\"><strong>Caract\u00e9ristiques techniques<\/strong><\/h3>\n<ul>\n<li><strong>Format<\/strong>: pochette A4 au toucher doux.<\/li>\n<li><strong>Contenu<\/strong>: 5 \u00e9chantillons de mat\u00e9riaux s\u00e9lectionn\u00e9s au format A4.<\/li>\n<li><strong>Structure<\/strong>: \u00e9chantillons en vrac, non reli\u00e9s.<\/li>\n<li><strong>Prix<\/strong> : 20 euros<\/li>\n<\/ul>\n[\/vc_column_text][\/vc_column][\/vc_row]\n<\/section>","protected":false},"excerpt":{"rendered":"[vc_row][vc_column][vc_column_text] KIT D&rsquo;\u00c9CHANTILLONS [\/vc_column_text][vc_column_text] L&rsquo;\u00e9l\u00e9gance et la qualit\u00e9 \u00e0 port\u00e9e de main &nbsp; Il s&rsquo;agit d&rsquo;une s\u00e9lection vari\u00e9e de cinq \u00e9chantillons de mat\u00e9riaux au format A4, pr\u00e9sent\u00e9s dans une chemise blanche raffin\u00e9e au toucher doux. Celle-ci illustre de mani\u00e8re pratique les caract\u00e9ristiques particuli\u00e8res de nos fresques. Il vous permet d&rsquo;explorer la texture des mat\u00e9riaux, le [&#8230;]\n","protected":false},"author":2,"featured_media":0,"parent":0,"menu_order":0,"comment_status":"closed","ping_status":"closed","template":"","meta":{"_mi_skip_tracking":false,"_monsterinsights_sitenote_active":false,"_monsterinsights_sitenote_note":"","_monsterinsights_sitenote_category":0,"footnotes":""},"yoast_head":"<!-- This site is optimized with the Yoast SEO plugin v21.0 - https:\/\/yoast.com\/wordpress\/plugins\/seo\/ -->\n<title>Sample Kit - Affreschi &amp; Affreschi<\/title>\n<meta name=\"description\" content=\"Il s&#039;agit d&#039;une s\u00e9lection vari\u00e9e de cinq \u00e9chantillons de mat\u00e9riaux au format A4, pr\u00e9sent\u00e9s dans unechemise blanche raffin\u00e9e au toucher doux.\" \/>\n<meta name=\"robots\" content=\"index, follow, max-snippet:-1, max-image-preview:large, max-video-preview:-1\" \/>\n<link rel=\"canonical\" href=\"https:\/\/www.infoaffreschi.com\/fr\/sample-kit\/\" \/>\n<meta property=\"og:locale\" content=\"fr_FR\" \/>\n<meta property=\"og:type\" content=\"article\" \/>\n<meta property=\"og:title\" content=\"Sample Kit - Affreschi &amp; Affreschi\" \/>\n<meta property=\"og:description\" content=\"Il s&#039;agit d&#039;une s\u00e9lection vari\u00e9e de cinq \u00e9chantillons de mat\u00e9riaux au format A4, pr\u00e9sent\u00e9s dans unechemise blanche raffin\u00e9e au toucher doux.\" \/>\n<meta property=\"og:url\" content=\"https:\/\/www.infoaffreschi.com\/fr\/sample-kit\/\" \/>\n<meta property=\"og:site_name\" content=\"Affreschi &amp; Affreschi\" \/>\n<meta property=\"article:publisher\" content=\"https:\/\/www.facebook.com\/affreschi\" \/>\n<meta property=\"article:modified_time\" content=\"2025-06-05T10:33:33+00:00\" \/>\n<meta name=\"twitter:card\" content=\"summary_large_image\" \/>\n<meta name=\"twitter:label1\" content=\"Dur\u00e9e de lecture estim\u00e9e\" \/>\n\t<meta name=\"twitter:data1\" content=\"1 minute\" \/>\n<script type=\"application\/ld+json\" class=\"yoast-schema-graph\">{\"@context\":\"https:\/\/schema.org\",\"@graph\":[{\"@type\":\"WebPage\",\"@id\":\"https:\/\/www.infoaffreschi.com\/fr\/sample-kit\/\",\"url\":\"https:\/\/www.infoaffreschi.com\/fr\/sample-kit\/\",\"name\":\"Sample Kit - Affreschi &amp; Affreschi\",\"isPartOf\":{\"@id\":\"https:\/\/www.infoaffreschi.com\/#website\"},\"datePublished\":\"2025-06-04T14:25:14+00:00\",\"dateModified\":\"2025-06-05T10:33:33+00:00\",\"description\":\"Il s'agit d'une s\u00e9lection vari\u00e9e de cinq \u00e9chantillons de mat\u00e9riaux au format A4, pr\u00e9sent\u00e9s dans unechemise blanche raffin\u00e9e au toucher doux.\",\"breadcrumb\":{\"@id\":\"https:\/\/www.infoaffreschi.com\/fr\/sample-kit\/#breadcrumb\"},\"inLanguage\":\"fr-FR\",\"potentialAction\":[{\"@type\":\"ReadAction\",\"target\":[\"https:\/\/www.infoaffreschi.com\/fr\/sample-kit\/\"]}]},{\"@type\":\"BreadcrumbList\",\"@id\":\"https:\/\/www.infoaffreschi.com\/fr\/sample-kit\/#breadcrumb\",\"itemListElement\":[{\"@type\":\"ListItem\",\"position\":1,\"name\":\"Home\",\"item\":\"https:\/\/www.infoaffreschi.com\/fr\/\"},{\"@type\":\"ListItem\",\"position\":2,\"name\":\"Sample Kit\"}]},{\"@type\":\"WebSite\",\"@id\":\"https:\/\/www.infoaffreschi.com\/#website\",\"url\":\"https:\/\/www.infoaffreschi.com\/\",\"name\":\"Affreschi &amp; Affreschi\",\"description\":\"I parati artigianali materici\",\"publisher\":{\"@id\":\"https:\/\/www.infoaffreschi.com\/#organization\"},\"potentialAction\":[{\"@type\":\"SearchAction\",\"target\":{\"@type\":\"EntryPoint\",\"urlTemplate\":\"https:\/\/www.infoaffreschi.com\/?s={search_term_string}\"},\"query-input\":\"required name=search_term_string\"}],\"inLanguage\":\"fr-FR\"},{\"@type\":\"Organization\",\"@id\":\"https:\/\/www.infoaffreschi.com\/#organization\",\"name\":\"Affreschi & Affreschi\",\"url\":\"https:\/\/www.infoaffreschi.com\/\",\"logo\":{\"@type\":\"ImageObject\",\"inLanguage\":\"fr-FR\",\"@id\":\"https:\/\/www.infoaffreschi.com\/#\/schema\/logo\/image\/\",\"url\":\"https:\/\/www.infoaffreschi.com\/wp-content\/uploads\/2019\/09\/LOGO-AFFRESCHI-nuovo.jpg\",\"contentUrl\":\"https:\/\/www.infoaffreschi.com\/wp-content\/uploads\/2019\/09\/LOGO-AFFRESCHI-nuovo.jpg\",\"width\":2000,\"height\":766,\"caption\":\"Affreschi & Affreschi\"},\"image\":{\"@id\":\"https:\/\/www.infoaffreschi.com\/#\/schema\/logo\/image\/\"},\"sameAs\":[\"https:\/\/www.facebook.com\/affreschi\",\"https:\/\/www.instagram.com\/affreschi_e_affreschi\/\",\"https:\/\/www.linkedin.com\/company\/affreschi-&amp;amp;-affreschi?trk=tyah&amp;amp;trkInfo=clickedVertical:company,clickedEntityId:3775726,idx:2-1-2,tarId:1487845305360,tas:affr\",\"https:\/\/www.pinterest.it\/italianfrescoes\/\",\"https:\/\/www.youtube.com\/channel\/UCkM3JCe7yfgUVdFUlbk5VtQ\"]}]}<\/script>\n<!-- \/ Yoast SEO plugin. -->","yoast_head_json":{"title":"Sample Kit - Affreschi &amp; Affreschi","description":"Il s'agit d'une s\u00e9lection vari\u00e9e de cinq \u00e9chantillons de mat\u00e9riaux au format A4, pr\u00e9sent\u00e9s dans unechemise blanche raffin\u00e9e au toucher doux.","robots":{"index":"index","follow":"follow","max-snippet":"max-snippet:-1","max-image-preview":"max-image-preview:large","max-video-preview":"max-video-preview:-1"},"canonical":"https:\/\/www.infoaffreschi.com\/fr\/sample-kit\/","og_locale":"fr_FR","og_type":"article","og_title":"Sample Kit - Affreschi &amp; Affreschi","og_description":"Il s'agit d'une s\u00e9lection vari\u00e9e de cinq \u00e9chantillons de mat\u00e9riaux au format A4, pr\u00e9sent\u00e9s dans unechemise blanche raffin\u00e9e au toucher doux.","og_url":"https:\/\/www.infoaffreschi.com\/fr\/sample-kit\/","og_site_name":"Affreschi &amp; Affreschi","article_publisher":"https:\/\/www.facebook.com\/affreschi","article_modified_time":"2025-06-05T10:33:33+00:00","twitter_card":"summary_large_image","twitter_misc":{"Dur\u00e9e de lecture estim\u00e9e":"1 minute"},"schema":{"@context":"https:\/\/schema.org","@graph":[{"@type":"WebPage","@id":"https:\/\/www.infoaffreschi.com\/fr\/sample-kit\/","url":"https:\/\/www.infoaffreschi.com\/fr\/sample-kit\/","name":"Sample Kit - Affreschi &amp; Affreschi","isPartOf":{"@id":"https:\/\/www.infoaffreschi.com\/#website"},"datePublished":"2025-06-04T14:25:14+00:00","dateModified":"2025-06-05T10:33:33+00:00","description":"Il s'agit d'une s\u00e9lection vari\u00e9e de cinq \u00e9chantillons de mat\u00e9riaux au format A4, pr\u00e9sent\u00e9s dans unechemise blanche raffin\u00e9e au toucher doux.","breadcrumb":{"@id":"https:\/\/www.infoaffreschi.com\/fr\/sample-kit\/#breadcrumb"},"inLanguage":"fr-FR","potentialAction":[{"@type":"ReadAction","target":["https:\/\/www.infoaffreschi.com\/fr\/sample-kit\/"]}]},{"@type":"BreadcrumbList","@id":"https:\/\/www.infoaffreschi.com\/fr\/sample-kit\/#breadcrumb","itemListElement":[{"@type":"ListItem","position":1,"name":"Home","item":"https:\/\/www.infoaffreschi.com\/fr\/"},{"@type":"ListItem","position":2,"name":"Sample Kit"}]},{"@type":"WebSite","@id":"https:\/\/www.infoaffreschi.com\/#website","url":"https:\/\/www.infoaffreschi.com\/","name":"Affreschi &amp; Affreschi","description":"I parati artigianali materici","publisher":{"@id":"https:\/\/www.infoaffreschi.com\/#organization"},"potentialAction":[{"@type":"SearchAction","target":{"@type":"EntryPoint","urlTemplate":"https:\/\/www.infoaffreschi.com\/?s={search_term_string}"},"query-input":"required name=search_term_string"}],"inLanguage":"fr-FR"},{"@type":"Organization","@id":"https:\/\/www.infoaffreschi.com\/#organization","name":"Affreschi & Affreschi","url":"https:\/\/www.infoaffreschi.com\/","logo":{"@type":"ImageObject","inLanguage":"fr-FR","@id":"https:\/\/www.infoaffreschi.com\/#\/schema\/logo\/image\/","url":"https:\/\/www.infoaffreschi.com\/wp-content\/uploads\/2019\/09\/LOGO-AFFRESCHI-nuovo.jpg","contentUrl":"https:\/\/www.infoaffreschi.com\/wp-content\/uploads\/2019\/09\/LOGO-AFFRESCHI-nuovo.jpg","width":2000,"height":766,"caption":"Affreschi & Affreschi"},"image":{"@id":"https:\/\/www.infoaffreschi.com\/#\/schema\/logo\/image\/"},"sameAs":["https:\/\/www.facebook.com\/affreschi","https:\/\/www.instagram.com\/affreschi_e_affreschi\/","https:\/\/www.linkedin.com\/company\/affreschi-&amp;amp;-affreschi?trk=tyah&amp;amp;trkInfo=clickedVertical:company,clickedEntityId:3775726,idx:2-1-2,tarId:1487845305360,tas:affr","https:\/\/www.pinterest.it\/italianfrescoes\/","https:\/\/www.youtube.com\/channel\/UCkM3JCe7yfgUVdFUlbk5VtQ"]}]}},"_links":{"self":[{"href":"https:\/\/www.infoaffreschi.com\/fr\/wp-json\/wp\/v2\/pages\/30650"}],"collection":[{"href":"https:\/\/www.infoaffreschi.com\/fr\/wp-json\/wp\/v2\/pages"}],"about":[{"href":"https:\/\/www.infoaffreschi.com\/fr\/wp-json\/wp\/v2\/types\/page"}],"author":[{"embeddable":true,"href":"https:\/\/www.infoaffreschi.com\/fr\/wp-json\/wp\/v2\/users\/2"}],"replies":[{"embeddable":true,"href":"https:\/\/www.infoaffreschi.com\/fr\/wp-json\/wp\/v2\/comments?post=30650"}],"version-history":[{"count":2,"href":"https:\/\/www.infoaffreschi.com\/fr\/wp-json\/wp\/v2\/pages\/30650\/revisions"}],"predecessor-version":[{"id":30703,"href":"https:\/\/www.infoaffreschi.com\/fr\/wp-json\/wp\/v2\/pages\/30650\/revisions\/30703"}],"wp:attachment":[{"href":"https:\/\/www.infoaffreschi.com\/fr\/wp-json\/wp\/v2\/media?parent=30650"}],"curies":[{"name":"wp","href":"https:\/\/api.w.org\/{rel}","templated":true}]}}