{"id":30653,"date":"2025-06-04T16:15:16","date_gmt":"2025-06-04T14:15:16","guid":{"rendered":"https:\/\/www.infoaffreschi.com\/combo\/"},"modified":"2025-06-05T12:06:12","modified_gmt":"2025-06-05T10:06:12","slug":"combo","status":"publish","type":"page","link":"https:\/\/www.infoaffreschi.com\/fr\/combo\/","title":{"rendered":"Combo"},"content":{"rendered":"<section class=\"wpb-content-wrapper\">[vc_row][vc_column][vc_column_text]\n<h3>COMBO MEDLEY PLUS + SAMPLE BOOK<\/h3>\n[\/vc_column_text][vc_column_text]\n<div>\n<h3>Design et mat\u00e9riaux en parfaite harmonie<\/h3>\n<p>&nbsp;<\/p>\n<\/div>\n<div>\n<p class=\"p1\">Pour une <strong>exp\u00e9rience compl\u00e8te<\/strong> combinant l&rsquo;<strong>inspiration visuelle<\/strong> et la <strong>perception des mat\u00e9riaux<\/strong>, nous recommandons l&rsquo;achat de notre combo. En effet, <strong>Medley Plus<\/strong> et <strong>Sample Book<\/strong> se compl\u00e8tent parfaitement et apportent un soutien exclusif aux d\u00e9taillants et aux designers dans la pr\u00e9sentation et la s\u00e9lection de nos solutions d\u00e9coratives.<\/p>\n<\/div>\n[\/vc_column_text][\/vc_column][\/vc_row][vc_row][vc_column width=\u00a0\u00bb3\/4&Prime;][vc_masonry_media_grid element_width=\u00a0\u00bb6&Prime; grid_id=\u00a0\u00bbvc_gid:1749115521375-98a113be-be56-10&Prime; include=\u00a0\u00bb30538,30542,30522,30514,30550,30518,30534,30554,30546,30530&Prime;][\/vc_column][vc_column width=\u00a0\u00bb1\/4&Prime;][vc_column_text]\n<div>\n<h3 style=\"font-weight: 400;\"><strong>Caratteristiche tecniche<\/strong><\/h3>\n<p>&nbsp;<\/p>\n<h3>MEDLEY PLUS:<\/h3>\n<ul>\n<li><strong>Format<\/strong>: 31 \u00d7 44,5 x 4,5 cm<\/li>\n<li><strong>Poids<\/strong>: 2,5 kg<\/li>\n<li><strong>Couverture<\/strong>: couverture rigide recouverte d&rsquo;une toile \u00ab terracotta \u00bb.<\/li>\n<li><strong>Poign\u00e9e<\/strong>: cuir noir, facilement transportable<\/li>\n<li><strong>Contenu<\/strong>: s\u00e9lection de best-sellers de nos collections<\/li>\n<li><strong>\u00c9chantillons de mat\u00e9riaux<\/strong>: 1 \u00e9chantillon de mat\u00e9riau inclus<\/li>\n<\/ul>\n<h3><span style=\"font-size: 20.16px;\">SAMPLE BOOK:<\/span><\/h3>\n<ul>\n<li><strong>Formato<\/strong>: <span style=\"font-size: 14.4px;\">34 \u00d7 24 \u00d7 4 cm<\/span><\/li>\n<li><span style=\"color: #555555; font-size: 14.4px;\"><strong>Dimensions<\/strong>: 34 \u00d7 24 \u00d7 4 cm<\/span><\/li>\n<li><span style=\"color: #555555; font-size: 14.4px;\"><strong>Poids<\/strong>: 1,9 kg.<\/span><\/li>\n<li><span style=\"color: #555555; font-size: 14.4px;\"><strong>Couvercle<\/strong>: toile de couleur terre cuite.- Le dos est muni d&rsquo;un m\u00e9canisme \u00e0 3 anneaux.<\/span><\/li>\n<li><span style=\"color: #555555; font-size: 14.4px;\"><span style=\"color: #555555; font-size: 14.4px;\"><strong>\u00c9chantillons de mat\u00e9riaux<\/strong>: 16 \u00e9chantillons, s\u00e9lection de best-sellers et de nouveaut\u00e9s.<\/span><\/span>&nbsp;<\/li>\n<\/ul>\n<\/div>\n<div>\n<p class=\"p1\"><strong>Prix sp\u00e9cial pour le set<\/strong>: \u20ac150<\/p>\n<\/div>\n[\/vc_column_text][\/vc_column][\/vc_row]\n<\/section>","protected":false},"excerpt":{"rendered":"[vc_row][vc_column][vc_column_text] COMBO MEDLEY PLUS + SAMPLE BOOK [\/vc_column_text][vc_column_text] Design et mat\u00e9riaux en parfaite harmonie &nbsp; Pour une exp\u00e9rience compl\u00e8te combinant l&rsquo;inspiration visuelle et la perception des mat\u00e9riaux, nous recommandons l&rsquo;achat de notre combo. En effet, Medley Plus et Sample Book se compl\u00e8tent parfaitement et apportent un soutien exclusif aux d\u00e9taillants et aux designers dans la [&#8230;]\n","protected":false},"author":2,"featured_media":0,"parent":0,"menu_order":0,"comment_status":"closed","ping_status":"closed","template":"","meta":{"_mi_skip_tracking":false,"_monsterinsights_sitenote_active":false,"_monsterinsights_sitenote_note":"","_monsterinsights_sitenote_category":0,"footnotes":""},"yoast_head":"<!-- This site is optimized with the Yoast SEO plugin v21.0 - https:\/\/yoast.com\/wordpress\/plugins\/seo\/ -->\n<title>Combo - Affreschi &amp; Affreschi<\/title>\n<meta name=\"description\" content=\"Pour une exp\u00e9rience compl\u00e8te combinant l&#039;inspiration visuelle et la perception des mat\u00e9riaux,nous recommandons l&#039;achat de notre combo.\" \/>\n<meta name=\"robots\" content=\"index, follow, max-snippet:-1, max-image-preview:large, max-video-preview:-1\" \/>\n<link rel=\"canonical\" href=\"https:\/\/www.infoaffreschi.com\/fr\/combo\/\" \/>\n<meta property=\"og:locale\" content=\"fr_FR\" \/>\n<meta property=\"og:type\" content=\"article\" \/>\n<meta property=\"og:title\" content=\"Combo - Affreschi &amp; Affreschi\" \/>\n<meta property=\"og:description\" content=\"Pour une exp\u00e9rience compl\u00e8te combinant l&#039;inspiration visuelle et la perception des mat\u00e9riaux,nous recommandons l&#039;achat de notre combo.\" \/>\n<meta property=\"og:url\" content=\"https:\/\/www.infoaffreschi.com\/fr\/combo\/\" \/>\n<meta property=\"og:site_name\" content=\"Affreschi &amp; Affreschi\" \/>\n<meta property=\"article:publisher\" content=\"https:\/\/www.facebook.com\/affreschi\" \/>\n<meta property=\"article:modified_time\" content=\"2025-06-05T10:06:12+00:00\" \/>\n<meta name=\"twitter:card\" content=\"summary_large_image\" \/>\n<meta name=\"twitter:label1\" content=\"Dur\u00e9e de lecture estim\u00e9e\" \/>\n\t<meta name=\"twitter:data1\" content=\"1 minute\" \/>\n<script type=\"application\/ld+json\" class=\"yoast-schema-graph\">{\"@context\":\"https:\/\/schema.org\",\"@graph\":[{\"@type\":\"WebPage\",\"@id\":\"https:\/\/www.infoaffreschi.com\/fr\/combo\/\",\"url\":\"https:\/\/www.infoaffreschi.com\/fr\/combo\/\",\"name\":\"Combo - Affreschi &amp; Affreschi\",\"isPartOf\":{\"@id\":\"https:\/\/www.infoaffreschi.com\/#website\"},\"datePublished\":\"2025-06-04T14:15:16+00:00\",\"dateModified\":\"2025-06-05T10:06:12+00:00\",\"description\":\"Pour une exp\u00e9rience compl\u00e8te combinant l'inspiration visuelle et la perception des mat\u00e9riaux,nous recommandons l'achat de notre combo.\",\"breadcrumb\":{\"@id\":\"https:\/\/www.infoaffreschi.com\/fr\/combo\/#breadcrumb\"},\"inLanguage\":\"fr-FR\",\"potentialAction\":[{\"@type\":\"ReadAction\",\"target\":[\"https:\/\/www.infoaffreschi.com\/fr\/combo\/\"]}]},{\"@type\":\"BreadcrumbList\",\"@id\":\"https:\/\/www.infoaffreschi.com\/fr\/combo\/#breadcrumb\",\"itemListElement\":[{\"@type\":\"ListItem\",\"position\":1,\"name\":\"Home\",\"item\":\"https:\/\/www.infoaffreschi.com\/fr\/\"},{\"@type\":\"ListItem\",\"position\":2,\"name\":\"Combo\"}]},{\"@type\":\"WebSite\",\"@id\":\"https:\/\/www.infoaffreschi.com\/#website\",\"url\":\"https:\/\/www.infoaffreschi.com\/\",\"name\":\"Affreschi &amp; Affreschi\",\"description\":\"I parati artigianali materici\",\"publisher\":{\"@id\":\"https:\/\/www.infoaffreschi.com\/#organization\"},\"potentialAction\":[{\"@type\":\"SearchAction\",\"target\":{\"@type\":\"EntryPoint\",\"urlTemplate\":\"https:\/\/www.infoaffreschi.com\/?s={search_term_string}\"},\"query-input\":\"required name=search_term_string\"}],\"inLanguage\":\"fr-FR\"},{\"@type\":\"Organization\",\"@id\":\"https:\/\/www.infoaffreschi.com\/#organization\",\"name\":\"Affreschi & Affreschi\",\"url\":\"https:\/\/www.infoaffreschi.com\/\",\"logo\":{\"@type\":\"ImageObject\",\"inLanguage\":\"fr-FR\",\"@id\":\"https:\/\/www.infoaffreschi.com\/#\/schema\/logo\/image\/\",\"url\":\"https:\/\/www.infoaffreschi.com\/wp-content\/uploads\/2019\/09\/LOGO-AFFRESCHI-nuovo.jpg\",\"contentUrl\":\"https:\/\/www.infoaffreschi.com\/wp-content\/uploads\/2019\/09\/LOGO-AFFRESCHI-nuovo.jpg\",\"width\":2000,\"height\":766,\"caption\":\"Affreschi & Affreschi\"},\"image\":{\"@id\":\"https:\/\/www.infoaffreschi.com\/#\/schema\/logo\/image\/\"},\"sameAs\":[\"https:\/\/www.facebook.com\/affreschi\",\"https:\/\/www.instagram.com\/affreschi_e_affreschi\/\",\"https:\/\/www.linkedin.com\/company\/affreschi-&amp;amp;-affreschi?trk=tyah&amp;amp;trkInfo=clickedVertical:company,clickedEntityId:3775726,idx:2-1-2,tarId:1487845305360,tas:affr\",\"https:\/\/www.pinterest.it\/italianfrescoes\/\",\"https:\/\/www.youtube.com\/channel\/UCkM3JCe7yfgUVdFUlbk5VtQ\"]}]}<\/script>\n<!-- \/ Yoast SEO plugin. -->","yoast_head_json":{"title":"Combo - Affreschi &amp; Affreschi","description":"Pour une exp\u00e9rience compl\u00e8te combinant l'inspiration visuelle et la perception des mat\u00e9riaux,nous recommandons l'achat de notre combo.","robots":{"index":"index","follow":"follow","max-snippet":"max-snippet:-1","max-image-preview":"max-image-preview:large","max-video-preview":"max-video-preview:-1"},"canonical":"https:\/\/www.infoaffreschi.com\/fr\/combo\/","og_locale":"fr_FR","og_type":"article","og_title":"Combo - Affreschi &amp; Affreschi","og_description":"Pour une exp\u00e9rience compl\u00e8te combinant l'inspiration visuelle et la perception des mat\u00e9riaux,nous recommandons l'achat de notre combo.","og_url":"https:\/\/www.infoaffreschi.com\/fr\/combo\/","og_site_name":"Affreschi &amp; Affreschi","article_publisher":"https:\/\/www.facebook.com\/affreschi","article_modified_time":"2025-06-05T10:06:12+00:00","twitter_card":"summary_large_image","twitter_misc":{"Dur\u00e9e de lecture estim\u00e9e":"1 minute"},"schema":{"@context":"https:\/\/schema.org","@graph":[{"@type":"WebPage","@id":"https:\/\/www.infoaffreschi.com\/fr\/combo\/","url":"https:\/\/www.infoaffreschi.com\/fr\/combo\/","name":"Combo - Affreschi &amp; Affreschi","isPartOf":{"@id":"https:\/\/www.infoaffreschi.com\/#website"},"datePublished":"2025-06-04T14:15:16+00:00","dateModified":"2025-06-05T10:06:12+00:00","description":"Pour une exp\u00e9rience compl\u00e8te combinant l'inspiration visuelle et la perception des mat\u00e9riaux,nous recommandons l'achat de notre combo.","breadcrumb":{"@id":"https:\/\/www.infoaffreschi.com\/fr\/combo\/#breadcrumb"},"inLanguage":"fr-FR","potentialAction":[{"@type":"ReadAction","target":["https:\/\/www.infoaffreschi.com\/fr\/combo\/"]}]},{"@type":"BreadcrumbList","@id":"https:\/\/www.infoaffreschi.com\/fr\/combo\/#breadcrumb","itemListElement":[{"@type":"ListItem","position":1,"name":"Home","item":"https:\/\/www.infoaffreschi.com\/fr\/"},{"@type":"ListItem","position":2,"name":"Combo"}]},{"@type":"WebSite","@id":"https:\/\/www.infoaffreschi.com\/#website","url":"https:\/\/www.infoaffreschi.com\/","name":"Affreschi &amp; Affreschi","description":"I parati artigianali materici","publisher":{"@id":"https:\/\/www.infoaffreschi.com\/#organization"},"potentialAction":[{"@type":"SearchAction","target":{"@type":"EntryPoint","urlTemplate":"https:\/\/www.infoaffreschi.com\/?s={search_term_string}"},"query-input":"required name=search_term_string"}],"inLanguage":"fr-FR"},{"@type":"Organization","@id":"https:\/\/www.infoaffreschi.com\/#organization","name":"Affreschi & Affreschi","url":"https:\/\/www.infoaffreschi.com\/","logo":{"@type":"ImageObject","inLanguage":"fr-FR","@id":"https:\/\/www.infoaffreschi.com\/#\/schema\/logo\/image\/","url":"https:\/\/www.infoaffreschi.com\/wp-content\/uploads\/2019\/09\/LOGO-AFFRESCHI-nuovo.jpg","contentUrl":"https:\/\/www.infoaffreschi.com\/wp-content\/uploads\/2019\/09\/LOGO-AFFRESCHI-nuovo.jpg","width":2000,"height":766,"caption":"Affreschi & Affreschi"},"image":{"@id":"https:\/\/www.infoaffreschi.com\/#\/schema\/logo\/image\/"},"sameAs":["https:\/\/www.facebook.com\/affreschi","https:\/\/www.instagram.com\/affreschi_e_affreschi\/","https:\/\/www.linkedin.com\/company\/affreschi-&amp;amp;-affreschi?trk=tyah&amp;amp;trkInfo=clickedVertical:company,clickedEntityId:3775726,idx:2-1-2,tarId:1487845305360,tas:affr","https:\/\/www.pinterest.it\/italianfrescoes\/","https:\/\/www.youtube.com\/channel\/UCkM3JCe7yfgUVdFUlbk5VtQ"]}]}},"_links":{"self":[{"href":"https:\/\/www.infoaffreschi.com\/fr\/wp-json\/wp\/v2\/pages\/30653"}],"collection":[{"href":"https:\/\/www.infoaffreschi.com\/fr\/wp-json\/wp\/v2\/pages"}],"about":[{"href":"https:\/\/www.infoaffreschi.com\/fr\/wp-json\/wp\/v2\/types\/page"}],"author":[{"embeddable":true,"href":"https:\/\/www.infoaffreschi.com\/fr\/wp-json\/wp\/v2\/users\/2"}],"replies":[{"embeddable":true,"href":"https:\/\/www.infoaffreschi.com\/fr\/wp-json\/wp\/v2\/comments?post=30653"}],"version-history":[{"count":2,"href":"https:\/\/www.infoaffreschi.com\/fr\/wp-json\/wp\/v2\/pages\/30653\/revisions"}],"predecessor-version":[{"id":30695,"href":"https:\/\/www.infoaffreschi.com\/fr\/wp-json\/wp\/v2\/pages\/30653\/revisions\/30695"}],"wp:attachment":[{"href":"https:\/\/www.infoaffreschi.com\/fr\/wp-json\/wp\/v2\/media?parent=30653"}],"curies":[{"name":"wp","href":"https:\/\/api.w.org\/{rel}","templated":true}]}}