{"id":30656,"date":"2025-06-04T15:34:29","date_gmt":"2025-06-04T13:34:29","guid":{"rendered":"https:\/\/www.infoaffreschi.com\/sample-book\/"},"modified":"2025-06-05T11:19:10","modified_gmt":"2025-06-05T09:19:10","slug":"sample-book","status":"publish","type":"page","link":"https:\/\/www.infoaffreschi.com\/fr\/sample-book\/","title":{"rendered":"Sample Book"},"content":{"rendered":"<section class=\"wpb-content-wrapper\">[vc_row][vc_column][vc_column_text]\n<h3>SAMPLE BOOK<\/h3>\n[\/vc_column_text][vc_column_text]\n<div>\n<h3>Un voyage \u00e0 travers la mati\u00e8re et l&rsquo;inspiration<\/h3>\n<p>&nbsp;<\/p>\n<\/div>\n<div>\n<p class=\"p1\">Le <strong>Sample Book<\/strong> est un outil con\u00e7u pour offrir une exp\u00e9rience sensorielle compl\u00e8te, qui va au-del\u00e0 de la simple visualisation des graphiques. Cette collection comprend <strong>16 \u00e9chantillons<\/strong> mat\u00e9riels de nos fresques, une s\u00e9lection de <strong>best-sellers<\/strong> et les <strong>derni\u00e8res nouveaut\u00e9s<\/strong>. Des fragments authentiques de notre art \u00e0 toucher, \u00e0 explorer et \u00e0 combiner.<\/p>\n<p class=\"p1\">Amovibles, les \u00e9chantillons sont parfaits pour cr\u00e9er des <strong>moodboards<\/strong> et d\u00e9finir des combinaisons de couleurs et de mat\u00e9riaux. Cet outil dynamique est mis \u00e0 jour \u00e0 chaque nouvelle collection: de nouveaux \u00e9chantillons sont envoy\u00e9s pour int\u00e9gration afin d&rsquo;offrir une s\u00e9lection de designs toujours \u00e0 jour.<\/p>\n<\/div>\n[\/vc_column_text][\/vc_column][\/vc_row][vc_row][vc_column width=\u00a0\u00bb3\/4&Prime;][vc_masonry_media_grid element_width=\u00a0\u00bb6&Prime; grid_id=\u00a0\u00bbvc_gid:1749115047573-627c3580-7ef8-4&Prime; include=\u00a0\u00bb30451,30475,30479,30483,30487,30459,30491,30471&Prime;][\/vc_column][vc_column width=\u00a0\u00bb1\/4&Prime;][vc_column_text]\n<div>\n<h3 class=\"p1\"><strong>Caract\u00e9ristiques techniques<\/strong><\/h3>\n<p>&nbsp;<\/p>\n<\/div>\n<div>\n<ul>\n<li class=\"p1\"><strong>Dimensions<\/strong>: 34 \u00d7 24 \u00d7 4 cm<\/li>\n<li class=\"p1\"><strong>Poids<\/strong>: 1,9 kg.<\/li>\n<li class=\"p1\"><strong>Couvercle<\/strong>: toile de couleur terre cuite.- Le dos est muni d&rsquo;un m\u00e9canisme \u00e0 3 anneaux.<\/li>\n<li class=\"p1\"><strong>\u00c9chantillons de mat\u00e9riaux<\/strong>: 16 \u00e9chantillons, s\u00e9lection de best-sellers et de nouveaut\u00e9s.<\/li>\n<li class=\"p1\"><strong>Prix<\/strong>: 117 euros<\/li>\n<\/ul>\n<p>&nbsp;<\/p>\n<\/div>\n[\/vc_column_text][\/vc_column][\/vc_row]\n<\/section>","protected":false},"excerpt":{"rendered":"[vc_row][vc_column][vc_column_text] SAMPLE BOOK [\/vc_column_text][vc_column_text] Un voyage \u00e0 travers la mati\u00e8re et l&rsquo;inspiration &nbsp; Le Sample Book est un outil con\u00e7u pour offrir une exp\u00e9rience sensorielle compl\u00e8te, qui va au-del\u00e0 de la simple visualisation des graphiques. Cette collection comprend 16 \u00e9chantillons mat\u00e9riels de nos fresques, une s\u00e9lection de best-sellers et les derni\u00e8res nouveaut\u00e9s. Des fragments authentiques [&#8230;]\n","protected":false},"author":2,"featured_media":0,"parent":0,"menu_order":0,"comment_status":"closed","ping_status":"closed","template":"","meta":{"_mi_skip_tracking":false,"_monsterinsights_sitenote_active":false,"_monsterinsights_sitenote_note":"","_monsterinsights_sitenote_category":0,"footnotes":""},"yoast_head":"<!-- This site is optimized with the Yoast SEO plugin v21.0 - https:\/\/yoast.com\/wordpress\/plugins\/seo\/ -->\n<title>Sample Book - Affreschi &amp; Affreschi<\/title>\n<meta name=\"description\" content=\"Le Sample Book est un outil con\u00e7u pour offrir une exp\u00e9rience sensorielle compl\u00e8te, qui va au-del\u00e0de la simple visualisation des graphiques.\" \/>\n<meta name=\"robots\" content=\"index, follow, max-snippet:-1, max-image-preview:large, max-video-preview:-1\" \/>\n<link rel=\"canonical\" href=\"https:\/\/www.infoaffreschi.com\/fr\/sample-book\/\" \/>\n<meta property=\"og:locale\" content=\"fr_FR\" \/>\n<meta property=\"og:type\" content=\"article\" \/>\n<meta property=\"og:title\" content=\"Sample Book - Affreschi &amp; Affreschi\" \/>\n<meta property=\"og:description\" content=\"Le Sample Book est un outil con\u00e7u pour offrir une exp\u00e9rience sensorielle compl\u00e8te, qui va au-del\u00e0de la simple visualisation des graphiques.\" \/>\n<meta property=\"og:url\" content=\"https:\/\/www.infoaffreschi.com\/fr\/sample-book\/\" \/>\n<meta property=\"og:site_name\" content=\"Affreschi &amp; Affreschi\" \/>\n<meta property=\"article:publisher\" content=\"https:\/\/www.facebook.com\/affreschi\" \/>\n<meta property=\"article:modified_time\" content=\"2025-06-05T09:19:10+00:00\" \/>\n<meta name=\"twitter:card\" content=\"summary_large_image\" \/>\n<meta name=\"twitter:label1\" content=\"Dur\u00e9e de lecture estim\u00e9e\" \/>\n\t<meta name=\"twitter:data1\" content=\"1 minute\" \/>\n<script type=\"application\/ld+json\" class=\"yoast-schema-graph\">{\"@context\":\"https:\/\/schema.org\",\"@graph\":[{\"@type\":\"WebPage\",\"@id\":\"https:\/\/www.infoaffreschi.com\/fr\/sample-book\/\",\"url\":\"https:\/\/www.infoaffreschi.com\/fr\/sample-book\/\",\"name\":\"Sample Book - Affreschi &amp; Affreschi\",\"isPartOf\":{\"@id\":\"https:\/\/www.infoaffreschi.com\/#website\"},\"datePublished\":\"2025-06-04T13:34:29+00:00\",\"dateModified\":\"2025-06-05T09:19:10+00:00\",\"description\":\"Le Sample Book est un outil con\u00e7u pour offrir une exp\u00e9rience sensorielle compl\u00e8te, qui va au-del\u00e0de la simple visualisation des graphiques.\",\"breadcrumb\":{\"@id\":\"https:\/\/www.infoaffreschi.com\/fr\/sample-book\/#breadcrumb\"},\"inLanguage\":\"fr-FR\",\"potentialAction\":[{\"@type\":\"ReadAction\",\"target\":[\"https:\/\/www.infoaffreschi.com\/fr\/sample-book\/\"]}]},{\"@type\":\"BreadcrumbList\",\"@id\":\"https:\/\/www.infoaffreschi.com\/fr\/sample-book\/#breadcrumb\",\"itemListElement\":[{\"@type\":\"ListItem\",\"position\":1,\"name\":\"Home\",\"item\":\"https:\/\/www.infoaffreschi.com\/fr\/\"},{\"@type\":\"ListItem\",\"position\":2,\"name\":\"Sample Book\"}]},{\"@type\":\"WebSite\",\"@id\":\"https:\/\/www.infoaffreschi.com\/#website\",\"url\":\"https:\/\/www.infoaffreschi.com\/\",\"name\":\"Affreschi &amp; Affreschi\",\"description\":\"I parati artigianali materici\",\"publisher\":{\"@id\":\"https:\/\/www.infoaffreschi.com\/#organization\"},\"potentialAction\":[{\"@type\":\"SearchAction\",\"target\":{\"@type\":\"EntryPoint\",\"urlTemplate\":\"https:\/\/www.infoaffreschi.com\/?s={search_term_string}\"},\"query-input\":\"required name=search_term_string\"}],\"inLanguage\":\"fr-FR\"},{\"@type\":\"Organization\",\"@id\":\"https:\/\/www.infoaffreschi.com\/#organization\",\"name\":\"Affreschi & Affreschi\",\"url\":\"https:\/\/www.infoaffreschi.com\/\",\"logo\":{\"@type\":\"ImageObject\",\"inLanguage\":\"fr-FR\",\"@id\":\"https:\/\/www.infoaffreschi.com\/#\/schema\/logo\/image\/\",\"url\":\"https:\/\/www.infoaffreschi.com\/wp-content\/uploads\/2019\/09\/LOGO-AFFRESCHI-nuovo.jpg\",\"contentUrl\":\"https:\/\/www.infoaffreschi.com\/wp-content\/uploads\/2019\/09\/LOGO-AFFRESCHI-nuovo.jpg\",\"width\":2000,\"height\":766,\"caption\":\"Affreschi & Affreschi\"},\"image\":{\"@id\":\"https:\/\/www.infoaffreschi.com\/#\/schema\/logo\/image\/\"},\"sameAs\":[\"https:\/\/www.facebook.com\/affreschi\",\"https:\/\/www.instagram.com\/affreschi_e_affreschi\/\",\"https:\/\/www.linkedin.com\/company\/affreschi-&amp;amp;-affreschi?trk=tyah&amp;amp;trkInfo=clickedVertical:company,clickedEntityId:3775726,idx:2-1-2,tarId:1487845305360,tas:affr\",\"https:\/\/www.pinterest.it\/italianfrescoes\/\",\"https:\/\/www.youtube.com\/channel\/UCkM3JCe7yfgUVdFUlbk5VtQ\"]}]}<\/script>\n<!-- \/ Yoast SEO plugin. -->","yoast_head_json":{"title":"Sample Book - Affreschi &amp; Affreschi","description":"Le Sample Book est un outil con\u00e7u pour offrir une exp\u00e9rience sensorielle compl\u00e8te, qui va au-del\u00e0de la simple visualisation des graphiques.","robots":{"index":"index","follow":"follow","max-snippet":"max-snippet:-1","max-image-preview":"max-image-preview:large","max-video-preview":"max-video-preview:-1"},"canonical":"https:\/\/www.infoaffreschi.com\/fr\/sample-book\/","og_locale":"fr_FR","og_type":"article","og_title":"Sample Book - Affreschi &amp; Affreschi","og_description":"Le Sample Book est un outil con\u00e7u pour offrir une exp\u00e9rience sensorielle compl\u00e8te, qui va au-del\u00e0de la simple visualisation des graphiques.","og_url":"https:\/\/www.infoaffreschi.com\/fr\/sample-book\/","og_site_name":"Affreschi &amp; Affreschi","article_publisher":"https:\/\/www.facebook.com\/affreschi","article_modified_time":"2025-06-05T09:19:10+00:00","twitter_card":"summary_large_image","twitter_misc":{"Dur\u00e9e de lecture estim\u00e9e":"1 minute"},"schema":{"@context":"https:\/\/schema.org","@graph":[{"@type":"WebPage","@id":"https:\/\/www.infoaffreschi.com\/fr\/sample-book\/","url":"https:\/\/www.infoaffreschi.com\/fr\/sample-book\/","name":"Sample Book - Affreschi &amp; Affreschi","isPartOf":{"@id":"https:\/\/www.infoaffreschi.com\/#website"},"datePublished":"2025-06-04T13:34:29+00:00","dateModified":"2025-06-05T09:19:10+00:00","description":"Le Sample Book est un outil con\u00e7u pour offrir une exp\u00e9rience sensorielle compl\u00e8te, qui va au-del\u00e0de la simple visualisation des graphiques.","breadcrumb":{"@id":"https:\/\/www.infoaffreschi.com\/fr\/sample-book\/#breadcrumb"},"inLanguage":"fr-FR","potentialAction":[{"@type":"ReadAction","target":["https:\/\/www.infoaffreschi.com\/fr\/sample-book\/"]}]},{"@type":"BreadcrumbList","@id":"https:\/\/www.infoaffreschi.com\/fr\/sample-book\/#breadcrumb","itemListElement":[{"@type":"ListItem","position":1,"name":"Home","item":"https:\/\/www.infoaffreschi.com\/fr\/"},{"@type":"ListItem","position":2,"name":"Sample Book"}]},{"@type":"WebSite","@id":"https:\/\/www.infoaffreschi.com\/#website","url":"https:\/\/www.infoaffreschi.com\/","name":"Affreschi &amp; Affreschi","description":"I parati artigianali materici","publisher":{"@id":"https:\/\/www.infoaffreschi.com\/#organization"},"potentialAction":[{"@type":"SearchAction","target":{"@type":"EntryPoint","urlTemplate":"https:\/\/www.infoaffreschi.com\/?s={search_term_string}"},"query-input":"required name=search_term_string"}],"inLanguage":"fr-FR"},{"@type":"Organization","@id":"https:\/\/www.infoaffreschi.com\/#organization","name":"Affreschi & Affreschi","url":"https:\/\/www.infoaffreschi.com\/","logo":{"@type":"ImageObject","inLanguage":"fr-FR","@id":"https:\/\/www.infoaffreschi.com\/#\/schema\/logo\/image\/","url":"https:\/\/www.infoaffreschi.com\/wp-content\/uploads\/2019\/09\/LOGO-AFFRESCHI-nuovo.jpg","contentUrl":"https:\/\/www.infoaffreschi.com\/wp-content\/uploads\/2019\/09\/LOGO-AFFRESCHI-nuovo.jpg","width":2000,"height":766,"caption":"Affreschi & Affreschi"},"image":{"@id":"https:\/\/www.infoaffreschi.com\/#\/schema\/logo\/image\/"},"sameAs":["https:\/\/www.facebook.com\/affreschi","https:\/\/www.instagram.com\/affreschi_e_affreschi\/","https:\/\/www.linkedin.com\/company\/affreschi-&amp;amp;-affreschi?trk=tyah&amp;amp;trkInfo=clickedVertical:company,clickedEntityId:3775726,idx:2-1-2,tarId:1487845305360,tas:affr","https:\/\/www.pinterest.it\/italianfrescoes\/","https:\/\/www.youtube.com\/channel\/UCkM3JCe7yfgUVdFUlbk5VtQ"]}]}},"_links":{"self":[{"href":"https:\/\/www.infoaffreschi.com\/fr\/wp-json\/wp\/v2\/pages\/30656"}],"collection":[{"href":"https:\/\/www.infoaffreschi.com\/fr\/wp-json\/wp\/v2\/pages"}],"about":[{"href":"https:\/\/www.infoaffreschi.com\/fr\/wp-json\/wp\/v2\/types\/page"}],"author":[{"embeddable":true,"href":"https:\/\/www.infoaffreschi.com\/fr\/wp-json\/wp\/v2\/users\/2"}],"replies":[{"embeddable":true,"href":"https:\/\/www.infoaffreschi.com\/fr\/wp-json\/wp\/v2\/comments?post=30656"}],"version-history":[{"count":4,"href":"https:\/\/www.infoaffreschi.com\/fr\/wp-json\/wp\/v2\/pages\/30656\/revisions"}],"predecessor-version":[{"id":30689,"href":"https:\/\/www.infoaffreschi.com\/fr\/wp-json\/wp\/v2\/pages\/30656\/revisions\/30689"}],"wp:attachment":[{"href":"https:\/\/www.infoaffreschi.com\/fr\/wp-json\/wp\/v2\/media?parent=30656"}],"curies":[{"name":"wp","href":"https:\/\/api.w.org\/{rel}","templated":true}]}}