{"id":30659,"date":"2025-06-04T15:34:24","date_gmt":"2025-06-04T13:34:24","guid":{"rendered":"https:\/\/www.infoaffreschi.com\/medley-plus\/"},"modified":"2025-06-05T10:47:08","modified_gmt":"2025-06-05T08:47:08","slug":"medley-plus","status":"publish","type":"page","link":"https:\/\/www.infoaffreschi.com\/fr\/medley-plus\/","title":{"rendered":"Medley Plus"},"content":{"rendered":"<section class=\"wpb-content-wrapper\">[vc_row][vc_column][vc_column_text]\n<h3>MEDLEY PLUS<\/h3>\n[\/vc_column_text][vc_column_text]\n<div>\n<h3>L&rsquo;essence de nos collections en un seul catalogue<\/h3>\n<p>&nbsp;<\/p>\n<\/div>\n<div>\n<div>\n<p class=\"p1\"><strong>Medley Plus<\/strong> est un catalogue \u00e9l\u00e9gant qui rassemble les best-sellers de nos collections et vous permet de d\u00e9couvrir le caract\u00e8re unique de notre support sp\u00e9cial \u00e0 base de pl\u00e2tre. Un outil efficace con\u00e7u pour tirer le meilleur parti de notre univers d\u00e9coratif.<\/p>\n<p class=\"p1\">\u00c0 l&rsquo;int\u00e9rieur, chaque dessin est accompagn\u00e9 d&rsquo;un nuancier de <strong>trois couleurs assorties<\/strong>, con\u00e7u pour aider les designers \u00e0 cr\u00e9er des <strong>moodboards<\/strong> et \u00e0 choisir des mat\u00e9riaux et des teintes compl\u00e9mentaires, avec des conseils pratiques et des inspirations cr\u00e9atives pour cr\u00e9er des combinaisons de couleurs harmonieuses.<\/p>\n<\/div>\n<\/div>\n[\/vc_column_text][\/vc_column][\/vc_row][vc_row][vc_column width=\u00a0\u00bb3\/4&Prime;][vc_masonry_media_grid element_width=\u00a0\u00bb6&Prime; grid_id=\u00a0\u00bbvc_gid:1749109969126-d744f4c9-743a-2&Prime; include=\u00a0\u00bb30370,30406,30390,30410,30414,30386,30382,30434,30378&Prime;][\/vc_column][vc_column width=\u00a0\u00bb1\/4&Prime;][vc_column_text]\n<div>\n<h3 style=\"font-weight: 400;\"><strong>Caratteristiche tecniche<\/strong><\/h3>\n<p>&nbsp;<\/p>\n<\/div>\n<div>\n<ul>\n<li><strong>Format<\/strong>: 31 \u00d7 44,5 x 4,5 cm<\/li>\n<li><strong>Poids<\/strong>: 2,5 kg<\/li>\n<li><strong>Couverture<\/strong>: couverture rigide recouverte d&rsquo;une toile \u00ab terracotta \u00bb.<\/li>\n<li><strong>Poign\u00e9e<\/strong>: cuir noir, facilement transportable<\/li>\n<li><strong>Contenu<\/strong>: s\u00e9lection de best-sellers de nos collections<\/li>\n<li><strong>\u00c9chantillons de mat\u00e9riaux<\/strong>: 1 \u00e9chantillon de mat\u00e9riau inclus<\/li>\n<li><strong>Co\u00fbt<\/strong> : 107 \u20ac<\/li>\n<\/ul>\n<\/div>\n[\/vc_column_text][\/vc_column][\/vc_row]\n<\/section>","protected":false},"excerpt":{"rendered":"[vc_row][vc_column][vc_column_text] MEDLEY PLUS [\/vc_column_text][vc_column_text] L&rsquo;essence de nos collections en un seul catalogue &nbsp; Medley Plus est un catalogue \u00e9l\u00e9gant qui rassemble les best-sellers de nos collections et vous permet de d\u00e9couvrir le caract\u00e8re unique de notre support sp\u00e9cial \u00e0 base de pl\u00e2tre. Un outil efficace con\u00e7u pour tirer le meilleur parti de notre univers d\u00e9coratif. [&#8230;]\n","protected":false},"author":2,"featured_media":0,"parent":0,"menu_order":0,"comment_status":"closed","ping_status":"closed","template":"","meta":{"_mi_skip_tracking":false,"_monsterinsights_sitenote_active":false,"_monsterinsights_sitenote_note":"","_monsterinsights_sitenote_category":0,"footnotes":""},"yoast_head":"<!-- This site is optimized with the Yoast SEO plugin v21.0 - https:\/\/yoast.com\/wordpress\/plugins\/seo\/ -->\n<title>Medley Plus - Affreschi &amp; Affreschi<\/title>\n<meta name=\"description\" content=\"Medley Plus est un catalogue \u00e9l\u00e9gant qui rassemble les best-sellers de nos collections et vouspermet de d\u00e9couvrir le caract\u00e8re unique de notre support sp\u00e9cial \u00e0 base de pl\u00e2tre.\" \/>\n<meta name=\"robots\" content=\"index, follow, max-snippet:-1, max-image-preview:large, max-video-preview:-1\" \/>\n<link rel=\"canonical\" href=\"https:\/\/www.infoaffreschi.com\/fr\/medley-plus\/\" \/>\n<meta property=\"og:locale\" content=\"fr_FR\" \/>\n<meta property=\"og:type\" content=\"article\" \/>\n<meta property=\"og:title\" content=\"Medley Plus - Affreschi &amp; Affreschi\" \/>\n<meta property=\"og:description\" content=\"Medley Plus est un catalogue \u00e9l\u00e9gant qui rassemble les best-sellers de nos collections et vouspermet de d\u00e9couvrir le caract\u00e8re unique de notre support sp\u00e9cial \u00e0 base de pl\u00e2tre.\" \/>\n<meta property=\"og:url\" content=\"https:\/\/www.infoaffreschi.com\/fr\/medley-plus\/\" \/>\n<meta property=\"og:site_name\" content=\"Affreschi &amp; Affreschi\" \/>\n<meta property=\"article:publisher\" content=\"https:\/\/www.facebook.com\/affreschi\" \/>\n<meta property=\"article:modified_time\" content=\"2025-06-05T08:47:08+00:00\" \/>\n<meta name=\"twitter:card\" content=\"summary_large_image\" \/>\n<meta name=\"twitter:label1\" content=\"Dur\u00e9e de lecture estim\u00e9e\" \/>\n\t<meta name=\"twitter:data1\" content=\"1 minute\" \/>\n<script type=\"application\/ld+json\" class=\"yoast-schema-graph\">{\"@context\":\"https:\/\/schema.org\",\"@graph\":[{\"@type\":\"WebPage\",\"@id\":\"https:\/\/www.infoaffreschi.com\/fr\/medley-plus\/\",\"url\":\"https:\/\/www.infoaffreschi.com\/fr\/medley-plus\/\",\"name\":\"Medley Plus - Affreschi &amp; Affreschi\",\"isPartOf\":{\"@id\":\"https:\/\/www.infoaffreschi.com\/#website\"},\"datePublished\":\"2025-06-04T13:34:24+00:00\",\"dateModified\":\"2025-06-05T08:47:08+00:00\",\"description\":\"Medley Plus est un catalogue \u00e9l\u00e9gant qui rassemble les best-sellers de nos collections et vouspermet de d\u00e9couvrir le caract\u00e8re unique de notre support sp\u00e9cial \u00e0 base de pl\u00e2tre.\",\"breadcrumb\":{\"@id\":\"https:\/\/www.infoaffreschi.com\/fr\/medley-plus\/#breadcrumb\"},\"inLanguage\":\"fr-FR\",\"potentialAction\":[{\"@type\":\"ReadAction\",\"target\":[\"https:\/\/www.infoaffreschi.com\/fr\/medley-plus\/\"]}]},{\"@type\":\"BreadcrumbList\",\"@id\":\"https:\/\/www.infoaffreschi.com\/fr\/medley-plus\/#breadcrumb\",\"itemListElement\":[{\"@type\":\"ListItem\",\"position\":1,\"name\":\"Home\",\"item\":\"https:\/\/www.infoaffreschi.com\/fr\/\"},{\"@type\":\"ListItem\",\"position\":2,\"name\":\"Medley Plus\"}]},{\"@type\":\"WebSite\",\"@id\":\"https:\/\/www.infoaffreschi.com\/#website\",\"url\":\"https:\/\/www.infoaffreschi.com\/\",\"name\":\"Affreschi &amp; Affreschi\",\"description\":\"I parati artigianali materici\",\"publisher\":{\"@id\":\"https:\/\/www.infoaffreschi.com\/#organization\"},\"potentialAction\":[{\"@type\":\"SearchAction\",\"target\":{\"@type\":\"EntryPoint\",\"urlTemplate\":\"https:\/\/www.infoaffreschi.com\/?s={search_term_string}\"},\"query-input\":\"required name=search_term_string\"}],\"inLanguage\":\"fr-FR\"},{\"@type\":\"Organization\",\"@id\":\"https:\/\/www.infoaffreschi.com\/#organization\",\"name\":\"Affreschi & Affreschi\",\"url\":\"https:\/\/www.infoaffreschi.com\/\",\"logo\":{\"@type\":\"ImageObject\",\"inLanguage\":\"fr-FR\",\"@id\":\"https:\/\/www.infoaffreschi.com\/#\/schema\/logo\/image\/\",\"url\":\"https:\/\/www.infoaffreschi.com\/wp-content\/uploads\/2019\/09\/LOGO-AFFRESCHI-nuovo.jpg\",\"contentUrl\":\"https:\/\/www.infoaffreschi.com\/wp-content\/uploads\/2019\/09\/LOGO-AFFRESCHI-nuovo.jpg\",\"width\":2000,\"height\":766,\"caption\":\"Affreschi & Affreschi\"},\"image\":{\"@id\":\"https:\/\/www.infoaffreschi.com\/#\/schema\/logo\/image\/\"},\"sameAs\":[\"https:\/\/www.facebook.com\/affreschi\",\"https:\/\/www.instagram.com\/affreschi_e_affreschi\/\",\"https:\/\/www.linkedin.com\/company\/affreschi-&amp;amp;-affreschi?trk=tyah&amp;amp;trkInfo=clickedVertical:company,clickedEntityId:3775726,idx:2-1-2,tarId:1487845305360,tas:affr\",\"https:\/\/www.pinterest.it\/italianfrescoes\/\",\"https:\/\/www.youtube.com\/channel\/UCkM3JCe7yfgUVdFUlbk5VtQ\"]}]}<\/script>\n<!-- \/ Yoast SEO plugin. -->","yoast_head_json":{"title":"Medley Plus - Affreschi &amp; Affreschi","description":"Medley Plus est un catalogue \u00e9l\u00e9gant qui rassemble les best-sellers de nos collections et vouspermet de d\u00e9couvrir le caract\u00e8re unique de notre support sp\u00e9cial \u00e0 base de pl\u00e2tre.","robots":{"index":"index","follow":"follow","max-snippet":"max-snippet:-1","max-image-preview":"max-image-preview:large","max-video-preview":"max-video-preview:-1"},"canonical":"https:\/\/www.infoaffreschi.com\/fr\/medley-plus\/","og_locale":"fr_FR","og_type":"article","og_title":"Medley Plus - Affreschi &amp; Affreschi","og_description":"Medley Plus est un catalogue \u00e9l\u00e9gant qui rassemble les best-sellers de nos collections et vouspermet de d\u00e9couvrir le caract\u00e8re unique de notre support sp\u00e9cial \u00e0 base de pl\u00e2tre.","og_url":"https:\/\/www.infoaffreschi.com\/fr\/medley-plus\/","og_site_name":"Affreschi &amp; Affreschi","article_publisher":"https:\/\/www.facebook.com\/affreschi","article_modified_time":"2025-06-05T08:47:08+00:00","twitter_card":"summary_large_image","twitter_misc":{"Dur\u00e9e de lecture estim\u00e9e":"1 minute"},"schema":{"@context":"https:\/\/schema.org","@graph":[{"@type":"WebPage","@id":"https:\/\/www.infoaffreschi.com\/fr\/medley-plus\/","url":"https:\/\/www.infoaffreschi.com\/fr\/medley-plus\/","name":"Medley Plus - Affreschi &amp; Affreschi","isPartOf":{"@id":"https:\/\/www.infoaffreschi.com\/#website"},"datePublished":"2025-06-04T13:34:24+00:00","dateModified":"2025-06-05T08:47:08+00:00","description":"Medley Plus est un catalogue \u00e9l\u00e9gant qui rassemble les best-sellers de nos collections et vouspermet de d\u00e9couvrir le caract\u00e8re unique de notre support sp\u00e9cial \u00e0 base de pl\u00e2tre.","breadcrumb":{"@id":"https:\/\/www.infoaffreschi.com\/fr\/medley-plus\/#breadcrumb"},"inLanguage":"fr-FR","potentialAction":[{"@type":"ReadAction","target":["https:\/\/www.infoaffreschi.com\/fr\/medley-plus\/"]}]},{"@type":"BreadcrumbList","@id":"https:\/\/www.infoaffreschi.com\/fr\/medley-plus\/#breadcrumb","itemListElement":[{"@type":"ListItem","position":1,"name":"Home","item":"https:\/\/www.infoaffreschi.com\/fr\/"},{"@type":"ListItem","position":2,"name":"Medley Plus"}]},{"@type":"WebSite","@id":"https:\/\/www.infoaffreschi.com\/#website","url":"https:\/\/www.infoaffreschi.com\/","name":"Affreschi &amp; Affreschi","description":"I parati artigianali materici","publisher":{"@id":"https:\/\/www.infoaffreschi.com\/#organization"},"potentialAction":[{"@type":"SearchAction","target":{"@type":"EntryPoint","urlTemplate":"https:\/\/www.infoaffreschi.com\/?s={search_term_string}"},"query-input":"required name=search_term_string"}],"inLanguage":"fr-FR"},{"@type":"Organization","@id":"https:\/\/www.infoaffreschi.com\/#organization","name":"Affreschi & Affreschi","url":"https:\/\/www.infoaffreschi.com\/","logo":{"@type":"ImageObject","inLanguage":"fr-FR","@id":"https:\/\/www.infoaffreschi.com\/#\/schema\/logo\/image\/","url":"https:\/\/www.infoaffreschi.com\/wp-content\/uploads\/2019\/09\/LOGO-AFFRESCHI-nuovo.jpg","contentUrl":"https:\/\/www.infoaffreschi.com\/wp-content\/uploads\/2019\/09\/LOGO-AFFRESCHI-nuovo.jpg","width":2000,"height":766,"caption":"Affreschi & Affreschi"},"image":{"@id":"https:\/\/www.infoaffreschi.com\/#\/schema\/logo\/image\/"},"sameAs":["https:\/\/www.facebook.com\/affreschi","https:\/\/www.instagram.com\/affreschi_e_affreschi\/","https:\/\/www.linkedin.com\/company\/affreschi-&amp;amp;-affreschi?trk=tyah&amp;amp;trkInfo=clickedVertical:company,clickedEntityId:3775726,idx:2-1-2,tarId:1487845305360,tas:affr","https:\/\/www.pinterest.it\/italianfrescoes\/","https:\/\/www.youtube.com\/channel\/UCkM3JCe7yfgUVdFUlbk5VtQ"]}]}},"_links":{"self":[{"href":"https:\/\/www.infoaffreschi.com\/fr\/wp-json\/wp\/v2\/pages\/30659"}],"collection":[{"href":"https:\/\/www.infoaffreschi.com\/fr\/wp-json\/wp\/v2\/pages"}],"about":[{"href":"https:\/\/www.infoaffreschi.com\/fr\/wp-json\/wp\/v2\/types\/page"}],"author":[{"embeddable":true,"href":"https:\/\/www.infoaffreschi.com\/fr\/wp-json\/wp\/v2\/users\/2"}],"replies":[{"embeddable":true,"href":"https:\/\/www.infoaffreschi.com\/fr\/wp-json\/wp\/v2\/comments?post=30659"}],"version-history":[{"count":2,"href":"https:\/\/www.infoaffreschi.com\/fr\/wp-json\/wp\/v2\/pages\/30659\/revisions"}],"predecessor-version":[{"id":30679,"href":"https:\/\/www.infoaffreschi.com\/fr\/wp-json\/wp\/v2\/pages\/30659\/revisions\/30679"}],"wp:attachment":[{"href":"https:\/\/www.infoaffreschi.com\/fr\/wp-json\/wp\/v2\/media?parent=30659"}],"curies":[{"name":"wp","href":"https:\/\/api.w.org\/{rel}","templated":true}]}}