{"id":31979,"date":"2026-05-08T10:11:10","date_gmt":"2026-05-08T08:11:10","guid":{"rendered":"https:\/\/www.infoaffreschi.com\/?page_id=31979"},"modified":"2026-05-08T10:11:10","modified_gmt":"2026-05-08T08:11:10","slug":"salone-2026","status":"publish","type":"page","link":"https:\/\/www.infoaffreschi.com\/fr\/salone-2026\/","title":{"rendered":"Salone del Mobile.Milano 2026"},"content":{"rendered":"<section class=\"wpb-content-wrapper\">[vc_row][vc_column][vc_column_text]\n<h3><strong>AFFRESCHI &amp; AFFRESCHI | SALONE DEL MOBILE 2026<\/strong><\/h3>\n<p><em>L\u00e0 o\u00f9 la vision prend forme.<\/em>[\/vc_column_text][\/vc_column][\/vc_row][vc_row][vc_column][vc_column_text]\n<p data-path-to-node=\"4\"><b data-path-to-node=\"4\" data-index-in-node=\"0\">LE MANIFESTE : ETHEREA<\/b><\/p>\n<p>Lors du Salone del Mobile 2026, Affreschi &amp; Affreschi a pr\u00e9sent\u00e9 une fronti\u00e8re subtile o\u00f9 la solidit\u00e9 de la pierre rencontre l\u2019\u00e9vanescence de l\u2019air. C&rsquo;est dans cet espace de pure suggestion qu&rsquo;est n\u00e9e <strong>Etherea<\/strong>, une collection qui invite la mati\u00e8re \u00e0 se faire l\u00e9g\u00e8re. Nous avons transform\u00e9 notre enduit artisanal, un mat\u00e9riau vivant compos\u00e9 de chaux et de poudre de marbre, en une trame de visions o\u00f9 le design contemporain dialogue avec l\u2019\u00e2me ancestrale du mur.<\/p>\n<p>Avec Etherea, la d\u00e9coration ne se contente pas d&rsquo;occuper l&rsquo;espace, elle le lib\u00e8re. Chaque surface expos\u00e9e est une invitation \u00e0 regarder au-del\u00e0, \u00e0 toucher la trame d&rsquo;un r\u00eave devenu substance.[\/vc_column_text][vc_separator][vc_column_text]\n<p data-path-to-node=\"6\"><b data-path-to-node=\"6\" data-index-in-node=\"0\">L&rsquo;\u00c2ME DE LA MATI\u00c8RE : AU-DEL\u00c0 DE LA SURFACE<\/b><\/p>\n<p>Dans notre espace d&rsquo;exposition, la fresque artisanale s&rsquo;est r\u00e9v\u00e9l\u00e9e dans toute sa noblesse et sa vivacit\u00e9. \u00c0 la diff\u00e9rence des rev\u00eatements courants, les \u0153uvres pr\u00e9sent\u00e9es sont le fruit d&rsquo;un m\u00e9lange de chaux naturelle et de poudres de marbre s\u00e9lectionn\u00e9es, appliqu\u00e9 \u00e0 la main selon les m\u00e9thodes traditionnelles italiennes.<\/p>\n<p>C&rsquo;est cette substance tactile, \u00e0 la texture poreuse et irr\u00e9guli\u00e8re, qui restitue la sensation authentique du pl\u00e2tre fait main. Une mati\u00e8re capable d&rsquo;allier l&rsquo;unicit\u00e9 artisanale \u2014 chaque micro-imperfection est un gage d&rsquo;authenticit\u00e9 \u2014 \u00e0 une souplesse artistique surprenante : seulement 1 mm d&rsquo;\u00e9paisseur, pr\u00eate \u00e0 relever tous les d\u00e9fis architecturaux sans jamais perdre son int\u00e9grit\u00e9 de pierre.[\/vc_column_text][vc_column_text]\n<p data-path-to-node=\"8\"><b data-path-to-node=\"3\" data-index-in-node=\"0\">LES CHAPITRES DU DESIGN<\/b><\/p>\n<p data-path-to-node=\"8\">Le r\u00e9cit du stand s&rsquo;est d\u00e9ploy\u00e9 \u00e0 travers les visions des designers qui ont interpr\u00e9t\u00e9 notre mat\u00e9riau, donnant vie \u00e0 des univers h\u00e9t\u00e9rog\u00e8nes et profonds. On passe des <strong>g\u00e9om\u00e9tries rigoureuses de Studio Milo<\/strong>, qui d\u00e9fient la perspective entre solidit\u00e9 et vide, aux <strong>stratifications po\u00e9tiques de Studio Zero<\/strong>, o\u00f9 la chaux \u00e9voque des souvenirs et des fragments historiques. Le regard se porte ensuite sur les<strong> horizons orientaux de Marta Cortese<\/strong>, qui insuffle \u00e0 la fresque la l\u00e9g\u00e8ret\u00e9 de la soie, pour aboutir enfin \u00e0 la <strong>force primordiale de la s\u00e9rie Bali<\/strong>, une reconnexion vitale avec l&rsquo;\u00e9nergie botanique des tropiques. Un voyage choral o\u00f9 chaque surface devient une empreinte du temps sur la peau de l&rsquo;architecture.<\/p>\n[\/vc_column_text][\/vc_column][\/vc_row][vc_row][vc_column][vc_masonry_media_grid initial_loading_animation=\u00a0\u00bbnone\u00a0\u00bb grid_id=\u00a0\u00bbvc_gid:1778227452570-6069c39a-4a78-6&Prime; include=\u00a0\u00bb32262,32210,32026,31990,31998,32098,32002,32090,32066,32014,32018,32038,32030,32022,32142,32042,32266,32046,32050,31986,32054,32058,32086,32062,32070,32082,32094,32102,31994,32106,32110,32222,32118,32122,32126,32138,32146,32150,32114,32154,32130,32010,32158,32162,32166,32170,32174,32178,32182,32074,32186,32218,32190,32194,32034,32006,32198,32202,32206,32214,32226,32234,32238,32078,32242,32246,32250,32254,32134,32258,32230&Prime;][\/vc_column][\/vc_row][vc_row][vc_column][vc_column_text]\n<p data-path-to-node=\"10\">Une fresque n&rsquo;est pas seulement un rev\u00eatement, c&rsquo;est aussi une empreinte du temps laiss\u00e9e sur la peau de l&rsquo;architecture.<\/p>\n[\/vc_column_text][vc_btn title=\u00a0\u00bbD\u00e9couvrez la collection ETHEREA\u00a0\u00bb shape=\u00a0\u00bbsquare\u00a0\u00bb align=\u00a0\u00bbcenter\u00a0\u00bb link=\u00a0\u00bburl:https%3A%2F%2Fwww.infoaffreschi.com%2Ffr%2Fetherea%2F\u00a0\u00bb][\/vc_column][\/vc_row]\n<\/section>","protected":false},"excerpt":{"rendered":"[vc_row][vc_column][vc_column_text] AFFRESCHI &amp; AFFRESCHI | SALONE DEL MOBILE 2026 L\u00e0 o\u00f9 la vision prend forme.[\/vc_column_text][\/vc_column][\/vc_row][vc_row][vc_column][vc_column_text] LE MANIFESTE : ETHEREA Lors du Salone del Mobile 2026, Affreschi &amp; Affreschi a pr\u00e9sent\u00e9 une fronti\u00e8re subtile o\u00f9 la solidit\u00e9 de la pierre rencontre l\u2019\u00e9vanescence de l\u2019air. C&rsquo;est dans cet espace de pure suggestion qu&rsquo;est n\u00e9e Etherea, une collection [&#8230;]\n","protected":false},"author":1,"featured_media":32264,"parent":0,"menu_order":0,"comment_status":"closed","ping_status":"closed","template":"","meta":{"_mi_skip_tracking":false,"_monsterinsights_sitenote_active":false,"_monsterinsights_sitenote_note":"","_monsterinsights_sitenote_category":0,"footnotes":""},"yoast_head":"<!-- This site is optimized with the Yoast SEO plugin v21.0 - https:\/\/yoast.com\/wordpress\/plugins\/seo\/ -->\n<title>Projects | A&amp;A @Salone del Mobile.Milano 2026<\/title>\n<meta name=\"description\" content=\"Entrez dans l&#039;espace A&amp;A au Salone del Mobile 2026 et d\u00e9couvrez Etherea : le r\u00e9cit photographique d&#039;un r\u00eave suspendu entre la pierre et l&#039;air.\" \/>\n<meta name=\"robots\" content=\"index, follow, max-snippet:-1, max-image-preview:large, max-video-preview:-1\" \/>\n<link rel=\"canonical\" href=\"https:\/\/www.infoaffreschi.com\/fr\/salone-2026\/\" \/>\n<meta property=\"og:locale\" content=\"fr_FR\" \/>\n<meta property=\"og:type\" content=\"article\" \/>\n<meta property=\"og:title\" content=\"Projects | A&amp;A @Salone del Mobile.Milano 2026\" \/>\n<meta property=\"og:description\" content=\"Entrez dans l&#039;espace A&amp;A au Salone del Mobile 2026 et d\u00e9couvrez Etherea : le r\u00e9cit photographique d&#039;un r\u00eave suspendu entre la pierre et l&#039;air.\" \/>\n<meta property=\"og:url\" content=\"https:\/\/www.infoaffreschi.com\/fr\/salone-2026\/\" \/>\n<meta property=\"og:site_name\" content=\"Affreschi &amp; Affreschi\" \/>\n<meta property=\"article:publisher\" content=\"https:\/\/www.facebook.com\/affreschi\" \/>\n<meta property=\"og:image\" content=\"https:\/\/www.infoaffreschi.com\/wp-content\/uploads\/2026\/05\/IMG_8810.jpg\" \/>\n\t<meta property=\"og:image:width\" content=\"1200\" \/>\n\t<meta property=\"og:image:height\" content=\"1800\" \/>\n\t<meta property=\"og:image:type\" content=\"image\/jpeg\" \/>\n<meta name=\"twitter:card\" content=\"summary_large_image\" \/>\n<meta name=\"twitter:label1\" content=\"Dur\u00e9e de lecture estim\u00e9e\" \/>\n\t<meta name=\"twitter:data1\" content=\"3 minutes\" \/>\n<script type=\"application\/ld+json\" class=\"yoast-schema-graph\">{\"@context\":\"https:\/\/schema.org\",\"@graph\":[{\"@type\":\"WebPage\",\"@id\":\"https:\/\/www.infoaffreschi.com\/fr\/salone-2026\/\",\"url\":\"https:\/\/www.infoaffreschi.com\/fr\/salone-2026\/\",\"name\":\"Projects | A&A @Salone del Mobile.Milano 2026\",\"isPartOf\":{\"@id\":\"https:\/\/www.infoaffreschi.com\/#website\"},\"datePublished\":\"2026-05-08T08:11:10+00:00\",\"dateModified\":\"2026-05-08T08:11:10+00:00\",\"description\":\"Entrez dans l'espace A&A au Salone del Mobile 2026 et d\u00e9couvrez Etherea : le r\u00e9cit photographique d'un r\u00eave suspendu entre la pierre et l'air.\",\"breadcrumb\":{\"@id\":\"https:\/\/www.infoaffreschi.com\/fr\/salone-2026\/#breadcrumb\"},\"inLanguage\":\"fr-FR\",\"potentialAction\":[{\"@type\":\"ReadAction\",\"target\":[\"https:\/\/www.infoaffreschi.com\/fr\/salone-2026\/\"]}]},{\"@type\":\"BreadcrumbList\",\"@id\":\"https:\/\/www.infoaffreschi.com\/fr\/salone-2026\/#breadcrumb\",\"itemListElement\":[{\"@type\":\"ListItem\",\"position\":1,\"name\":\"Home\",\"item\":\"https:\/\/www.infoaffreschi.com\/fr\/\"},{\"@type\":\"ListItem\",\"position\":2,\"name\":\"Salone del Mobile.Milano 2026\"}]},{\"@type\":\"WebSite\",\"@id\":\"https:\/\/www.infoaffreschi.com\/#website\",\"url\":\"https:\/\/www.infoaffreschi.com\/\",\"name\":\"Affreschi &amp; Affreschi\",\"description\":\"I parati artigianali materici\",\"publisher\":{\"@id\":\"https:\/\/www.infoaffreschi.com\/#organization\"},\"potentialAction\":[{\"@type\":\"SearchAction\",\"target\":{\"@type\":\"EntryPoint\",\"urlTemplate\":\"https:\/\/www.infoaffreschi.com\/?s={search_term_string}\"},\"query-input\":\"required name=search_term_string\"}],\"inLanguage\":\"fr-FR\"},{\"@type\":\"Organization\",\"@id\":\"https:\/\/www.infoaffreschi.com\/#organization\",\"name\":\"Affreschi & Affreschi\",\"url\":\"https:\/\/www.infoaffreschi.com\/\",\"logo\":{\"@type\":\"ImageObject\",\"inLanguage\":\"fr-FR\",\"@id\":\"https:\/\/www.infoaffreschi.com\/#\/schema\/logo\/image\/\",\"url\":\"https:\/\/www.infoaffreschi.com\/wp-content\/uploads\/2019\/09\/LOGO-AFFRESCHI-nuovo.jpg\",\"contentUrl\":\"https:\/\/www.infoaffreschi.com\/wp-content\/uploads\/2019\/09\/LOGO-AFFRESCHI-nuovo.jpg\",\"width\":2000,\"height\":766,\"caption\":\"Affreschi & Affreschi\"},\"image\":{\"@id\":\"https:\/\/www.infoaffreschi.com\/#\/schema\/logo\/image\/\"},\"sameAs\":[\"https:\/\/www.facebook.com\/affreschi\",\"https:\/\/www.instagram.com\/affreschi_e_affreschi\/\",\"https:\/\/www.linkedin.com\/company\/affreschi-&amp;amp;-affreschi?trk=tyah&amp;amp;trkInfo=clickedVertical:company,clickedEntityId:3775726,idx:2-1-2,tarId:1487845305360,tas:affr\",\"https:\/\/www.pinterest.it\/italianfrescoes\/\",\"https:\/\/www.youtube.com\/channel\/UCkM3JCe7yfgUVdFUlbk5VtQ\"]}]}<\/script>\n<!-- \/ Yoast SEO plugin. -->","yoast_head_json":{"title":"Projects | A&A @Salone del Mobile.Milano 2026","description":"Entrez dans l'espace A&A au Salone del Mobile 2026 et d\u00e9couvrez Etherea : le r\u00e9cit photographique d'un r\u00eave suspendu entre la pierre et l'air.","robots":{"index":"index","follow":"follow","max-snippet":"max-snippet:-1","max-image-preview":"max-image-preview:large","max-video-preview":"max-video-preview:-1"},"canonical":"https:\/\/www.infoaffreschi.com\/fr\/salone-2026\/","og_locale":"fr_FR","og_type":"article","og_title":"Projects | A&A @Salone del Mobile.Milano 2026","og_description":"Entrez dans l'espace A&A au Salone del Mobile 2026 et d\u00e9couvrez Etherea : le r\u00e9cit photographique d'un r\u00eave suspendu entre la pierre et l'air.","og_url":"https:\/\/www.infoaffreschi.com\/fr\/salone-2026\/","og_site_name":"Affreschi &amp; Affreschi","article_publisher":"https:\/\/www.facebook.com\/affreschi","og_image":[{"width":1200,"height":1800,"url":"https:\/\/www.infoaffreschi.com\/wp-content\/uploads\/2026\/05\/IMG_8810.jpg","type":"image\/jpeg"}],"twitter_card":"summary_large_image","twitter_misc":{"Dur\u00e9e de lecture estim\u00e9e":"3 minutes"},"schema":{"@context":"https:\/\/schema.org","@graph":[{"@type":"WebPage","@id":"https:\/\/www.infoaffreschi.com\/fr\/salone-2026\/","url":"https:\/\/www.infoaffreschi.com\/fr\/salone-2026\/","name":"Projects | A&A @Salone del Mobile.Milano 2026","isPartOf":{"@id":"https:\/\/www.infoaffreschi.com\/#website"},"datePublished":"2026-05-08T08:11:10+00:00","dateModified":"2026-05-08T08:11:10+00:00","description":"Entrez dans l'espace A&A au Salone del Mobile 2026 et d\u00e9couvrez Etherea : le r\u00e9cit photographique d'un r\u00eave suspendu entre la pierre et l'air.","breadcrumb":{"@id":"https:\/\/www.infoaffreschi.com\/fr\/salone-2026\/#breadcrumb"},"inLanguage":"fr-FR","potentialAction":[{"@type":"ReadAction","target":["https:\/\/www.infoaffreschi.com\/fr\/salone-2026\/"]}]},{"@type":"BreadcrumbList","@id":"https:\/\/www.infoaffreschi.com\/fr\/salone-2026\/#breadcrumb","itemListElement":[{"@type":"ListItem","position":1,"name":"Home","item":"https:\/\/www.infoaffreschi.com\/fr\/"},{"@type":"ListItem","position":2,"name":"Salone del Mobile.Milano 2026"}]},{"@type":"WebSite","@id":"https:\/\/www.infoaffreschi.com\/#website","url":"https:\/\/www.infoaffreschi.com\/","name":"Affreschi &amp; Affreschi","description":"I parati artigianali materici","publisher":{"@id":"https:\/\/www.infoaffreschi.com\/#organization"},"potentialAction":[{"@type":"SearchAction","target":{"@type":"EntryPoint","urlTemplate":"https:\/\/www.infoaffreschi.com\/?s={search_term_string}"},"query-input":"required name=search_term_string"}],"inLanguage":"fr-FR"},{"@type":"Organization","@id":"https:\/\/www.infoaffreschi.com\/#organization","name":"Affreschi & Affreschi","url":"https:\/\/www.infoaffreschi.com\/","logo":{"@type":"ImageObject","inLanguage":"fr-FR","@id":"https:\/\/www.infoaffreschi.com\/#\/schema\/logo\/image\/","url":"https:\/\/www.infoaffreschi.com\/wp-content\/uploads\/2019\/09\/LOGO-AFFRESCHI-nuovo.jpg","contentUrl":"https:\/\/www.infoaffreschi.com\/wp-content\/uploads\/2019\/09\/LOGO-AFFRESCHI-nuovo.jpg","width":2000,"height":766,"caption":"Affreschi & Affreschi"},"image":{"@id":"https:\/\/www.infoaffreschi.com\/#\/schema\/logo\/image\/"},"sameAs":["https:\/\/www.facebook.com\/affreschi","https:\/\/www.instagram.com\/affreschi_e_affreschi\/","https:\/\/www.linkedin.com\/company\/affreschi-&amp;amp;-affreschi?trk=tyah&amp;amp;trkInfo=clickedVertical:company,clickedEntityId:3775726,idx:2-1-2,tarId:1487845305360,tas:affr","https:\/\/www.pinterest.it\/italianfrescoes\/","https:\/\/www.youtube.com\/channel\/UCkM3JCe7yfgUVdFUlbk5VtQ"]}]}},"_links":{"self":[{"href":"https:\/\/www.infoaffreschi.com\/fr\/wp-json\/wp\/v2\/pages\/31979"}],"collection":[{"href":"https:\/\/www.infoaffreschi.com\/fr\/wp-json\/wp\/v2\/pages"}],"about":[{"href":"https:\/\/www.infoaffreschi.com\/fr\/wp-json\/wp\/v2\/types\/page"}],"author":[{"embeddable":true,"href":"https:\/\/www.infoaffreschi.com\/fr\/wp-json\/wp\/v2\/users\/1"}],"replies":[{"embeddable":true,"href":"https:\/\/www.infoaffreschi.com\/fr\/wp-json\/wp\/v2\/comments?post=31979"}],"version-history":[{"count":4,"href":"https:\/\/www.infoaffreschi.com\/fr\/wp-json\/wp\/v2\/pages\/31979\/revisions"}],"predecessor-version":[{"id":32277,"href":"https:\/\/www.infoaffreschi.com\/fr\/wp-json\/wp\/v2\/pages\/31979\/revisions\/32277"}],"wp:featuredmedia":[{"embeddable":true,"href":"https:\/\/www.infoaffreschi.com\/fr\/wp-json\/wp\/v2\/media\/32264"}],"wp:attachment":[{"href":"https:\/\/www.infoaffreschi.com\/fr\/wp-json\/wp\/v2\/media?parent=31979"}],"curies":[{"name":"wp","href":"https:\/\/api.w.org\/{rel}","templated":true}]}}